{"id":2882,"date":"2023-07-18T12:00:56","date_gmt":"2023-07-18T12:00:56","guid":{"rendered":"https:\/\/www.teammeter.com\/?page_id=2882"},"modified":"2024-05-24T09:03:50","modified_gmt":"2024-05-24T09:03:50","slug":"partner","status":"publish","type":"page","link":"https:\/\/www.teammeter.com\/de\/partners\/","title":{"rendered":"Partner"},"content":{"rendered":"<div class=\"gb-container gb-container-46315931\">\n\n<h1 class=\"wp-block-heading has-text-align-center\">Partner<\/h1>\n\n<\/div>\n\n<div class=\"gb-container gb-container-15eb073f\">\n<div class=\"gb-grid-wrapper gb-grid-wrapper-ac6e9bf2\">\n<div class=\"gb-grid-column gb-grid-column-511819f0\"><div class=\"gb-container gb-container-511819f0\">\n\n<figure class=\"wp-block-image size-thumbnail\"><img decoding=\"async\" width=\"150\" height=\"150\" src=\"https:\/\/www.teammeter.com\/wp-content\/uploads\/2023\/07\/TechQuartier-150x150.png\" alt=\"\" class=\"wp-image-2877\" srcset=\"https:\/\/www.teammeter.com\/wp-content\/uploads\/2023\/07\/TechQuartier-150x150.png 150w, https:\/\/www.teammeter.com\/wp-content\/uploads\/2023\/07\/TechQuartier-12x12.png 12w, https:\/\/www.teammeter.com\/wp-content\/uploads\/2023\/07\/TechQuartier.png 225w\" sizes=\"(max-width: 150px) 100vw, 150px\" \/><\/figure>\n\n<\/div><\/div>\n\n<div class=\"gb-grid-column gb-grid-column-df1774db\"><div class=\"gb-container gb-container-df1774db\">\n\n<p>AgileValue ist Mitglied der Startup-Community des TechQuartiers in Frankfurt.<br><br>Website: <a href=\"http:\/\/www.techquartier.com\" data-type=\"URL\" data-id=\"www.techquartier.com\" target=\"_blank\" rel=\"noopener\">www.techquartier.com<\/a><\/p>\n\n<\/div><\/div>\n<\/div>\n<\/div>\n\n<div class=\"gb-container gb-container-c530c0ec\">\n<div class=\"gb-grid-wrapper gb-grid-wrapper-e6256c66\">\n<div class=\"gb-grid-column gb-grid-column-b3be39aa\"><div class=\"gb-container gb-container-b3be39aa\">\n\n<figure class=\"wp-block-image size-full\"><img decoding=\"async\" width=\"180\" height=\"180\" src=\"https:\/\/www.teammeter.com\/wp-content\/uploads\/2023\/07\/logoslogos_cleanedunibator-an-.max-400x200.format-webp.webp\" alt=\"\" class=\"wp-image-2878\" srcset=\"https:\/\/www.teammeter.com\/wp-content\/uploads\/2023\/07\/logoslogos_cleanedunibator-an-.max-400x200.format-webp.webp 180w, https:\/\/www.teammeter.com\/wp-content\/uploads\/2023\/07\/logoslogos_cleanedunibator-an-.max-400x200.format-webp-150x150.webp 150w, https:\/\/www.teammeter.com\/wp-content\/uploads\/2023\/07\/logoslogos_cleanedunibator-an-.max-400x200.format-webp-12x12.webp 12w\" sizes=\"(max-width: 180px) 100vw, 180px\" \/><\/figure>\n\n<\/div><\/div>\n\n<div class=\"gb-grid-column gb-grid-column-5b877741\"><div class=\"gb-container gb-container-5b877741\">\n\n<p>AgileValue ist Teil des Unibator Startup Programms der Goethe Universit\u00e4t in Frankfurt.<br><br>Website: <a href=\"https:\/\/goetheunibator.de\/\" target=\"_blank\" rel=\"noopener\">https:\/\/goetheunibator.de\/<\/a><\/p>\n\n\n\n<p><\/p>\n\n<\/div><\/div>\n<\/div>\n<\/div>\n\n<div class=\"gb-container gb-container-f6dc4af4\">\n<div class=\"gb-grid-wrapper gb-grid-wrapper-852a212c\">\n<div class=\"gb-grid-column gb-grid-column-10987261\"><div class=\"gb-container gb-container-10987261\">\n\n<figure class=\"wp-block-image size-full is-resized\"><img decoding=\"async\" width=\"657\" height=\"657\" src=\"https:\/\/www.teammeter.com\/wp-content\/uploads\/2023\/07\/Round_purple.png\" alt=\"\" class=\"wp-image-2933\" style=\"width:180px;height:180px\" srcset=\"https:\/\/www.teammeter.com\/wp-content\/uploads\/2023\/07\/Round_purple.png 657w, https:\/\/www.teammeter.com\/wp-content\/uploads\/2023\/07\/Round_purple-300x300.png 300w, https:\/\/www.teammeter.com\/wp-content\/uploads\/2023\/07\/Round_purple-150x150.png 150w, https:\/\/www.teammeter.com\/wp-content\/uploads\/2023\/07\/Round_purple-12x12.png 12w\" sizes=\"(max-width: 657px) 100vw, 657px\" \/><\/figure>\n\n<\/div><\/div>\n\n<div class=\"gb-grid-column gb-grid-column-04d2217a\"><div class=\"gb-container gb-container-04d2217a\">\n\n<p><a href=\"https:\/\/acgraber.com\/\" target=\"_blank\" rel=\"noopener\">acG Management Solutions<\/a> ist ein Unternehmen f\u00fcr Ver\u00e4nderungs- und Organisationsberatung. Wir unterst\u00fctzen internationale Abteilungen und Teams in organisatorischen Ver\u00e4nderungsprozessen, ihre Herausforderungen gemeinsam zu identifizieren und zu l\u00f6sen.<br><\/p>\n\n<\/div><\/div>\n<\/div>\n<\/div>\n\n\n<p><\/p>","protected":false},"excerpt":{"rendered":"<p>Partner<\/p>","protected":false},"author":2,"featured_media":0,"parent":0,"menu_order":0,"comment_status":"closed","ping_status":"closed","template":"","meta":{"inline_featured_image":false,"footnotes":""},"class_list":["post-2882","page","type-page","status-publish"],"_links":{"self":[{"href":"https:\/\/www.teammeter.com\/de\/wp-json\/wp\/v2\/pages\/2882","targetHints":{"allow":["GET"]}}],"collection":[{"href":"https:\/\/www.teammeter.com\/de\/wp-json\/wp\/v2\/pages"}],"about":[{"href":"https:\/\/www.teammeter.com\/de\/wp-json\/wp\/v2\/types\/page"}],"author":[{"embeddable":true,"href":"https:\/\/www.teammeter.com\/de\/wp-json\/wp\/v2\/users\/2"}],"replies":[{"embeddable":true,"href":"https:\/\/www.teammeter.com\/de\/wp-json\/wp\/v2\/comments?post=2882"}],"version-history":[{"count":13,"href":"https:\/\/www.teammeter.com\/de\/wp-json\/wp\/v2\/pages\/2882\/revisions"}],"predecessor-version":[{"id":5181,"href":"https:\/\/www.teammeter.com\/de\/wp-json\/wp\/v2\/pages\/2882\/revisions\/5181"}],"wp:attachment":[{"href":"https:\/\/www.teammeter.com\/de\/wp-json\/wp\/v2\/media?parent=2882"}],"curies":[{"name":"wp","href":"https:\/\/api.w.org\/{rel}","templated":true}]}}