{"id":4167,"date":"2023-11-29T15:50:35","date_gmt":"2023-11-29T15:50:35","guid":{"rendered":"https:\/\/www.teammeter.com\/?page_id=4167"},"modified":"2023-11-29T16:00:47","modified_gmt":"2023-11-29T16:00:47","slug":"partnerschaftsprogramm","status":"publish","type":"page","link":"https:\/\/www.teammeter.com\/de\/partnership-program\/","title":{"rendered":"Partnerschaftsprogramm"},"content":{"rendered":"<h2 class=\"wp-block-heading\">Einleitung<\/h2>\n\n\n\n<p>teammeter ist eine Software, die Organisationen dabei unterst\u00fctzt, mehr Transparenz zu schaffen, um die Organisation kontinuierlich zu verbessern.<\/p>\n\n\n\n<p>Die Philosophie von teammeter basiert auf Selbstorganisation: Die Mitarbeiter sollen selbst entscheiden, was und wie sie sich entwickeln wollen.<\/p>\n\n\n\n<p>Um agile Prinzipien besser leben zu k\u00f6nnen, ben\u00f6tigen teammeter-Nutzer Unterst\u00fctzung durch Coaches und Berater.<\/p>\n\n\n\n<p>Deshalb bauen wir ein Netzwerk von Partnerunternehmen auf, die die Einf\u00fchrung von teammeter unterst\u00fctzen k\u00f6nnen.<\/p>\n\n\n\n<h2 class=\"wp-block-heading\">Welche Vorteile hat Ihr Unternehmen als Partner?<\/h2>\n\n\n\n<ul class=\"wp-block-list\">\n<li>F\u00fcr jeden Softwareverkauf empfehlen wir die Unterst\u00fctzung durch Agile Coaches. Wenn der Kunde keinen Coach hat und Sie in der gleichen Gegend sind, werden wir Ihr Unternehmen empfehlen.<\/li>\n\n\n\n<li>Wenn Sie Ihrem Kunden teammeter empfehlen, erhalten Sie eine 10%-Provision auf den Lizenzpreis (Lebensdauer). Ihr Kunde erh\u00e4lt einen 10%-Rabatt, denn wir wissen, dass er in guten H\u00e4nden ist.<\/li>\n\n\n\n<li>Wenn teammeter in der Organisation Ihres Kunden eingesetzt wird, k\u00f6nnen Sie ihm besser zeigen, dass Ihre Unterst\u00fctzung Wirkung zeigt, da jede Ver\u00e4nderung der Unternehmenskultur messbar wird.<\/li>\n<\/ul>\n\n\n\n<h2 class=\"wp-block-heading\">Wie funktioniert das?<\/h2>\n\n\n\n<p>Wenn Sie einem Kunden teammeter vorgestellt haben, teilen Sie uns dies mit. Wir werden Sie alle 3 Monate \u00fcber den Status dieses Kunden informieren. Wenn er bei uns bestellt hat, k\u00f6nnen Sie uns alle 6 Monate eine Rechnung stellen, um die Provision zu erhalten.<\/p>\n\n\n\n<h2 class=\"wp-block-heading\">Unsere Erwartungen<\/h2>\n\n\n\n<ul class=\"wp-block-list\">\n<li>Wir m\u00f6chten, dass Sie teammeter empfehlen, wenn Sie denken, dass es f\u00fcr Ihren Kunden gut ist, nicht weil Sie eine Provision daf\u00fcr bekommen. Ihr Kunde soll das Produkt bekommen, das am besten zu ihm passt. Bitte seien Sie transparent mit ihnen \u00fcber unsere Partnerschaft.<\/li>\n\n\n\n<li>\"Iss dein eigenes Hundefutter\": Sie k\u00f6nnen ein Produkt am besten empfehlen, wenn Sie selbst damit gearbeitet haben. Um uns zu empfehlen, m\u00fcssen Sie ein aktiver Nutzer sein. Sie k\u00f6nnen unsere Software kostenlos f\u00fcr 2 Teams nutzen.<\/li>\n\n\n\n<li>Wir wollen regelm\u00e4\u00dfig mit Ihnen in Kontakt sein. Sie sollten zweimal im Jahr Zeit f\u00fcr ein Gespr\u00e4ch mit uns haben, damit wir Ihnen die neuesten Funktionen von teammeter zeigen und Ihr Feedback einholen k\u00f6nnen.<\/li>\n<\/ul>\n\n\n\n<p>Interessiert? Dann <a href=\"https:\/\/www.teammeter.com\/de\/kontakt\/\" data-type=\"page\" data-id=\"481\">Kontaktieren Sie uns<\/a>!<\/p>","protected":false},"excerpt":{"rendered":"<p>Einleitung teammeter ist eine Software, die Organisationen dabei unterst\u00fctzt, mehr Transparenz zu schaffen, um die Organisation kontinuierlich zu verbessern. Die Philosophie von teammeter basiert auf Selbstorganisation: Mitarbeiter sollen selbst entscheiden, was und wie sie sich entwickeln wollen. Um agile Prinzipien besser leben zu k\u00f6nnen, brauchen teammeter-Anwender Unterst\u00fctzung durch Coaches und Berater. Deshalb ... <a title=\"Partnerschaftsprogramm\" class=\"read-more\" href=\"https:\/\/www.teammeter.com\/de\/partnership-program\/\" aria-label=\"Mehr Informationen \u00fcber das Partnerschaftsprogramm\">Weiterlesen \u2026<\/a><\/p>","protected":false},"author":2,"featured_media":0,"parent":0,"menu_order":0,"comment_status":"closed","ping_status":"closed","template":"","meta":{"inline_featured_image":false,"footnotes":""},"class_list":["post-4167","page","type-page","status-publish"],"_links":{"self":[{"href":"https:\/\/www.teammeter.com\/de\/wp-json\/wp\/v2\/pages\/4167","targetHints":{"allow":["GET"]}}],"collection":[{"href":"https:\/\/www.teammeter.com\/de\/wp-json\/wp\/v2\/pages"}],"about":[{"href":"https:\/\/www.teammeter.com\/de\/wp-json\/wp\/v2\/types\/page"}],"author":[{"embeddable":true,"href":"https:\/\/www.teammeter.com\/de\/wp-json\/wp\/v2\/users\/2"}],"replies":[{"embeddable":true,"href":"https:\/\/www.teammeter.com\/de\/wp-json\/wp\/v2\/comments?post=4167"}],"version-history":[{"count":0,"href":"https:\/\/www.teammeter.com\/de\/wp-json\/wp\/v2\/pages\/4167\/revisions"}],"wp:attachment":[{"href":"https:\/\/www.teammeter.com\/de\/wp-json\/wp\/v2\/media?parent=4167"}],"curies":[{"name":"wp","href":"https:\/\/api.w.org\/{rel}","templated":true}]}}