{"id":4551,"date":"2024-01-31T15:27:02","date_gmt":"2024-01-31T15:27:02","guid":{"rendered":"https:\/\/www.teammeter.com\/?page_id=4551"},"modified":"2024-07-05T13:45:56","modified_gmt":"2024-07-05T13:45:56","slug":"angebotsanfrage","status":"publish","type":"page","link":"https:\/\/www.teammeter.com\/de\/quote-request\/","title":{"rendered":"Preisanfrage"},"content":{"rendered":"<div class=\"gb-container gb-container-694616a3\">\n\n<p>Do want a price estimate? Feel out this form and we will come back to you shortly.<\/p>\n\n\n<div class=\"wpforms-container wpforms-container-full wpforms-block wpforms-block-e1470fc8-fa59-4cab-86d3-4e5fbbd5175b\" id=\"wpforms-4546\"><form id=\"wpforms-form-4546\" class=\"wpforms-validate wpforms-form wpforms-ajax-form\" data-formid=\"4546\" method=\"post\" enctype=\"multipart\/form-data\" action=\"\/de\/wp-json\/wp\/v2\/pages\/4551\" data-token=\"ea845b815cff5770104aad850c901a2a\" data-token-time=\"1775401662\"><noscript class=\"wpforms-error-noscript\">Bitte aktiviere JavaScript in deinem Browser, um dieses Formular fertigzustellen.<\/noscript><div class=\"wpforms-field-container\"><div id=\"wpforms-4546-field_7-container\" class=\"wpforms-field wpforms-field-layout\" data-field-id=\"7\"><div class=\"wpforms-field-layout-columns wpforms-field-layout-preset-50-50\"><div class=\"wpforms-layout-column wpforms-layout-column-50\" ><div id=\"wpforms-4546-field_1-container\" class=\"wpforms-field wpforms-field-name\" data-field-id=\"1\"><label class=\"wpforms-field-label\">Name <span class=\"wpforms-required-label\">*<\/span><\/label><div class=\"wpforms-field-row wpforms-field-medium\"><div class=\"wpforms-field-row-block wpforms-first wpforms-one-half\"><input type=\"text\" id=\"wpforms-4546-field_1\" class=\"wpforms-field-name-first wpforms-field-required\" name=\"wpforms[fields][1][first]\" required><label for=\"wpforms-4546-field_1\" class=\"wpforms-field-sublabel after\">Vorname<\/label><\/div><div class=\"wpforms-field-row-block wpforms-one-half\"><input type=\"text\" id=\"wpforms-4546-field_1-last\" class=\"wpforms-field-name-last wpforms-field-required\" name=\"wpforms[fields][1][last]\" required><label for=\"wpforms-4546-field_1-last\" class=\"wpforms-field-sublabel after\">Nachname<\/label><\/div><\/div><\/div><div id=\"wpforms-4546-field_2-container\" class=\"wpforms-field wpforms-field-email\" data-field-id=\"2\"><label class=\"wpforms-field-label\" for=\"wpforms-4546-field_2\">Email <span class=\"wpforms-required-label\">*<\/span><\/label><input type=\"email\" id=\"wpforms-4546-field_2\" class=\"wpforms-field-medium wpforms-field-required\" name=\"wpforms[fields][2]\" spellcheck=\"false\" required><\/div><div id=\"wpforms-4546-field_3-container\" class=\"wpforms-field wpforms-field-phone\" data-field-id=\"3\"><label class=\"wpforms-field-label\" for=\"wpforms-4546-field_3\">Phone <span class=\"wpforms-required-label\">*<\/span><\/label><input type=\"tel\" id=\"wpforms-4546-field_3\" class=\"wpforms-field-medium wpforms-field-required wpforms-smart-phone-field\" data-rule-smart-phone-field=\"true\" name=\"wpforms[fields][3]\" aria-label=\"Phone\" required><\/div><\/div><div class=\"wpforms-layout-column wpforms-layout-column-50\" ><div id=\"wpforms-4546-field_5-container\" class=\"wpforms-field wpforms-field-checkbox\" data-field-id=\"5\"><label class=\"wpforms-field-label\">Which products are you interested in? <span class=\"wpforms-required-label\">*<\/span><\/label><ul id=\"wpforms-4546-field_5\" class=\"wpforms-field-required\"><li class=\"choice-1 depth-1\"><input type=\"checkbox\" id=\"wpforms-4546-field_5_1\" name=\"wpforms[fields][5][]\" value=\"Skill Matrix\" required ><label class=\"wpforms-field-label-inline\" for=\"wpforms-4546-field_5_1\">Skill Matrix<\/label><\/li><li class=\"choice-2 depth-1\"><input type=\"checkbox\" id=\"wpforms-4546-field_5_2\" name=\"wpforms[fields][5][]\" value=\"Health Check\" required ><label class=\"wpforms-field-label-inline\" for=\"wpforms-4546-field_5_2\">Health Check<\/label><\/li><li class=\"choice-3 depth-1\"><input type=\"checkbox\" id=\"wpforms-4546-field_5_3\" name=\"wpforms[fields][5][]\" value=\"Retrospective\" required ><label class=\"wpforms-field-label-inline\" for=\"wpforms-4546-field_5_3\">Retrospective<\/label><\/li><li class=\"choice-4 depth-1\"><input type=\"checkbox\" id=\"wpforms-4546-field_5_4\" name=\"wpforms[fields][5][]\" value=\"Enterprise Package\" required ><label class=\"wpforms-field-label-inline\" for=\"wpforms-4546-field_5_4\">Enterprise Package<\/label><\/li><\/ul><\/div><div id=\"wpforms-4546-field_13-container\" class=\"wpforms-field wpforms-field-number\" data-field-id=\"13\"><label class=\"wpforms-field-label\" for=\"wpforms-4546-field_13\">For how many employees <span class=\"wpforms-required-label\">*<\/span><\/label><input type=\"number\" id=\"wpforms-4546-field_13\" class=\"wpforms-field-medium wpforms-field-required\" name=\"wpforms[fields][13]\" step=\"any\" required><\/div><div id=\"wpforms-4546-field_14-container\" class=\"wpforms-field wpforms-field-number\" data-field-id=\"14\"><label class=\"wpforms-field-label\" for=\"wpforms-4546-field_14\">For how many teams? <span class=\"wpforms-required-label\">*<\/span><\/label><input type=\"number\" id=\"wpforms-4546-field_14\" class=\"wpforms-field-medium wpforms-field-required\" name=\"wpforms[fields][14]\" step=\"any\" required><\/div><\/div><\/div><\/div><div id=\"wpforms-4546-field_15-container\" class=\"wpforms-field wpforms-field-textarea\" data-field-id=\"15\"><label class=\"wpforms-field-label\" for=\"wpforms-4546-field_15\">Would you like to add some additional information?<\/label><textarea id=\"wpforms-4546-field_15\" class=\"wpforms-field-medium\" name=\"wpforms[fields][15]\" ><\/textarea><\/div><div id=\"wpforms-4546-field_19-container\" class=\"wpforms-field wpforms-field-hidden\" data-field-id=\"19\"><input type=\"hidden\" id=\"wpforms-4546-field_19\" name=\"wpforms[fields][19]\" value=\"de\"><\/div><\/div><!-- .wpforms-field-container --><div class=\"wpforms-submit-container\" ><input type=\"hidden\" name=\"wpforms[id]\" value=\"4546\"><input type=\"hidden\" name=\"page_title\" value=\"\"><input type=\"hidden\" name=\"page_url\" value=\"https:\/\/www.teammeter.com\/de\/wp-json\/wp\/v2\/pages\/4551\"><input type=\"hidden\" name=\"url_referer\" value=\"\"><button type=\"submit\" name=\"wpforms[submit]\" id=\"wpforms-submit-4546\" class=\"wpforms-submit custom-button\" data-alt-text=\"Sending...\" data-submit-text=\"Submit\" aria-live=\"assertive\" value=\"wpforms-submit\">Submit<\/button><img decoding=\"async\" src=\"https:\/\/www.teammeter.com\/wp-content\/plugins\/wpforms\/assets\/images\/submit-spin.svg\" class=\"wpforms-submit-spinner\" style=\"display: none;\" width=\"26\" height=\"26\" alt=\"Wird geladen\"><\/div><\/form><\/div>  <!-- .wpforms-container -->\n<\/div>","protected":false},"excerpt":{"rendered":"<p>Sie m\u00f6chten einen Kostenvoranschlag? F\u00fcllen Sie dieses Formular aus und wir werden uns in K\u00fcrze bei Ihnen melden.<\/p>","protected":false},"author":2,"featured_media":0,"parent":0,"menu_order":0,"comment_status":"closed","ping_status":"closed","template":"","meta":{"inline_featured_image":false,"footnotes":""},"class_list":["post-4551","page","type-page","status-publish"],"_links":{"self":[{"href":"https:\/\/www.teammeter.com\/de\/wp-json\/wp\/v2\/pages\/4551","targetHints":{"allow":["GET"]}}],"collection":[{"href":"https:\/\/www.teammeter.com\/de\/wp-json\/wp\/v2\/pages"}],"about":[{"href":"https:\/\/www.teammeter.com\/de\/wp-json\/wp\/v2\/types\/page"}],"author":[{"embeddable":true,"href":"https:\/\/www.teammeter.com\/de\/wp-json\/wp\/v2\/users\/2"}],"replies":[{"embeddable":true,"href":"https:\/\/www.teammeter.com\/de\/wp-json\/wp\/v2\/comments?post=4551"}],"version-history":[{"count":4,"href":"https:\/\/www.teammeter.com\/de\/wp-json\/wp\/v2\/pages\/4551\/revisions"}],"predecessor-version":[{"id":11364,"href":"https:\/\/www.teammeter.com\/de\/wp-json\/wp\/v2\/pages\/4551\/revisions\/11364"}],"wp:attachment":[{"href":"https:\/\/www.teammeter.com\/de\/wp-json\/wp\/v2\/media?parent=4551"}],"curies":[{"name":"wp","href":"https:\/\/api.w.org\/{rel}","templated":true}]}}