{"id":474,"date":"2022-01-31T15:48:36","date_gmt":"2022-01-31T15:48:36","guid":{"rendered":"http:\/\/www.agilevalue.de\/?page_id=474"},"modified":"2025-11-07T08:45:10","modified_gmt":"2025-11-07T08:45:10","slug":"rechtliche-hinweise","status":"publish","type":"page","link":"https:\/\/www.teammeter.com\/de\/legal-notices\/","title":{"rendered":"Impressum"},"content":{"rendered":"<div class=\"gb-container gb-container-770afb47\"><div class=\"gb-inside-container\">\n\n<h1 class=\"gb-headline gb-headline-fac8d414 gb-headline-text\">Impressum<\/h1>\n\n\n\n<div style=\"height:33px\" aria-hidden=\"true\" class=\"wp-block-spacer\"><\/div>\n\n\n\n<p class=\"has-medium-font-size\"><strong>Informationen nach \u00a7 5 TMG<\/strong><\/p>\n\n\n\n<figure class=\"wp-block-table\"><table class=\"has-fixed-layout\"><tbody><tr><td><strong>Unternehmen<\/strong><\/td><td>AgileValue GmbH<\/td><\/tr><tr><td><strong>Rechtsform<\/strong><\/td><td>Gesellschaft mit beschr\u00e4nkter Haftung nach deutschem Recht (GmbH)<\/td><\/tr><tr><td><strong>Vertreten durch<\/strong><\/td><td>Christophe Vantighem (Gesch\u00e4ftsf\u00fchrer)<\/td><\/tr><tr><td><strong>Adresse<\/strong><\/td><td>K\u00f6rnerstr. 12, 60322 Frankfurt, Deutschland<\/td><\/tr><tr><td><strong>Kontakt<\/strong><\/td><td>E-Mail: <a>info@teammeter.com<\/a><\/td><\/tr><tr><td><strong>Handelsregister<\/strong><\/td><td>Amtsgericht Frankfurt am Main<br>HRB 123439<\/td><\/tr><tr><td><strong>Umsatzsteuer-ID (gem\u00e4\u00df \u00a7 27a UStG)<\/strong><\/td><td>DE349837108<\/td><\/tr><\/tbody><\/table><\/figure>\n\n\n\n<h2 class=\"wp-block-heading\" id=\"hebergeur\" style=\"font-size:28px\">Betreiber<\/h2>\n\n\n\n<p>Unsere Webseiten und Anwendungen werden in Frankfurt am Main durch Amazon Web Services (AWS) gehostet.<br>Mehr Informationen:&nbsp;<a href=\"https:\/\/aws.amazon.com\/fr\/compliance\/eu-data-protection\/\" target=\"_blank\" rel=\"noopener\">AWS-Datenschutz<\/a><\/p>\n\n\n\n<div style=\"height:61px\" aria-hidden=\"true\" class=\"wp-block-spacer\"><\/div>\n\n\n\n<h2 class=\"wp-block-heading\" id=\"data-protection\" style=\"font-size:28px\">Datenschutzrichtlinie<\/h2>\n\n\n\n<h3 class=\"wp-block-heading\" style=\"font-size:22px\">Datenschutzbeauftragter<\/h3>\n\n\n\n<figure class=\"wp-block-table\"><table class=\"has-fixed-layout\"><tbody><tr><td><strong>Name<\/strong><\/td><td>J\u00f6rg ter Beek<\/td><\/tr><tr><td><strong>Unternehmen<\/strong><\/td><td>Cortina Consult GmbH<\/td><\/tr><tr><td><strong>Email<\/strong><\/td><td>dsb.agilevalue@cortina-consult.de<\/td><\/tr><tr><td><strong>Adresse<\/strong><\/td><td>Hafenweg 24, 48155 M\u00fcnster, Deutschland<\/td><\/tr><tr><td><strong>Telefon<\/strong><\/td><td>+49 251 95 20 37 40<\/td><\/tr><\/tbody><\/table><\/figure>\n\n\n\n<h3 class=\"wp-block-heading\" id=\"traitements-de-vos-donnees\" style=\"font-size:22px\">Verarbeitung Ihrer Daten<\/h3>\n\n\n\n<p class=\"translation-block\">Die im Rahmen der angebotenen Dienste erhobenen Daten werden in Frankfurt von Amazon Web Services (AWS) gehostet und gem\u00e4\u00df sicheren Protokollen verarbeitet.<br>Die Verarbeitung dieser Daten erfolgt <strong>zum Zweck der kommerziellen Ansprache sowie zur Verbesserung unserer Services<\/strong>.<br><br>Die <strong>Rechtsgrundlage<\/strong> f\u00fcr diese Verarbeitung ist <strong>Ihre Einwilligung<\/strong>, die Sie erteilen, wenn Sie Cookies akzeptieren, Informationen \u00fcbermitteln oder unsere Dienste abonnieren.<\/p>\n\n\n\n<p class=\"translation-block\">Wenn Sie unsere Websites besuchen oder unsere Dienste nutzen, verwenden wir die folgenden <strong>Drittanbieterdienste<\/strong>, die m\u00f6glicherweise personenbezogene Daten erheben:<\/p>\n\n\n\n<figure class=\"wp-block-table\"><table><tbody><tr><td><\/td><td><strong>Zweck<\/strong><\/td><td><strong>Von Dritten erhobene personenbezogene Daten<\/strong><\/td><td><strong>Daten Standort<\/strong><\/td><td><strong>Datenschutzbestimmungen<\/strong><\/td><\/tr><tr><td>Hotjar<\/td><td>Analyse der Nutzererfahrung auf unserer Website und App<\/td><td>Hotjar kann Ihre IP-Adresse vor\u00fcbergehend verarbeiten, um den reibungslosen Betrieb des Dienstes zu gew\u00e4hrleisten und die Qualit\u00e4t der Plattform zu verbessern. Alle IP-Adressen, die Hotjar verarbeitet, werden ausschlie\u00dflich f\u00fcr zugeh\u00f6rige Leistungskennzahlen und zur \u00dcberwachung und Verfolgung von Fehlern verwendet.<\/td><td>Irland, EU<\/td><td><a href=\"https:\/\/www.hotjar.com\/legal\/policies\/privacy\/\" target=\"_blank\" rel=\"noopener\">Hotjar-Datenschutzrichtlinie<\/a><br><\/td><\/tr><tr><td>Google Analytics \/ Tags<\/td><td>Analyse der Nutzererfahrung auf unserer Website und App<\/td><td>Die Teile unserer App, die Sie besuchen, das Datum und die Dauer Ihres Besuchs, Ihre anonymisierte IP-Adresse.<\/td><td>USA<\/td><td><a href=\"https:\/\/www.google.com\/policies\/privacy\/\" target=\"_blank\" rel=\"noopener\">Google-Datenschutzbestimmungen<\/a><\/td><\/tr><tr><td>Google Maps<\/td><td>Anzeige geografischer Informationen auf unserer Website<\/td><td>Google kann Daten \u00fcber Ihre Nutzung von Karten sammeln und verarbeiten.<\/td><td>USA<\/td><td><a>Google-Datenschutzbestimmungen<\/a><\/td><\/tr><\/tbody><\/table><\/figure>\n\n\n\n<div style=\"height:100px\" aria-hidden=\"true\" class=\"wp-block-spacer\"><\/div>\n\n\n\n<h3 class=\"wp-block-heading\" style=\"font-size:28px\">Servicebedingungen<\/h3>\n\n\n\n<p>Unsere allgemeinen Nutzungsbedingungen finden Sie unter dem folgenden Link: <a class=\"\" href=\"https:\/\/www.teammeter.com\/de\/servicebedingungen\/\">www.teammeter.com\/terms-of-service<\/a><\/p>\n\n\n\n<p>Diese regeln die Bedingungen f\u00fcr die Nutzung unserer Plattform und Software.<\/p>\n\n\n\n<div style=\"height:35px\" aria-hidden=\"true\" class=\"wp-block-spacer\"><\/div>\n\n\n\n<h3 class=\"wp-block-heading\" id=\"vos-droits\" style=\"font-size:28px\">Ihre Rechte<\/h3>\n\n\n\n<p class=\"translation-block\">Sie haben das Recht auf <strong>Widerspruch<\/strong>, <strong>Auskunft<\/strong>, <strong>Zugriff<\/strong> und <strong>Berichtigung<\/strong> Ihrer personenbezogenen Daten. Sie k\u00f6nnen diese Rechte aus\u00fcben, indem Sie eine E-Mail an <a target=\"_self\">info@teammeter.com<\/a> senden.<\/p>\n\n\n\n<p class=\"translation-block\">Sie haben au\u00dferdem das Recht, eine Beschwerde beim <strong>Bundesbeauftragten f\u00fcr den Datenschutz und die Informationsfreiheit (BfDI)<\/strong> einzureichen: <a href=\"http:\/\/www.bfdi.bund.de\" target=\"_blank\" rel=\"noopener\">www.bfdi.bund.de<\/a><\/p>\n\n\n\n<div style=\"height:35px\" aria-hidden=\"true\" class=\"wp-block-spacer\"><\/div>\n\n\n\n<h2 class=\"wp-block-heading\" id=\"credits\" style=\"font-size:28px\">Quellenangaben<\/h2>\n\n\n\n<p><strong>Illustrationen:<\/strong> pch.vector, katemangostar, lookstudio, cookiestudio,&nbsp;<a href=\"https:\/\/translate.google.com\/website?sl=auto&amp;tl=en&amp;u=http:\/\/www.freepik.com\" target=\"_blank\" rel=\"noopener\">Entworfen von Freepik<\/a><\/p>\n\n\n\n<p><strong>Musik:<\/strong> <a href=\"https:\/\/pixabay.com\/fr\/users\/aansari8282-19538849\/?utm_source=link-attribution&amp;utm_medium=referral&amp;utm_campaign=music&amp;utm_content=121630\" target=\"_blank\" rel=\"noopener\">aansari8282<\/a> ab <a href=\"https:\/\/pixabay.com\/\/?utm_source=link-attribution&amp;utm_medium=referral&amp;utm_campaign=music&amp;utm_content=121630\" target=\"_blank\" rel=\"noopener\">Pixabay<\/a><\/p>\n\n\n\n<p><strong>Attrappen<\/strong> : <a href=\"https:\/\/www.graphicsfuel.com\" data-type=\"link\" data-id=\"https:\/\/www.graphicsfuel.com\" target=\"_blank\" rel=\"noopener\">Grafiken Kraftstoff<\/a><\/p>\n\n<\/div><\/div>","protected":false},"excerpt":{"rendered":"<p>Rechtliche Hinweise Informationen gem\u00e4\u00df \u00a7 5 TMG Firma AgileValue GmbH Rechtsform Gesellschaft mit beschr\u00e4nkter Haftung nach deutschem Recht (GmbH) vertreten durch Christophe Vantighem (Gesch\u00e4ftsf\u00fchrer) Anschrift K\u00f6rnerstr. 12, 60322 Frankfurt, Deutschland Kontakt Email: info@teammeter.com Handelsregister Registergericht: Amtsgericht Frankfurt am MainRegisternummer: HRB 123439 Umsatzsteuer-ID (gem\u00e4\u00df \u00a7 27a UStG) DE349837108 Gastgeber ... <a title=\"Impressum\" class=\"read-more\" href=\"https:\/\/www.teammeter.com\/de\/legal-notices\/\" aria-label=\"Mehr Informationen \u00fcber Rechtliche Hinweise\">Weiterlesen \u2026<\/a><\/p>","protected":false},"author":2,"featured_media":0,"parent":0,"menu_order":0,"comment_status":"closed","ping_status":"closed","template":"","meta":{"inline_featured_image":false,"footnotes":""},"class_list":["post-474","page","type-page","status-publish"],"_links":{"self":[{"href":"https:\/\/www.teammeter.com\/de\/wp-json\/wp\/v2\/pages\/474","targetHints":{"allow":["GET"]}}],"collection":[{"href":"https:\/\/www.teammeter.com\/de\/wp-json\/wp\/v2\/pages"}],"about":[{"href":"https:\/\/www.teammeter.com\/de\/wp-json\/wp\/v2\/types\/page"}],"author":[{"embeddable":true,"href":"https:\/\/www.teammeter.com\/de\/wp-json\/wp\/v2\/users\/2"}],"replies":[{"embeddable":true,"href":"https:\/\/www.teammeter.com\/de\/wp-json\/wp\/v2\/comments?post=474"}],"version-history":[{"count":44,"href":"https:\/\/www.teammeter.com\/de\/wp-json\/wp\/v2\/pages\/474\/revisions"}],"predecessor-version":[{"id":13807,"href":"https:\/\/www.teammeter.com\/de\/wp-json\/wp\/v2\/pages\/474\/revisions\/13807"}],"wp:attachment":[{"href":"https:\/\/www.teammeter.com\/de\/wp-json\/wp\/v2\/media?parent=474"}],"curies":[{"name":"wp","href":"https:\/\/api.w.org\/{rel}","templated":true}]}}