{"id":6683,"date":"2024-09-16T10:32:19","date_gmt":"2024-09-16T10:32:19","guid":{"rendered":"https:\/\/www.teammeter.com\/?page_id=6683"},"modified":"2025-01-30T17:54:24","modified_gmt":"2025-01-30T17:54:24","slug":"anwendungsfall-db-systel","status":"publish","type":"page","link":"https:\/\/www.teammeter.com\/de\/use-case-db-systel\/","title":{"rendered":"Teammeter @ DB Systel"},"content":{"rendered":"<h2 class=\"wp-block-heading\"><strong>Interview mit Laura Steurer, Projektleiterin f\u00fcr HR-Digitalisierung bei der DB Systel GmbH.<\/strong><\/h2>\n\n\n\n<p><br>Die DB Systel GmbH mit Sitz in Frankfurt am Main ist eine hundertprozentige Tochter der DB AG und digitaler Partner f\u00fcr alle Konzerngesellschaften. Mit ihrem umfassenden, kundenspezifischen Angebot treibt die DB Systel die Digitalisierung aller Unternehmen der DB AG voran. Das Unternehmen entwickelt effektive und effiziente Kundenl\u00f6sungen auf Basis innovativer Themen wie Cloud, Big Data, Internet of Things und k\u00fcnstlicher Intelligenz. Derzeit arbeiten rund 7.000 Mitarbeiter an den Hauptstandorten in Frankfurt, Berlin und Erfurt sowie an weiteren Niederlassungen. Sie arbeiten in selbstorganisierten Teams und in unternehmensweiten Netzwerken, um mit flexiblen Arbeitsmethoden und agilen Ans\u00e4tzen die Unternehmenspartner und deren variable Bed\u00fcrfnisse bestm\u00f6glich zu unterst\u00fctzen.<\/p>\n\n\n\n<h3 class=\"wp-block-heading\"><strong>Warum haben Sie Teammeter in Ihrer Organisation eingef\u00fchrt?<\/strong><\/h3>\n\n\n\n<p><br>Teammeter ist bei uns inzwischen fester Bestandteil der Team- und Organisationsentwicklung. Vor der Einf\u00fchrung der drei Module Health Check, Retro und Kompetenzmanagement hatten wir h\u00e4ufig nur das Black-Box-Prinzip vorzuweisen: Wir wussten, dass in den Teams etwas passiert, wir wusste aber nie, was die genauen Bed\u00fcrfnisse und Issues der Teams waren. Durch den Einsatz von teammeter und die aktive Nutzung der Anwendung durch die Teams, k\u00f6nnen wir nun einen Blick in das Herz der Organisation werfen und feststellen, was die Teams bewegt.<\/p>\n\n\n\n<h3 class=\"wp-block-heading\"><strong>Welche Vorteile hat Teammeter gebracht?<\/strong><\/h3>\n\n\n\n<p><br>Die Handreichung von konkreten Methoden \u00fcber die Anwendung erleichtert die Teamentwicklung innerhalb der einzelnen Teams enorm. Auch die \u00dcbersicht im Kompetenzmanagement gibt den Teams Klarheit \u00fcber ihre vorhanden und auch \u00fcber ihre Fehlenden Kompetenzen im Team. Neben dem Schwerpunkt der Teamentwicklung r\u00fcckt auch die individuelle Entwicklung der Mitarbeitenden in den Fokus. Durch gezielte Kompetenzentwicklungspl\u00e4ne ist transparent nachvollziehbar, welche Entwicklungsma\u00dfnahmen zwischen F\u00fchrungskraft und Mitarbeitenden vereinbart wurden und welche Kompetenzen gest\u00e4rkt werden sollen. Dadurch ist eine zus\u00e4tzliche Dokumentation nicht mehr notwendig und in Entwicklungsgespr\u00e4chen kann direkt auf Ergebnisse und eine weitere Entwicklung eingegangen werden.<\/p>\n\n\n\n<h3 class=\"wp-block-heading\"><strong>Wie haben Sie die Einf\u00fchrung von Teammeter in Ihrer Organisation gestaltet?<\/strong><\/h3>\n\n\n\n<p><br>Bei der Einf\u00fchrung von Teammeter haben wir unsere Stakeholder aktiv eingebunden und dies auch \u00fcber die Weiterentwicklung hinaus beibehalten. Unsere Anforderungen haben wir konsequent an den Bedarfen der Nutzer:innen ausgerichtet und in Anwendersprechstunden \u00fcber Neuerungen und Sachst\u00e4nde informiert. Die Zahl von \u00fcber 5000 freiwilligen Nutzenden bei etwa 7000 aktiven Mitarbeitenden gibt uns bisher Recht und best\u00e4rkt uns, Teammeter auch weiterhin zu nutzen.<\/p>\n\n\n\n<h3 class=\"wp-block-heading\"><strong>Wie war die Zusammenarbeit mit AgileValue?<\/strong><\/h3>\n\n\n\n<p>Bisher konnte AgileValue f\u00fcr fast jede unserer Anfragen eine ma\u00dfgeschneiderte L\u00f6sung anbieten oder eine Standardl\u00f6sung innerhalb des Tools bereitstellen.<\/p>","protected":false},"excerpt":{"rendered":"<p>Interview mit Laura Steurer, Projektleiterin f\u00fcr HR-Digitalisierung bei der DB Systel GmbH. Die DB Systel GmbH mit Sitz in Frankfurt am Main ist eine hundertprozentige Tochter der DB AG und digitaler Partner f\u00fcr alle Konzerngesellschaften. Mit ihrem umfassenden, kundenspezifischen Angebot treibt die DB Systel die Digitalisierung aller Unternehmen der DB AG voran. Das Unternehmen entwickelt ... <a title=\"Teammeter @ DB Systel\" class=\"read-more\" href=\"https:\/\/www.teammeter.com\/de\/use-case-db-systel\/\" aria-label=\"Mehr Informationen \u00fcber Teammeter @ DB Systel\">Weiterlesen \u2026<\/a><\/p>","protected":false},"author":2,"featured_media":9006,"parent":0,"menu_order":0,"comment_status":"closed","ping_status":"closed","template":"","meta":{"inline_featured_image":false,"footnotes":""},"class_list":["post-6683","page","type-page","status-publish","has-post-thumbnail"],"_links":{"self":[{"href":"https:\/\/www.teammeter.com\/de\/wp-json\/wp\/v2\/pages\/6683","targetHints":{"allow":["GET"]}}],"collection":[{"href":"https:\/\/www.teammeter.com\/de\/wp-json\/wp\/v2\/pages"}],"about":[{"href":"https:\/\/www.teammeter.com\/de\/wp-json\/wp\/v2\/types\/page"}],"author":[{"embeddable":true,"href":"https:\/\/www.teammeter.com\/de\/wp-json\/wp\/v2\/users\/2"}],"replies":[{"embeddable":true,"href":"https:\/\/www.teammeter.com\/de\/wp-json\/wp\/v2\/comments?post=6683"}],"version-history":[{"count":0,"href":"https:\/\/www.teammeter.com\/de\/wp-json\/wp\/v2\/pages\/6683\/revisions"}],"wp:featuredmedia":[{"embeddable":true,"href":"https:\/\/www.teammeter.com\/de\/wp-json\/wp\/v2\/media\/9006"}],"wp:attachment":[{"href":"https:\/\/www.teammeter.com\/de\/wp-json\/wp\/v2\/media?parent=6683"}],"curies":[{"name":"wp","href":"https:\/\/api.w.org\/{rel}","templated":true}]}}