{"id":6723,"date":"2024-09-18T10:30:12","date_gmt":"2024-09-18T10:30:12","guid":{"rendered":"https:\/\/www.teammeter.com\/?page_id=6723"},"modified":"2024-10-04T09:37:13","modified_gmt":"2024-10-04T09:37:13","slug":"buchung-des-onboarding-meetings","status":"publish","type":"page","link":"https:\/\/www.teammeter.com\/de\/onboarding-meeting-booking\/","title":{"rendered":"Onboarding Meeting buchen"},"content":{"rendered":"<p><\/p>\n\n\n<div class=\"gb-container gb-container-a74c9bba\">\n\n<h2 class=\"wp-block-heading has-text-align-center\">W\u00e4hlen Sie einen Zeitpunkt f\u00fcr Ihr Onboarding<\/h2>\n\n\n\n<p>Unser Customer Success Manager wird Ihnen zeigen, wie Sie Teammeter am besten f\u00fcr Ihre gesch\u00e4ftlichen Anforderungen nutzen k\u00f6nnen.<br>Das Meeting ist 100% kostenlos und unverbindlich.<\/p>\n\n\n<div class=\"gb-container gb-container-c574192b alignwide\">\n<p><!-- Start of Meetings Embed Script --><\/p>\n<div class=\"meetings-iframe-container\" data-src=\"https:\/\/meetings-eu1.hubspot.com\/christophe-vantighem\/teammeter-onboarding?embed=true&#038;email=&#038;firstname=&#038;lastname=&#038;email=&#038;phone=\"><\/div>\n<p>    <script type=\"text\/javascript\" src=\"https:\/\/static.hsappstatic.net\/MeetingsEmbed\/ex\/MeetingsEmbedCode.js\"><\/script><br \/>\n<!-- End of Meetings Embed Script --><\/p>\n\n\n<\/div>\n<\/div>","protected":false},"excerpt":{"rendered":"<p>W\u00e4hlen Sie einen Termin f\u00fcr Ihr Onboarding Unser Customer Success Manager wird Ihnen zeigen, wie Sie Teammeter entsprechend Ihren Gesch\u00e4ftsanforderungen am besten nutzen k\u00f6nnen. 100% ist kostenlos und unverbindlich.<\/p>","protected":false},"author":2,"featured_media":0,"parent":0,"menu_order":0,"comment_status":"closed","ping_status":"closed","template":"","meta":{"inline_featured_image":false,"footnotes":""},"class_list":["post-6723","page","type-page","status-publish"],"_links":{"self":[{"href":"https:\/\/www.teammeter.com\/de\/wp-json\/wp\/v2\/pages\/6723","targetHints":{"allow":["GET"]}}],"collection":[{"href":"https:\/\/www.teammeter.com\/de\/wp-json\/wp\/v2\/pages"}],"about":[{"href":"https:\/\/www.teammeter.com\/de\/wp-json\/wp\/v2\/types\/page"}],"author":[{"embeddable":true,"href":"https:\/\/www.teammeter.com\/de\/wp-json\/wp\/v2\/users\/2"}],"replies":[{"embeddable":true,"href":"https:\/\/www.teammeter.com\/de\/wp-json\/wp\/v2\/comments?post=6723"}],"version-history":[{"count":0,"href":"https:\/\/www.teammeter.com\/de\/wp-json\/wp\/v2\/pages\/6723\/revisions"}],"wp:attachment":[{"href":"https:\/\/www.teammeter.com\/de\/wp-json\/wp\/v2\/media?parent=6723"}],"curies":[{"name":"wp","href":"https:\/\/api.w.org\/{rel}","templated":true}]}}