{"id":7534,"date":"2024-10-21T13:59:07","date_gmt":"2024-10-21T13:59:07","guid":{"rendered":"https:\/\/www.teammeter.com\/?page_id=7534"},"modified":"2025-06-16T08:07:15","modified_gmt":"2025-06-16T08:07:15","slug":"ihr-kompetenzprofil-verwalten","status":"publish","type":"page","link":"https:\/\/www.teammeter.com\/de\/documentation\/manage-your-skill-profile\/","title":{"rendered":"Ihr Kompetenzprofil verwalten"},"content":{"rendered":"<div class=\"gb-container gb-container-a6fb9408 shadow\">\n<div class=\"gb-container gb-container-84124aac\">\n\n<h4 class=\"wp-block-heading\" style=\"font-size:16px\">Verwalten Sie Ihr Kompetenzprofil (Rolle, Manager...)<\/h4>\n\n<\/div>\n\n\n<p style=\"font-size:16px\">Teammeter soll Ihnen helfen, Ihre F\u00e4higkeiten zu verbessern und Ihre Karriereziele zu erreichen. In diesem Leitfaden gehen wir auf die wichtigsten Merkmale eines Kompetenzprofils f\u00fcr Mitarbeiter ein.<\/p>\n\n\n\n<h4 class=\"wp-block-heading\" style=\"font-size:16px\">1. Profil \u00dcbersicht<\/h4>\n\n\n\n<figure class=\"gb-block-image gb-block-image-fc552817\"><img decoding=\"async\" width=\"527\" height=\"247\" class=\"gb-image gb-image-fc552817 shadow\" src=\"https:\/\/www.teammeter.com\/wp-content\/uploads\/2025\/01\/1-Profile-overview.png\" alt=\"Bildschirm der Profil\u00fcbersicht\" title=\"1 - Profil\u00fcbersicht\" srcset=\"https:\/\/www.teammeter.com\/wp-content\/uploads\/2025\/01\/1-Profile-overview.png 527w, https:\/\/www.teammeter.com\/wp-content\/uploads\/2025\/01\/1-Profile-overview-300x141.png 300w, https:\/\/www.teammeter.com\/wp-content\/uploads\/2025\/01\/1-Profile-overview-18x8.png 18w\" sizes=\"(max-width: 527px) 100vw, 527px\" \/><\/figure>\n\n\n\n<p style=\"font-size:16px\">In der <strong>Profil Fliese<\/strong>k\u00f6nnen Sie Ihre Rolle ausw\u00e4hlen, indem Sie auf den Link klicken und die Suchleiste verwenden, um verf\u00fcgbare Stellen in Ihrer Organisation zu finden. Nachdem Sie eine Rolle ausgew\u00e4hlt haben, klicken Sie auf \"Mehr anzeigen\", um die Details zu sehen, einschlie\u00dflich einer Beschreibung, der erforderlichen F\u00e4higkeiten und der damit verbundenen Verantwortlichkeiten.<\/p>\n\n\n\n<p style=\"font-size:16px\">Sie erhalten auch eine Liste von Stellen, die Ihren F\u00e4higkeiten entsprechen, und k\u00f6nnen so feststellen, in welchen Bereichen Sie sich im Laufe Ihrer Karriere weiterentwickeln k\u00f6nnen.<\/p>\n\n\n\n<div style=\"height:15px\" aria-hidden=\"true\" class=\"wp-block-spacer\"><\/div>\n\n\n\n<h4 class=\"wp-block-heading\" style=\"font-size:16px\">2. Sektion Fertigkeiten<\/h4>\n\n\n\n<figure class=\"gb-block-image gb-block-image-48f491a6\"><img decoding=\"async\" width=\"1156\" height=\"688\" class=\"gb-image gb-image-48f491a6\" src=\"https:\/\/www.teammeter.com\/wp-content\/uploads\/2025\/01\/2-Skills.png\" alt=\"Bildschirm des Kompetenzprofils\" title=\"2 - Fertigkeiten\" srcset=\"https:\/\/www.teammeter.com\/wp-content\/uploads\/2025\/01\/2-Skills.png 1156w, https:\/\/www.teammeter.com\/wp-content\/uploads\/2025\/01\/2-Skills-300x179.png 300w, https:\/\/www.teammeter.com\/wp-content\/uploads\/2025\/01\/2-Skills-1024x609.png 1024w, https:\/\/www.teammeter.com\/wp-content\/uploads\/2025\/01\/2-Skills-768x457.png 768w, https:\/\/www.teammeter.com\/wp-content\/uploads\/2025\/01\/2-Skills-18x12.png 18w\" sizes=\"(max-width: 1156px) 100vw, 1156px\" \/><\/figure>\n\n\n\n<p style=\"font-size:16px\">Unterhalb der Profilkachel finden Sie alle F\u00e4higkeiten, die mit Ihrer Rolle verbunden sind. Um neue Fertigkeiten hinzuzuf\u00fcgen, klicken Sie einfach auf die Schaltfl\u00e4che \"Fertigkeit hinzuf\u00fcgen\". Sie k\u00f6nnen dann sowohl Ihr aktuelles als auch Ihr angestrebtes Kompetenzniveau festlegen und es mit den Anforderungen Ihrer Rolle und Ihren pers\u00f6nlichen Entwicklungszielen in Einklang bringen.<\/p>\n\n\n\n<div style=\"height:15px\" aria-hidden=\"true\" class=\"wp-block-spacer\"><\/div>\n\n\n\n<h4 class=\"wp-block-heading\" style=\"font-size:16px\">3. Entwicklungsplan<\/h4>\n\n\n\n<figure class=\"gb-block-image gb-block-image-0ae88874\"><img decoding=\"async\" width=\"1181\" height=\"676\" class=\"gb-image gb-image-0ae88874\" src=\"https:\/\/www.teammeter.com\/wp-content\/uploads\/2025\/01\/3-Dev-plan.png\" alt=\"Bildschirm des Entwicklungsplans\" title=\"3 - Entwicklungsplan\" srcset=\"https:\/\/www.teammeter.com\/wp-content\/uploads\/2025\/01\/3-Dev-plan.png 1181w, https:\/\/www.teammeter.com\/wp-content\/uploads\/2025\/01\/3-Dev-plan-300x172.png 300w, https:\/\/www.teammeter.com\/wp-content\/uploads\/2025\/01\/3-Dev-plan-1024x586.png 1024w, https:\/\/www.teammeter.com\/wp-content\/uploads\/2025\/01\/3-Dev-plan-768x440.png 768w, https:\/\/www.teammeter.com\/wp-content\/uploads\/2025\/01\/3-Dev-plan-18x10.png 18w\" sizes=\"(max-width: 1181px) 100vw, 1181px\" \/><\/figure>\n\n\n\n<p style=\"font-size:16px\">Die <strong>Entwicklungsplan<\/strong> erm\u00f6glicht es Ihnen, Aktivit\u00e4ten zu planen, die Ihnen helfen, Ihr angestrebtes Qualifikationsniveau zu erreichen, z. B. Workshops, Einf\u00fchrungssitzungen oder relevante Schulungen. Sobald Sie eine Schulung gefunden haben, die Sie interessiert, k\u00f6nnen Sie sie zu Ihrem Zeitplan hinzuf\u00fcgen und Ihre Fortschritte verfolgen.<\/p>\n\n\n\n<p style=\"font-size:16px\">Ihr Entwicklungsplan bietet eine klare \u00dcbersicht \u00fcber alle geplanten Schulungssitzungen an einem zentralen Ort und hilft Ihnen, den \u00dcberblick zu behalten.<\/p>\n\n\n\n<p style=\"font-size:16px\"><strong>Tipp:<\/strong> Nach Abschluss einer Schulung k\u00f6nnen Sie einfach alle Zertifikate hochladen und Ihrem Profil hinzuf\u00fcgen, um Ihre Leistungen zu pr\u00e4sentieren.<\/p>\n\n\n\n<div style=\"height:15px\" aria-hidden=\"true\" class=\"wp-block-spacer\"><\/div>\n\n\n\n<h4 class=\"wp-block-heading\" style=\"font-size:16px\">4. Empfehlungen<\/h4>\n\n\n\n<p style=\"font-size:16px\">Oben in Ihrem Profil finden Sie personalisierte <strong>Kompetenzen<\/strong> und <strong>Empfehlungen f\u00fcr die Ausbildung<\/strong> die auf Ihre Entwicklungsbed\u00fcrfnisse zugeschnitten sind.<\/p>\n\n\n\n<figure class=\"gb-block-image gb-block-image-f6d40092\"><img decoding=\"async\" width=\"523\" height=\"238\" class=\"gb-image gb-image-f6d40092 shadow\" src=\"https:\/\/www.teammeter.com\/wp-content\/uploads\/2025\/01\/4-Recommendations.png\" alt=\"Bildschirm der Ausbildungsempfehlungen\" title=\"4 - Empfehlungen\" srcset=\"https:\/\/www.teammeter.com\/wp-content\/uploads\/2025\/01\/4-Recommendations.png 523w, https:\/\/www.teammeter.com\/wp-content\/uploads\/2025\/01\/4-Recommendations-300x137.png 300w, https:\/\/www.teammeter.com\/wp-content\/uploads\/2025\/01\/4-Recommendations-18x8.png 18w\" sizes=\"(max-width: 523px) 100vw, 523px\" \/><\/figure>\n\n\n\n<p style=\"font-size:16px\">Sie k\u00f6nnen auch die drei wichtigsten F\u00e4higkeiten, die Sie im Laufe des Jahres entwickelt haben, aufzeichnen, was als Motivation f\u00fcr weiteres Wachstum dienen kann.<\/p>\n\n\n\n<div style=\"height:15px\" aria-hidden=\"true\" class=\"wp-block-spacer\"><\/div>\n\n\n\n<h4 class=\"wp-block-heading\" style=\"font-size:16px\">5. Zusammenfassung<\/h4>\n\n\n\n<p style=\"font-size:16px\">Mit Teammeter k\u00f6nnen Sie Kompetenzl\u00fccken identifizieren, personalisierte Lernpfade erstellen und den Fortschritt durch Echtzeitanalysen verfolgen. Dies hilft sowohl Ihnen als auch Ihrem Team, ihr volles Potenzial auszusch\u00f6pfen.<\/p>\n\n<\/div>\n\n\n<p><\/p>","protected":false},"excerpt":{"rendered":"<p>Verwalten Sie Ihr Kompetenzprofil (Rolle, Vorgesetzter...) Teammeter wurde entwickelt, um Ihnen zu helfen, Ihre Kompetenzen zu verbessern und Ihre Karriereziele zu erreichen. In diesem Leitfaden gehen wir die wichtigsten Merkmale eines Kompetenzprofils f\u00fcr Mitarbeiter durch. 1. Profil\u00fcbersicht In der Profilkachel k\u00f6nnen Sie Ihre Rolle ausw\u00e4hlen, indem Sie auf den Link klicken und die Suchleiste verwenden ... <a title=\"Ihr Kompetenzprofil verwalten\" class=\"read-more\" href=\"https:\/\/www.teammeter.com\/de\/documentation\/manage-your-skill-profile\/\" aria-label=\"Mehr Informationen \u00fcber Manage your skill profile\">Weiterlesen \u2026<\/a><\/p>","protected":false},"author":5,"featured_media":0,"parent":1221,"menu_order":0,"comment_status":"closed","ping_status":"closed","template":"","meta":{"inline_featured_image":false,"footnotes":""},"class_list":["post-7534","page","type-page","status-publish"],"_links":{"self":[{"href":"https:\/\/www.teammeter.com\/de\/wp-json\/wp\/v2\/pages\/7534","targetHints":{"allow":["GET"]}}],"collection":[{"href":"https:\/\/www.teammeter.com\/de\/wp-json\/wp\/v2\/pages"}],"about":[{"href":"https:\/\/www.teammeter.com\/de\/wp-json\/wp\/v2\/types\/page"}],"author":[{"embeddable":true,"href":"https:\/\/www.teammeter.com\/de\/wp-json\/wp\/v2\/users\/5"}],"replies":[{"embeddable":true,"href":"https:\/\/www.teammeter.com\/de\/wp-json\/wp\/v2\/comments?post=7534"}],"version-history":[{"count":15,"href":"https:\/\/www.teammeter.com\/de\/wp-json\/wp\/v2\/pages\/7534\/revisions"}],"predecessor-version":[{"id":12550,"href":"https:\/\/www.teammeter.com\/de\/wp-json\/wp\/v2\/pages\/7534\/revisions\/12550"}],"up":[{"embeddable":true,"href":"https:\/\/www.teammeter.com\/de\/wp-json\/wp\/v2\/pages\/1221"}],"wp:attachment":[{"href":"https:\/\/www.teammeter.com\/de\/wp-json\/wp\/v2\/media?parent=7534"}],"curies":[{"name":"wp","href":"https:\/\/api.w.org\/{rel}","templated":true}]}}