{"id":7545,"date":"2024-10-21T14:15:39","date_gmt":"2024-10-21T14:15:39","guid":{"rendered":"https:\/\/www.teammeter.com\/?page_id=7545"},"modified":"2025-05-13T09:45:38","modified_gmt":"2025-05-13T09:45:38","slug":"den-kompetenzkatalog-verwalten","status":"publish","type":"page","link":"https:\/\/www.teammeter.com\/de\/documentation\/manage-the-skill-catalog\/","title":{"rendered":"Verwalten Sie den Kompetenzkatalog"},"content":{"rendered":"<div class=\"gb-container gb-container-a6fb9408 shadow\">\n<div class=\"gb-container gb-container-84124aac\">\n\n<h2 class=\"wp-block-heading\" style=\"font-size:16px;text-decoration:underline\"><strong>Wie benutzt man den Kompetenzkatalog?<\/strong><\/h2>\n\n\n<div class=\"gb-container gb-container-a1e8891c\">\n\n<figure class=\"wp-block-video\"><video height=\"1080\" style=\"aspect-ratio: 1920 \/ 1080;\" width=\"1920\" controls src=\"https:\/\/www.teammeter.com\/wp-content\/uploads\/2025\/05\/Skill_Catalog_20250513_final.mp4\"><\/video><\/figure>\n\n<\/div>\n\n\n<div style=\"height:100px\" aria-hidden=\"true\" class=\"wp-block-spacer\"><\/div>\n\n\n\n<h1 class=\"wp-block-heading\">\ud83d\udcd8 Verwalten Sie den Skill-Katalog<\/h1>\n\n\n\n<figure class=\"gb-block-image gb-block-image-620d8dc2\"><img decoding=\"async\" width=\"2298\" height=\"1308\" class=\"gb-image gb-image-620d8dc2\" src=\"https:\/\/www.teammeter.com\/wp-content\/uploads\/2025\/01\/skill-catalog.png\" alt=\"\" title=\"Kompetenzkatalog\" srcset=\"https:\/\/www.teammeter.com\/wp-content\/uploads\/2025\/01\/skill-catalog.png 2298w, https:\/\/www.teammeter.com\/wp-content\/uploads\/2025\/01\/skill-catalog-300x171.png 300w, https:\/\/www.teammeter.com\/wp-content\/uploads\/2025\/01\/skill-catalog-1024x583.png 1024w, https:\/\/www.teammeter.com\/wp-content\/uploads\/2025\/01\/skill-catalog-768x437.png 768w, https:\/\/www.teammeter.com\/wp-content\/uploads\/2025\/01\/skill-catalog-1536x874.png 1536w, https:\/\/www.teammeter.com\/wp-content\/uploads\/2025\/01\/skill-catalog-2048x1166.png 2048w, https:\/\/www.teammeter.com\/wp-content\/uploads\/2025\/01\/skill-catalog-18x10.png 18w\" sizes=\"(max-width: 2298px) 100vw, 2298px\" \/><\/figure>\n\n\n\n<p>Die <strong>Skill-Katalog<\/strong> ist eine leistungsstarke Funktion in Teammeter, die Ihnen dabei hilft, Ihre F\u00e4higkeiten zu organisieren, zu verwalten und mit der Struktur und den Funktionen Ihres Unternehmens abzustimmen. Dieser Leitfaden f\u00fchrt Sie durch alles, was Sie wissen m\u00fcssen, einschlie\u00dflich der KI-gest\u00fctzten Funktionen, die einen Gro\u00dfteil des Prozesses automatisieren.<\/p>\n\n\n\n<div style=\"height:50px\" aria-hidden=\"true\" class=\"wp-block-spacer\"><\/div>\n\n\n\n<h2 class=\"wp-block-heading\">\ud83e\udde9 Was ist der Skill-Katalog?<\/h2>\n\n\n\n<p>Die <strong>Skill-Katalog<\/strong> repr\u00e4sentiert die gesamte Bandbreite an F\u00e4higkeiten innerhalb Ihres Unternehmens. Es entwickelt sich mit Ihren Rollen, Teams und Funktionen weiter und bietet eine klare, zentrale M\u00f6glichkeit, F\u00e4higkeiten in Ihrer Belegschaft zu definieren und zu verfolgen.<\/p>\n\n\n\n<div style=\"height:50px\" aria-hidden=\"true\" class=\"wp-block-spacer\"><\/div>\n\n\n\n<h2 class=\"wp-block-heading\">\ud83d\ude80 Erste Schritte: Zuerst Rollen erstellen<\/h2>\n\n\n\n<p>Um mit dem Aufbau Ihres Skill-Katalogs zu beginnen, empfehlen wir Ihnen, mit <strong>Rollen<\/strong> die mit den Stellenbeschreibungen in Ihrem Unternehmen \u00fcbereinstimmen. Die Definition von Rollen hilft Ihnen zun\u00e4chst:<\/p>\n\n\n\n<ul class=\"wp-block-list\">\n<li>Strukturieren Sie Ihren Katalog logisch<\/li>\n\n\n\n<li>Identifizieren Sie relevante F\u00e4higkeiten nach Funktion<\/li>\n\n\n\n<li>Anpassen der Kompetenzerfassung an Ihre organisatorischen Anforderungen<\/li>\n<\/ul>\n\n\n\n<h3 class=\"wp-block-heading\">\u2795 So f\u00fcgen Sie eine Rolle hinzu<\/h3>\n\n\n\n<ol class=\"wp-block-list\">\n<li>Klicken Sie auf die <strong>hinzuf\u00fcgen<\/strong> Taste.<\/li>\n\n\n\n<li>Geben Sie die <strong>Rollenname<\/strong>.<\/li>\n\n\n\n<li>Die KI von Teammeter schl\u00e4gt durch automatische Vervollst\u00e4ndigung relevante F\u00e4higkeiten vor.<\/li>\n\n\n\n<li>Die vorgeschlagenen F\u00e4higkeiten werden automatisch in die entsprechenden Kategorien eingeordnet.<\/li>\n<\/ol>\n\n\n\n<figure class=\"gb-block-image gb-block-image-f5ff90b5\"><img decoding=\"async\" width=\"1000\" height=\"483\" class=\"gb-image gb-image-f5ff90b5\" src=\"https:\/\/www.teammeter.com\/wp-content\/uploads\/2025\/05\/Capture-decran-2025-05-13-a-11.32.33.png\" alt=\"\" title=\"Bildschirmaufnahme 2025-05-13 \u00e0 11.32.33\" srcset=\"https:\/\/www.teammeter.com\/wp-content\/uploads\/2025\/05\/Capture-decran-2025-05-13-a-11.32.33.png 1000w, https:\/\/www.teammeter.com\/wp-content\/uploads\/2025\/05\/Capture-decran-2025-05-13-a-11.32.33-300x145.png 300w, https:\/\/www.teammeter.com\/wp-content\/uploads\/2025\/05\/Capture-decran-2025-05-13-a-11.32.33-768x371.png 768w, https:\/\/www.teammeter.com\/wp-content\/uploads\/2025\/05\/Capture-decran-2025-05-13-a-11.32.33-18x9.png 18w\" sizes=\"(max-width: 1000px) 100vw, 1000px\" \/><\/figure>\n\n\n\n<p>Sie k\u00f6nnen auch <strong>benutzerdefinierte F\u00e4higkeiten manuell hinzuf\u00fcgen<\/strong> zu jeder Zeit.<\/p>\n\n\n\n<div style=\"height:50px\" aria-hidden=\"true\" class=\"wp-block-spacer\"><\/div>\n\n\n\n<h2 class=\"wp-block-heading\">\ud83d\udee0 F\u00e4higkeiten im Katalog verwalten<\/h2>\n\n\n\n<p>Sie haben die volle Kontrolle dar\u00fcber, wie F\u00e4higkeiten hinzugef\u00fcgt, bearbeitet und organisiert werden.<\/p>\n\n\n\n<h3 class=\"wp-block-heading\">\u270f\ufe0f Fertigkeiten hinzuf\u00fcgen oder bearbeiten<\/h3>\n\n\n\n<ul class=\"wp-block-list\">\n<li>Klicken Sie auf <strong>\"F\u00e4higkeit hinzuf\u00fcgen\"<\/strong> um eine neue zu erstellen.<\/li>\n\n\n\n<li>W\u00e4hlen Sie eine vorhandene Fertigkeit aus, um <strong>bearbeiten<\/strong> seine Details.<\/li>\n<\/ul>\n\n\n\n<figure class=\"gb-block-image gb-block-image-d9a8a47b\"><img decoding=\"async\" width=\"1076\" height=\"625\" class=\"gb-image gb-image-d9a8a47b\" src=\"https:\/\/www.teammeter.com\/wp-content\/uploads\/2025\/01\/skill-catalog-skill-1.png\" alt=\"Bildschirm des Kompetenzkatalogs\" title=\"Kompetenzkatalog - Kompetenz\" srcset=\"https:\/\/www.teammeter.com\/wp-content\/uploads\/2025\/01\/skill-catalog-skill-1.png 1076w, https:\/\/www.teammeter.com\/wp-content\/uploads\/2025\/01\/skill-catalog-skill-1-300x174.png 300w, https:\/\/www.teammeter.com\/wp-content\/uploads\/2025\/01\/skill-catalog-skill-1-1024x595.png 1024w, https:\/\/www.teammeter.com\/wp-content\/uploads\/2025\/01\/skill-catalog-skill-1-768x446.png 768w, https:\/\/www.teammeter.com\/wp-content\/uploads\/2025\/01\/skill-catalog-skill-1-18x10.png 18w\" sizes=\"(max-width: 1076px) 100vw, 1076px\" \/><\/figure>\n\n\n\n<h3 class=\"wp-block-heading\">\ud83d\udd04 Organisieren Sie Ihre Fertigkeiten<\/h3>\n\n\n\n<ul class=\"wp-block-list\">\n<li><strong>Verschieben, zusammenf\u00fchren oder l\u00f6schen<\/strong> eine F\u00e4higkeit \u00fcber das Men\u00fc am unteren Rand des Bildschirms, nachdem du sie ausgew\u00e4hlt hast.<\/li>\n\n\n\n<li>F\u00e4higkeiten gruppieren in <strong>benutzerdefinierte Kategorien<\/strong> auf der Grundlage der Struktur Ihres Unternehmens oder Ihrer Branche.<\/li>\n<\/ul>\n\n\n\n<div style=\"height:50px\" aria-hidden=\"true\" class=\"wp-block-spacer\"><\/div>\n\n\n\n<h2 class=\"wp-block-heading\">\ud83c\udf10 Mehrsprachige Unterst\u00fctzung<\/h2>\n\n\n\n<p>Der Skill-Katalog unterst\u00fctzt mehrere Sprachen. Wenn Sie eine Fertigkeit erstellen oder bearbeiten, k\u00f6nnen Sie:<\/p>\n\n\n\n<ul class=\"wp-block-list\">\n<li>W\u00e4hlen Sie eine <strong>Sprache<\/strong> (Englisch, Franz\u00f6sisch oder Deutsch)<\/li>\n\n\n\n<li>Geben Sie die Namen der F\u00e4higkeiten in mehreren Sprachen an<\/li>\n<\/ul>\n\n\n\n<p>Dies gew\u00e4hrleistet die Erreichbarkeit f\u00fcr alle Teammitglieder in allen Regionen.<\/p>\n\n\n\n<div style=\"height:50px\" aria-hidden=\"true\" class=\"wp-block-spacer\"><\/div>\n\n\n\n<h2 class=\"wp-block-heading\">\ud83e\udd16 KI-gest\u00fctzte Automatisierung<\/h2>\n\n\n\n<p>Die KI von Teammeter vereinfacht die Katalogverwaltung durch:<\/p>\n\n\n\n<ul class=\"wp-block-list\">\n<li>Autovervollst\u00e4ndigung von Fertigkeitsnamen<\/li>\n\n\n\n<li>\u00dcbersetzen von Kompetenzbezeichnungen<\/li>\n\n\n\n<li>Ausf\u00fcllen von Beschreibungen<\/li>\n\n\n\n<li>Zuweisung jeder F\u00e4higkeit zur richtigen Kategorie<\/li>\n<\/ul>\n\n\n\n<p>Dies tr\u00e4gt dazu bei, dass <strong>Konsistenz<\/strong>spart Zeit und reduziert die manuelle Arbeit.<\/p>\n\n\n\n<div style=\"height:50px\" aria-hidden=\"true\" class=\"wp-block-spacer\"><\/div>\n\n\n\n<h2 class=\"wp-block-heading\">\ud83d\udccf Benutzerdefinierte Bewertungsskalen<\/h2>\n\n\n\n<p>Sie k\u00f6nnen Ihre eigenen <strong>Skalen zur Bewertung von F\u00e4higkeiten<\/strong> abh\u00e4ngig von Ihrem Anwendungsfall:<\/p>\n\n\n\n<ul class=\"wp-block-list\">\n<li>Unterschiedliche Skalen f\u00fcr <strong>soziale Kompetenzen<\/strong>, <strong>technische F\u00e4higkeiten<\/strong>, oder <strong>Sprachen<\/strong><\/li>\n\n\n\n<li>Unterst\u00fctzung von 5-Punkte-Skalen oder vollst\u00e4ndig angepassten Rahmenwerken<\/li>\n<\/ul>\n\n\n\n<p>Passen Sie die Bewertungsmethoden an Ihre internen Bewertungsstandards an.<\/p>\n\n\n\n<div style=\"height:50px\" aria-hidden=\"true\" class=\"wp-block-spacer\"><\/div>\n\n\n\n<h2 class=\"wp-block-heading\">\u2705 Zusammenfassung<\/h2>\n\n\n\n<p>Die <strong>Skill-Katalog<\/strong> ist Ihre zentrale L\u00f6sung f\u00fcr die Verwaltung von Kompetenzen in Ihrem Unternehmen. Sie passt sich an das Wachstum Ihres Unternehmens an - und mit KI als Kernst\u00fcck hilft sie, die schweren Aufgaben zu automatisieren, damit Ihr Katalog strukturiert, aktuell und einfach zu verwalten bleibt.<\/p>\n\n<\/div>\n<\/div>","protected":false},"excerpt":{"rendered":"<p>Wie verwende ich den Skill-Katalog? \ud83d\udcd8 Verwalten des Skill-Katalogs Der Skill-Katalog ist eine leistungsstarke Funktion in Teammeter, die Ihnen hilft, Skills zu organisieren, zu verwalten und mit der Struktur und den Funktionen Ihrer Organisation abzugleichen. Dieser Leitfaden f\u00fchrt Sie durch alles, was Sie wissen m\u00fcssen, einschlie\u00dflich der KI-gest\u00fctzten Funktionen, die einen Gro\u00dfteil des Prozesses automatisieren. \ud83e\udde9 ... <a title=\"Verwalten Sie den Kompetenzkatalog\" class=\"read-more\" href=\"https:\/\/www.teammeter.com\/de\/documentation\/manage-the-skill-catalog\/\" aria-label=\"Mehr Informationen \u00fcber Manage the skill catalog\">Weiterlesen \u2026<\/a><\/p>","protected":false},"author":5,"featured_media":0,"parent":1221,"menu_order":0,"comment_status":"closed","ping_status":"closed","template":"","meta":{"inline_featured_image":false,"footnotes":""},"class_list":["post-7545","page","type-page","status-publish"],"_links":{"self":[{"href":"https:\/\/www.teammeter.com\/de\/wp-json\/wp\/v2\/pages\/7545","targetHints":{"allow":["GET"]}}],"collection":[{"href":"https:\/\/www.teammeter.com\/de\/wp-json\/wp\/v2\/pages"}],"about":[{"href":"https:\/\/www.teammeter.com\/de\/wp-json\/wp\/v2\/types\/page"}],"author":[{"embeddable":true,"href":"https:\/\/www.teammeter.com\/de\/wp-json\/wp\/v2\/users\/5"}],"replies":[{"embeddable":true,"href":"https:\/\/www.teammeter.com\/de\/wp-json\/wp\/v2\/comments?post=7545"}],"version-history":[{"count":19,"href":"https:\/\/www.teammeter.com\/de\/wp-json\/wp\/v2\/pages\/7545\/revisions"}],"predecessor-version":[{"id":10755,"href":"https:\/\/www.teammeter.com\/de\/wp-json\/wp\/v2\/pages\/7545\/revisions\/10755"}],"up":[{"embeddable":true,"href":"https:\/\/www.teammeter.com\/de\/wp-json\/wp\/v2\/pages\/1221"}],"wp:attachment":[{"href":"https:\/\/www.teammeter.com\/de\/wp-json\/wp\/v2\/media?parent=7545"}],"curies":[{"name":"wp","href":"https:\/\/api.w.org\/{rel}","templated":true}]}}