{"id":7676,"date":"2024-10-30T15:57:58","date_gmt":"2024-10-30T15:57:58","guid":{"rendered":"https:\/\/www.teammeter.com\/?page_id=7676"},"modified":"2024-10-30T16:00:35","modified_gmt":"2024-10-30T16:00:35","slug":"benachrichtigungen-uber-schulungen-erhalten","status":"publish","type":"page","link":"https:\/\/www.teammeter.com\/de\/documentation\/receive-training-notifications\/","title":{"rendered":"Benachrichtigungen \u00fcber Schulungen erhalten"},"content":{"rendered":"<div class=\"gb-container gb-container-a6fb9408 shadow\">\n<div class=\"gb-container gb-container-84124aac\">\n\n<h4 class=\"wp-block-heading\" style=\"font-size:16px\">Benachrichtigungen \u00fcber Schulungen erhalten<\/h4>\n\n<\/div>\n\n\n<p style=\"font-size:16px\" class=\"translation-block\">Wenn im Entwicklungsplan eine Schulung enthalten ist, unabh\u00e4ngig davon, ob sie bereits in Bearbeitung oder noch geplant ist, gilt eine verbindliche Frist f\u00fcr den Abschluss. Wird die Schulung nicht fristgerecht abgeschlossen, erfolgt am Tag nach Ablauf automatisch eine Erinnerung per E-Mail.<\/p>\n\n\n\n<h3 class=\"wp-block-heading\" style=\"font-size:16px\">Benachrichtigungen f\u00fcr die Erneuerung von Schulungen<\/h3>\n\n\n\n<p style=\"font-size:16px\">Unsicher, wann eine Schulung erneuert werden muss? Unabh\u00e4ngig davon, ob bereits ein Zertifikat hinterlegt wurde oder nicht, erfolgt rechtzeitig eine Erinnerung, damit keine Verl\u00e4ngerung vers\u00e4umt wird.<\/p>\n\n\n\n<h4 class=\"wp-block-heading\" style=\"font-size:16px\">Wie es funktioniert:<\/h4>\n\n\n\n<ul class=\"wp-block-list\">\n<li style=\"font-size:16px\" class=\"translation-block\"><strong>Wenn ein Zertifikat hinterlegt wurde<\/strong>: Das Ablaufdatum kann festgelegt werden. <strong>Sechs Wochen vor Ablauf<\/strong> erfolgt automatisch eine Benachrichtigung.<\/li>\n\n\n\n<li style=\"font-size:16px\" class=\"translation-block\"><strong>Wenn kein Zertifikat hinterlegt wurde<\/strong>: Solange es sich um eine verpflichtende Schulung handelt und ein Verl\u00e4ngerungsdatum festgelegt wurde, erfolgt <strong>sechs Wochen<\/strong> vor der erforderlichen Verl\u00e4ngerung eine Benachrichtigung.<\/li>\n<\/ul>\n\n\n\n<p style=\"font-size:16px\">Das war's!<\/p>\n\n<\/div>","protected":false},"excerpt":{"rendered":"<p>Receive Training Notifications If you have training in your development plan that is either planned or in progress, there is a deadline for completion. If you do not complete your training on time, you will receive an email reminder the day after the deadline. Notifications for Training Renewals Need to know when your training needs &#8230; <a title=\"Benachrichtigungen \u00fcber Schulungen erhalten\" class=\"read-more\" href=\"https:\/\/www.teammeter.com\/de\/documentation\/receive-training-notifications\/\" aria-label=\"Mehr Informationen \u00fcber Receive Training Notifications\">Weiterlesen \u2026<\/a><\/p>","protected":false},"author":5,"featured_media":0,"parent":1221,"menu_order":0,"comment_status":"closed","ping_status":"closed","template":"","meta":{"inline_featured_image":false,"footnotes":""},"class_list":["post-7676","page","type-page","status-publish"],"_links":{"self":[{"href":"https:\/\/www.teammeter.com\/de\/wp-json\/wp\/v2\/pages\/7676","targetHints":{"allow":["GET"]}}],"collection":[{"href":"https:\/\/www.teammeter.com\/de\/wp-json\/wp\/v2\/pages"}],"about":[{"href":"https:\/\/www.teammeter.com\/de\/wp-json\/wp\/v2\/types\/page"}],"author":[{"embeddable":true,"href":"https:\/\/www.teammeter.com\/de\/wp-json\/wp\/v2\/users\/5"}],"replies":[{"embeddable":true,"href":"https:\/\/www.teammeter.com\/de\/wp-json\/wp\/v2\/comments?post=7676"}],"version-history":[{"count":8,"href":"https:\/\/www.teammeter.com\/de\/wp-json\/wp\/v2\/pages\/7676\/revisions"}],"predecessor-version":[{"id":7688,"href":"https:\/\/www.teammeter.com\/de\/wp-json\/wp\/v2\/pages\/7676\/revisions\/7688"}],"up":[{"embeddable":true,"href":"https:\/\/www.teammeter.com\/de\/wp-json\/wp\/v2\/pages\/1221"}],"wp:attachment":[{"href":"https:\/\/www.teammeter.com\/de\/wp-json\/wp\/v2\/media?parent=7676"}],"curies":[{"name":"wp","href":"https:\/\/api.w.org\/{rel}","templated":true}]}}