{"id":7703,"date":"2024-10-31T08:49:10","date_gmt":"2024-10-31T08:49:10","guid":{"rendered":"https:\/\/www.teammeter.com\/?page_id=7703"},"modified":"2024-11-04T14:04:27","modified_gmt":"2024-11-04T14:04:27","slug":"zugang-zu-den-informationen-der-kollegen","status":"publish","type":"page","link":"https:\/\/www.teammeter.com\/de\/documentation\/access-colleagues-information\/","title":{"rendered":"Auf Informationen von Kolleginnen und Kollegen zugreifen"},"content":{"rendered":"<div class=\"gb-container gb-container-a6fb9408 shadow\">\n<div class=\"gb-container gb-container-84124aac\">\n\n<p style=\"font-size:16px\" class=\"translation-block\">In der <strong>Kompetenzmatrix<\/strong> k\u00f6nnen Teammitglieder die eigenen Kompetenzen einsehen, einschlie\u00dflich aktueller und angestrebter Niveaus.<\/p>\n\n\n\n<p style=\"font-size:16px\" class=\"translation-block\">Es ist auch sichtbar, ob ein Entwicklungsplan besteht oder ein Zertifikat hinterlegt ist \u2013 der Inhalt kann jedoch <strong>nicht eingesehen werden<\/strong>.<\/p>\n\n\n\n<p style=\"font-size:16px\" class=\"translation-block\">\ud83c\udf93 <strong>Entwicklungsplan<\/strong>: Kolleginnen und Kollegen k\u00f6nnen den Namen der Schulung, die zugeordneten Kompetenzen, die Beschreibung und den Status einsehen.<\/p>\n\n\n\n<p style=\"font-size:16px\" class=\"translation-block\">\ud83c\udfc5 <strong>Zertifikat<\/strong>: Teammitglieder k\u00f6nnen den Namen des Zertifikats, den Namen der ausstellenden Organisation und den Status einsehen.<\/p>\n\n\n\n<div style=\"height:20px\" aria-hidden=\"true\" class=\"wp-block-spacer\"><\/div>\n\n\n\n<p style=\"font-size:16px\" class=\"translation-block\"><strong>Nur F\u00fchrungskr\u00e4fte haben detaillierten Zugriff auf Entwicklungspl\u00e4ne und Zertifikate<\/strong>. So wird sichergestellt, dass vertrauliche Informationen in Zertifikaten wie Geburtsdatum oder Adresse vertraulich bleiben.<\/p>\n\n\n\n<figure class=\"gb-block-image gb-block-image-fc552817\"><img decoding=\"async\" width=\"2496\" height=\"1470\" class=\"gb-image gb-image-fc552817\" src=\"https:\/\/www.teammeter.com\/wp-content\/uploads\/2024\/11\/Capture-decran-2024-11-04-a-14.53.18.png\" alt=\"\" title=\"Capture-decran-2024-11-04-a-14.53.18\" srcset=\"https:\/\/www.teammeter.com\/wp-content\/uploads\/2024\/11\/Capture-decran-2024-11-04-a-14.53.18.png 2496w, https:\/\/www.teammeter.com\/wp-content\/uploads\/2024\/11\/Capture-decran-2024-11-04-a-14.53.18-300x177.png 300w, https:\/\/www.teammeter.com\/wp-content\/uploads\/2024\/11\/Capture-decran-2024-11-04-a-14.53.18-1024x603.png 1024w, https:\/\/www.teammeter.com\/wp-content\/uploads\/2024\/11\/Capture-decran-2024-11-04-a-14.53.18-768x452.png 768w, https:\/\/www.teammeter.com\/wp-content\/uploads\/2024\/11\/Capture-decran-2024-11-04-a-14.53.18-1536x905.png 1536w, https:\/\/www.teammeter.com\/wp-content\/uploads\/2024\/11\/Capture-decran-2024-11-04-a-14.53.18-2048x1206.png 2048w, https:\/\/www.teammeter.com\/wp-content\/uploads\/2024\/11\/Capture-decran-2024-11-04-a-14.53.18-18x12.png 18w\" sizes=\"(max-width: 2496px) 100vw, 2496px\" \/><\/figure>\n\n<\/div>\n<\/div>","protected":false},"excerpt":{"rendered":"<p>In the skills matrix, team members can view your skills, including current levels and target levels. They can also see if you have a development plan or hold a certificate, but they cannot click to view the content. \ud83c\udf93 Development plan: Colleague can view the name of the training, associated skills, description, and status. \ud83c\udfc5 &#8230; <a title=\"Zugang zu Informationen von Kollegen\" class=\"read-more\" href=\"https:\/\/www.teammeter.com\/de\/documentation\/access-colleagues-information\/\" aria-label=\"Mehr Informationen \u00fcber Access colleagues&#8217; information\">Weiterlesen \u2026<\/a><\/p>","protected":false},"author":5,"featured_media":0,"parent":1221,"menu_order":0,"comment_status":"closed","ping_status":"closed","template":"","meta":{"inline_featured_image":false,"footnotes":""},"class_list":["post-7703","page","type-page","status-publish"],"_links":{"self":[{"href":"https:\/\/www.teammeter.com\/de\/wp-json\/wp\/v2\/pages\/7703","targetHints":{"allow":["GET"]}}],"collection":[{"href":"https:\/\/www.teammeter.com\/de\/wp-json\/wp\/v2\/pages"}],"about":[{"href":"https:\/\/www.teammeter.com\/de\/wp-json\/wp\/v2\/types\/page"}],"author":[{"embeddable":true,"href":"https:\/\/www.teammeter.com\/de\/wp-json\/wp\/v2\/users\/5"}],"replies":[{"embeddable":true,"href":"https:\/\/www.teammeter.com\/de\/wp-json\/wp\/v2\/comments?post=7703"}],"version-history":[{"count":18,"href":"https:\/\/www.teammeter.com\/de\/wp-json\/wp\/v2\/pages\/7703\/revisions"}],"predecessor-version":[{"id":7769,"href":"https:\/\/www.teammeter.com\/de\/wp-json\/wp\/v2\/pages\/7703\/revisions\/7769"}],"up":[{"embeddable":true,"href":"https:\/\/www.teammeter.com\/de\/wp-json\/wp\/v2\/pages\/1221"}],"wp:attachment":[{"href":"https:\/\/www.teammeter.com\/de\/wp-json\/wp\/v2\/media?parent=7703"}],"curies":[{"name":"wp","href":"https:\/\/api.w.org\/{rel}","templated":true}]}}