{"id":7720,"date":"2024-10-31T16:08:56","date_gmt":"2024-10-31T16:08:56","guid":{"rendered":"https:\/\/www.teammeter.com\/?page_id=7720"},"modified":"2024-10-31T16:13:19","modified_gmt":"2024-10-31T16:13:19","slug":"feedback-an-mitarbeiter-oder-kollegen-geben","status":"publish","type":"page","link":"https:\/\/www.teammeter.com\/de\/documentation\/give-feedback-to-employees-or-colleagues\/","title":{"rendered":"Feedback an Mitarbeitende geben"},"content":{"rendered":"<div class=\"gb-container gb-container-a6fb9408 shadow\">\n<div class=\"gb-container gb-container-84124aac\">\n\n<h3 class=\"wp-block-heading\" style=\"font-size:16px\">Wie kann man Mitarbeitenden Feedback geben?<\/h3>\n\n\n\n<p style=\"font-size:16px\" class=\"translation-block\"><strong>1. Auf den Feedback-Bereich zugreifen<\/strong><br>\u00d6ffnen Sie zun\u00e4chst das Profil der Kollegin oder des Kollegen, zu der bzw. dem Sie Feedback geben m\u00f6chten. Klicken Sie im Bereich \u201eFeedback\u201c auf \u201eFeedbackbogen erstellen\u201c. Dadurch wird ein eigener Bereich ge\u00f6ffnet, in dem die wichtigsten Kompetenzen der Person zusammen mit ihrer Selbsteinsch\u00e4tzung angezeigt werden.<\/p>\n\n\n\n<figure class=\"gb-block-image gb-block-image-fc552817\"><img decoding=\"async\" width=\"2342\" height=\"1470\" class=\"gb-image gb-image-fc552817\" src=\"https:\/\/www.teammeter.com\/wp-content\/uploads\/2024\/10\/Capture-decran-2024-10-31-a-16.58.14.png\" alt=\"\" title=\"Capture-decran-2024-10-31-a-16.58.14\" srcset=\"https:\/\/www.teammeter.com\/wp-content\/uploads\/2024\/10\/Capture-decran-2024-10-31-a-16.58.14.png 2342w, https:\/\/www.teammeter.com\/wp-content\/uploads\/2024\/10\/Capture-decran-2024-10-31-a-16.58.14-300x188.png 300w, https:\/\/www.teammeter.com\/wp-content\/uploads\/2024\/10\/Capture-decran-2024-10-31-a-16.58.14-1024x643.png 1024w, https:\/\/www.teammeter.com\/wp-content\/uploads\/2024\/10\/Capture-decran-2024-10-31-a-16.58.14-768x482.png 768w, https:\/\/www.teammeter.com\/wp-content\/uploads\/2024\/10\/Capture-decran-2024-10-31-a-16.58.14-1536x964.png 1536w, https:\/\/www.teammeter.com\/wp-content\/uploads\/2024\/10\/Capture-decran-2024-10-31-a-16.58.14-2048x1285.png 2048w, https:\/\/www.teammeter.com\/wp-content\/uploads\/2024\/10\/Capture-decran-2024-10-31-a-16.58.14-18x12.png 18w\" sizes=\"(max-width: 2342px) 100vw, 2342px\" \/><\/figure>\n\n\n\n<p style=\"font-size:16px\" class=\"translation-block\"><strong>2. Kompetenzen einsch\u00e4tzen<\/strong><br>Sobald Sie sich im Feedbackbogen befinden, k\u00f6nnen Sie f\u00fcr jede Kompetenz eine Einsch\u00e4tzung auf Basis Ihrer Beobachtungen abgeben. Ob aus der Zusammenarbeit in Projekten oder der Teilnahme an Meetings \u2013 diese Einsch\u00e4tzung hilft Ihrer Kollegin oder Ihrem Kollegen zu verstehen, wie ihre bzw. seine Kompetenzen von anderen wahrgenommen werden.<\/p>\n\n\n\n<p style=\"font-size:16px\" class=\"translation-block\"><strong>3. Detaillierte Beobachtungen geben<\/strong><br>Im Kommentarfeld k\u00f6nnen Sie ausf\u00fchrlicheres Feedback teilen, zum Beispiel Anerkennung f\u00fcr St\u00e4rken oder konstruktive Hinweise zur Weiterentwicklung. Dieses schriftliche Feedback bietet klare Orientierung und erm\u00f6glicht es Ihrer Kollegin oder Ihrem Kollegen, sich gezielt auf bestimmte Wachstumsbereiche zu konzentrieren.<\/p>\n\n\n\n<figure class=\"gb-block-image gb-block-image-d4f8eec3\"><img decoding=\"async\" width=\"1786\" height=\"1012\" class=\"gb-image gb-image-d4f8eec3\" src=\"https:\/\/www.teammeter.com\/wp-content\/uploads\/2024\/10\/Capture-decran-2024-10-31-a-17.03.56.png\" alt=\"\" title=\"Capture-decran-2024-10-31-a-17.03.56\" srcset=\"https:\/\/www.teammeter.com\/wp-content\/uploads\/2024\/10\/Capture-decran-2024-10-31-a-17.03.56.png 1786w, https:\/\/www.teammeter.com\/wp-content\/uploads\/2024\/10\/Capture-decran-2024-10-31-a-17.03.56-300x170.png 300w, https:\/\/www.teammeter.com\/wp-content\/uploads\/2024\/10\/Capture-decran-2024-10-31-a-17.03.56-1024x580.png 1024w, https:\/\/www.teammeter.com\/wp-content\/uploads\/2024\/10\/Capture-decran-2024-10-31-a-17.03.56-768x435.png 768w, https:\/\/www.teammeter.com\/wp-content\/uploads\/2024\/10\/Capture-decran-2024-10-31-a-17.03.56-1536x870.png 1536w, https:\/\/www.teammeter.com\/wp-content\/uploads\/2024\/10\/Capture-decran-2024-10-31-a-17.03.56-18x10.png 18w\" sizes=\"(max-width: 1786px) 100vw, 1786px\" \/><\/figure>\n\n\n\n<h3 class=\"wp-block-heading\" style=\"font-size:16px\">Feedback von Kolleginnen und Kollegen erhalten<\/h3>\n\n\n\n<p style=\"font-size:16px\" class=\"translation-block\"><strong>4. Feedback-\u00dcbersicht anzeigen<\/strong><br>In Ihrem eigenen Profil k\u00f6nnen Sie eine \u00dcbersichtstabelle mit allen Feedbacks Ihrer Kolleginnen, Kollegen und Ihrer F\u00fchrungskraft einsehen. Diese \u00dcbersicht bietet einen vollst\u00e4ndigen \u00dcberblick und zeigt Bewertungen sowie Kommentare zu Ihren Kompetenzen, die als Grundlage f\u00fcr Ihren pers\u00f6nlichen Entwicklungsplan dienen k\u00f6nnen.<\/p>\n\n\n\n<figure class=\"gb-block-image gb-block-image-b8cfc598\"><img decoding=\"async\" width=\"2346\" height=\"754\" class=\"gb-image gb-image-b8cfc598\" src=\"https:\/\/www.teammeter.com\/wp-content\/uploads\/2024\/10\/Capture-decran-2024-10-31-a-17.07.17.png\" alt=\"\" title=\"Capture-decran-2024-10-31-a-17.07.17\" srcset=\"https:\/\/www.teammeter.com\/wp-content\/uploads\/2024\/10\/Capture-decran-2024-10-31-a-17.07.17.png 2346w, https:\/\/www.teammeter.com\/wp-content\/uploads\/2024\/10\/Capture-decran-2024-10-31-a-17.07.17-300x96.png 300w, https:\/\/www.teammeter.com\/wp-content\/uploads\/2024\/10\/Capture-decran-2024-10-31-a-17.07.17-1024x329.png 1024w, https:\/\/www.teammeter.com\/wp-content\/uploads\/2024\/10\/Capture-decran-2024-10-31-a-17.07.17-768x247.png 768w, https:\/\/www.teammeter.com\/wp-content\/uploads\/2024\/10\/Capture-decran-2024-10-31-a-17.07.17-1536x494.png 1536w, https:\/\/www.teammeter.com\/wp-content\/uploads\/2024\/10\/Capture-decran-2024-10-31-a-17.07.17-2048x658.png 2048w, https:\/\/www.teammeter.com\/wp-content\/uploads\/2024\/10\/Capture-decran-2024-10-31-a-17.07.17-18x6.png 18w\" sizes=\"(max-width: 2346px) 100vw, 2346px\" \/><\/figure>\n\n\n\n<h3 class=\"wp-block-heading\" style=\"font-size:16px\">Fazit<\/h3>\n\n\n\n<p style=\"font-size:16px\">Das Feedbackbogen-Feature von Teammeter ver\u00e4ndert die Art und Weise, wie Teams mit Feedback umgehen, indem es den Prozess kollaborativ und unkompliziert gestaltet. Durch unmittelbare R\u00fcckmeldungen von Kolleginnen, Kollegen und F\u00fchrungskr\u00e4ften wird das Teilen wertvoller Einblicke erleichtert. So k\u00f6nnen alle Beteiligten gezielt zentrale Entwicklungsbereiche identifizieren und gemeinsam auf den Teamerfolg hinarbeiten.<\/p>\n\n<\/div>\n<\/div>","protected":false},"excerpt":{"rendered":"<p>Wie kann man Mitarbeitern Feedback geben? 1. Greifen Sie auf den Bereich \"Feedback\" zuUm zu beginnen, navigieren Sie zum Profil des Kollegen, den Sie bewerten m\u00f6chten. Klicken Sie im Bereich \"Feedback\" auf \"Feedbackbogen erstellen\". Dadurch wird ein spezieller Bereich ge\u00f6ffnet, in dem die wichtigsten F\u00e4higkeiten des Mitarbeiters zusammen mit seiner Selbsteinsch\u00e4tzung angezeigt werden. 2. Bewerten Sie die F\u00e4higkeitenSobald Sie sich im ... <a title=\"Feedback an Mitarbeitende geben\" class=\"read-more\" href=\"https:\/\/www.teammeter.com\/de\/documentation\/give-feedback-to-employees-or-colleagues\/\" aria-label=\"Mehr Informationen \u00fcber Feedback an Mitarbeiter geben\">Weiterlesen \u2026<\/a><\/p>","protected":false},"author":5,"featured_media":0,"parent":1221,"menu_order":0,"comment_status":"closed","ping_status":"closed","template":"","meta":{"inline_featured_image":false,"footnotes":""},"class_list":["post-7720","page","type-page","status-publish"],"_links":{"self":[{"href":"https:\/\/www.teammeter.com\/de\/wp-json\/wp\/v2\/pages\/7720","targetHints":{"allow":["GET"]}}],"collection":[{"href":"https:\/\/www.teammeter.com\/de\/wp-json\/wp\/v2\/pages"}],"about":[{"href":"https:\/\/www.teammeter.com\/de\/wp-json\/wp\/v2\/types\/page"}],"author":[{"embeddable":true,"href":"https:\/\/www.teammeter.com\/de\/wp-json\/wp\/v2\/users\/5"}],"replies":[{"embeddable":true,"href":"https:\/\/www.teammeter.com\/de\/wp-json\/wp\/v2\/comments?post=7720"}],"version-history":[{"count":6,"href":"https:\/\/www.teammeter.com\/de\/wp-json\/wp\/v2\/pages\/7720\/revisions"}],"predecessor-version":[{"id":7734,"href":"https:\/\/www.teammeter.com\/de\/wp-json\/wp\/v2\/pages\/7720\/revisions\/7734"}],"up":[{"embeddable":true,"href":"https:\/\/www.teammeter.com\/de\/wp-json\/wp\/v2\/pages\/1221"}],"wp:attachment":[{"href":"https:\/\/www.teammeter.com\/de\/wp-json\/wp\/v2\/media?parent=7720"}],"curies":[{"name":"wp","href":"https:\/\/api.w.org\/{rel}","templated":true}]}}