{"id":8043,"date":"2024-12-02T16:18:06","date_gmt":"2024-12-02T16:18:06","guid":{"rendered":"https:\/\/www.teammeter.com\/?page_id=8043"},"modified":"2025-01-31T10:06:09","modified_gmt":"2025-01-31T10:06:09","slug":"wie-man-mitarbeiter-in-ein-team-einladt","status":"publish","type":"page","link":"https:\/\/www.teammeter.com\/de\/documentation\/how-to-invite-employees-to-a-team\/","title":{"rendered":"So laden Sie Mitarbeitende zu Teammeter ein"},"content":{"rendered":"<div class=\"gb-container gb-container-a6fb9408 shadow\">\n\n<p style=\"font-size:16px\"><strong>M\u00f6chten Sie Mitarbeitende zu Teammeter einladen?<\/strong> Dann sind Sie hier richtig!<\/p>\n\n\n\n<p style=\"font-size:16px\"><strong>Es gibt mehrere M\u00f6glichkeiten, Mitarbeitende zu Teammeter hinzuzuf\u00fcgen, je nach Rolle und Funktion in Ihrem Unternehmen<\/strong>. Um den Prozess zu erleichtern, haben wir die Optionen unten \u00fcbersichtlich dargestellt, sodass Sie die Unterschiede klar erkennen k\u00f6nnen:<\/p>\n\n\n\n<p style=\"font-size:16px\">Hier zeigen wir Ihnen, wie Sie starten k\u00f6nnen!<\/p>\n\n\n<div class=\"gb-container gb-container-5d0299d8 shadow\">\n<div class=\"gb-container gb-container-6e5d7ac4\">\n\n<details class=\"wp-block-details is-layout-flow wp-block-details-is-layout-flow\" style=\"font-size:22px\"><summary>Laden Sie Mitarbeitende zu einem Team ein \ud83d\udc81\u200d\u2640\ufe0f<\/summary><div class=\"gb-container gb-container-02702729\">\n<div class=\"gb-container gb-container-c8fdbc2e\">\n\n<h4 class=\"wp-block-heading\" id=\"invite-employee-to-a-team\" style=\"font-size:16px\">Laden Sie Mitarbeitende in ein Team ein:<\/h4>\n\n\n\n<p style=\"font-size:16px\">Wenn eine Person in ein Team eingeladen wird, erh\u00e4lt diese Zugriff auf den Teambereich \u2013 inklusive Team-Dashboard und aller zugeh\u00f6rigen Metriken. Abh\u00e4ngig von den aktivierten Funktionen in Ihrem Unternehmen stehen Teammitgliedern au\u00dferdem Tools wie die Kompetenzmatrix (sofern freigegeben), die Schulungsmatrix, der Gesundheitscheck, Retrospektiven und Aktionspl\u00e4ne zur Verf\u00fcgung. Dieser gemeinsame Bereich f\u00f6rdert die Zusammenarbeit, st\u00e4rkt die Teamdynamik und unterst\u00fctzt die Kompetenzentwicklung aller Beteiligten.<\/p>\n\n\n\n<p style=\"font-size:16px\">So f\u00fcgen Sie neue Mitglieder zu Ihrem Team hinzu \u2013 folgen Sie einfach diesen Schritten:<\/p>\n\n<\/div>\n\n<div class=\"gb-container gb-container-6506a45b\">\n\n<p style=\"font-size:16px\">1 - \u00d6ffnen Sie in der Navigationsleiste die Seite 'Mitglieder' Ihres Teams.<\/p>\n\n\n\n<figure class=\"gb-block-image gb-block-image-fc552817\"><img decoding=\"async\" width=\"2992\" height=\"1488\" class=\"gb-image gb-image-fc552817\" src=\"https:\/\/www.teammeter.com\/wp-content\/uploads\/2024\/12\/Capture-decran-2024-12-02-a-16.51.27.png\" alt=\"Ein Bildschirm, der die Mitgliederseite in einem Team anzeigt\" title=\"Capture-decran-2024-12-02-a-16.51.27\" srcset=\"https:\/\/www.teammeter.com\/wp-content\/uploads\/2024\/12\/Capture-decran-2024-12-02-a-16.51.27.png 2992w, https:\/\/www.teammeter.com\/wp-content\/uploads\/2024\/12\/Capture-decran-2024-12-02-a-16.51.27-300x149.png 300w, https:\/\/www.teammeter.com\/wp-content\/uploads\/2024\/12\/Capture-decran-2024-12-02-a-16.51.27-1024x509.png 1024w, https:\/\/www.teammeter.com\/wp-content\/uploads\/2024\/12\/Capture-decran-2024-12-02-a-16.51.27-768x382.png 768w, https:\/\/www.teammeter.com\/wp-content\/uploads\/2024\/12\/Capture-decran-2024-12-02-a-16.51.27-1536x764.png 1536w, https:\/\/www.teammeter.com\/wp-content\/uploads\/2024\/12\/Capture-decran-2024-12-02-a-16.51.27-2048x1019.png 2048w, https:\/\/www.teammeter.com\/wp-content\/uploads\/2024\/12\/Capture-decran-2024-12-02-a-16.51.27-18x9.png 18w\" sizes=\"(max-width: 2992px) 100vw, 2992px\" \/><\/figure>\n\n<\/div>\n\n<div class=\"gb-container gb-container-2f625086\">\n\n<p style=\"font-size:16px\">2 - Klicken Sie auf \"+ Mitglied\", um den Einladungsprozess zu starten.<\/p>\n\n\n\n<figure class=\"gb-block-image gb-block-image-9d5686e8\"><img decoding=\"async\" width=\"3006\" height=\"1488\" class=\"gb-image gb-image-9d5686e8\" src=\"https:\/\/www.teammeter.com\/wp-content\/uploads\/2024\/12\/Capture-decran-2024-12-02-a-16.50.02.png\" alt=\"\" title=\"Capture-decran-2024-12-02-a-16.50.02\" srcset=\"https:\/\/www.teammeter.com\/wp-content\/uploads\/2024\/12\/Capture-decran-2024-12-02-a-16.50.02.png 3006w, https:\/\/www.teammeter.com\/wp-content\/uploads\/2024\/12\/Capture-decran-2024-12-02-a-16.50.02-300x149.png 300w, https:\/\/www.teammeter.com\/wp-content\/uploads\/2024\/12\/Capture-decran-2024-12-02-a-16.50.02-1024x507.png 1024w, https:\/\/www.teammeter.com\/wp-content\/uploads\/2024\/12\/Capture-decran-2024-12-02-a-16.50.02-768x380.png 768w, https:\/\/www.teammeter.com\/wp-content\/uploads\/2024\/12\/Capture-decran-2024-12-02-a-16.50.02-1536x760.png 1536w, https:\/\/www.teammeter.com\/wp-content\/uploads\/2024\/12\/Capture-decran-2024-12-02-a-16.50.02-2048x1014.png 2048w, https:\/\/www.teammeter.com\/wp-content\/uploads\/2024\/12\/Capture-decran-2024-12-02-a-16.50.02-18x9.png 18w\" sizes=\"(max-width: 3006px) 100vw, 3006px\" \/><\/figure>\n\n<\/div>\n\n<div class=\"gb-container gb-container-3c137908\">\n\n<p style=\"font-size:16px\">3 - W\u00e4hlen Sie bestehende Teammitglieder aus oder laden Sie neue Personen ein, indem Sie deren E-Mail-Adressen eingeben.<\/p>\n\n\n\n<figure class=\"gb-block-image gb-block-image-5cb62486\"><img decoding=\"async\" width=\"3002\" height=\"1478\" class=\"gb-image gb-image-5cb62486\" src=\"https:\/\/www.teammeter.com\/wp-content\/uploads\/2024\/12\/Capture-decran-2024-12-02-a-16.50.37.png\" alt=\"\" title=\"Capture-decran-2024-12-02-a-16.50.37\" srcset=\"https:\/\/www.teammeter.com\/wp-content\/uploads\/2024\/12\/Capture-decran-2024-12-02-a-16.50.37.png 3002w, https:\/\/www.teammeter.com\/wp-content\/uploads\/2024\/12\/Capture-decran-2024-12-02-a-16.50.37-300x148.png 300w, https:\/\/www.teammeter.com\/wp-content\/uploads\/2024\/12\/Capture-decran-2024-12-02-a-16.50.37-1024x504.png 1024w, https:\/\/www.teammeter.com\/wp-content\/uploads\/2024\/12\/Capture-decran-2024-12-02-a-16.50.37-768x378.png 768w, https:\/\/www.teammeter.com\/wp-content\/uploads\/2024\/12\/Capture-decran-2024-12-02-a-16.50.37-1536x756.png 1536w, https:\/\/www.teammeter.com\/wp-content\/uploads\/2024\/12\/Capture-decran-2024-12-02-a-16.50.37-2048x1008.png 2048w, https:\/\/www.teammeter.com\/wp-content\/uploads\/2024\/12\/Capture-decran-2024-12-02-a-16.50.37-18x9.png 18w\" sizes=\"(max-width: 3002px) 100vw, 3002px\" \/><\/figure>\n\n<\/div>\n\n<div class=\"gb-container gb-container-6f95dc1a\">\n\n<p style=\"font-size:16px\">4 - Weisen Sie den Personen entsprechend ihrer Aufgaben die passenden Berechtigungen zu (Coach, Mitglied, Betrachter)<\/p>\n\n\n\n<p style=\"font-size:16px\"><a href=\"https:\/\/www.teammeter.com\/de\/rollen-in-teammeter\/\" target=\"_blank\" data-type=\"link\" data-id=\"https:\/\/www.teammeter.com\/roles-in-teammeter\" rel=\"noreferrer noopener\">M\u00f6chten Sie mehr \u00fcber Berechtigungen in Teammeter erfahren?<\/a><\/p>\n\n\n\n<figure class=\"gb-block-image gb-block-image-91020975\"><img decoding=\"async\" width=\"3010\" height=\"1486\" class=\"gb-image gb-image-91020975\" src=\"https:\/\/www.teammeter.com\/wp-content\/uploads\/2024\/12\/Capture-decran-2024-12-02-a-16.50.48.png\" alt=\"\" title=\"Capture-decran-2024-12-02-a-16.50.48\" srcset=\"https:\/\/www.teammeter.com\/wp-content\/uploads\/2024\/12\/Capture-decran-2024-12-02-a-16.50.48.png 3010w, https:\/\/www.teammeter.com\/wp-content\/uploads\/2024\/12\/Capture-decran-2024-12-02-a-16.50.48-300x148.png 300w, https:\/\/www.teammeter.com\/wp-content\/uploads\/2024\/12\/Capture-decran-2024-12-02-a-16.50.48-1024x506.png 1024w, https:\/\/www.teammeter.com\/wp-content\/uploads\/2024\/12\/Capture-decran-2024-12-02-a-16.50.48-768x379.png 768w, https:\/\/www.teammeter.com\/wp-content\/uploads\/2024\/12\/Capture-decran-2024-12-02-a-16.50.48-1536x758.png 1536w, https:\/\/www.teammeter.com\/wp-content\/uploads\/2024\/12\/Capture-decran-2024-12-02-a-16.50.48-2048x1011.png 2048w, https:\/\/www.teammeter.com\/wp-content\/uploads\/2024\/12\/Capture-decran-2024-12-02-a-16.50.48-18x9.png 18w\" sizes=\"(max-width: 3010px) 100vw, 3010px\" \/><\/figure>\n\n<\/div>\n\n<div class=\"gb-container gb-container-bec8a076\">\n\n<p style=\"font-size:16px\">5 - Sobald Sie die Einladung best\u00e4tigen, erh\u00e4lt die Person eine E-Mail, um Ihrem Team beizutreten.<\/p>\n\n\n\n<figure class=\"gb-block-image gb-block-image-7b4de482\"><img decoding=\"async\" width=\"2992\" height=\"1488\" class=\"gb-image gb-image-7b4de482\" src=\"https:\/\/www.teammeter.com\/wp-content\/uploads\/2024\/12\/Capture-decran-2024-12-02-a-16.51.27.png\" alt=\"\" title=\"Capture-decran-2024-12-02-a-16.51.27\" srcset=\"https:\/\/www.teammeter.com\/wp-content\/uploads\/2024\/12\/Capture-decran-2024-12-02-a-16.51.27.png 2992w, https:\/\/www.teammeter.com\/wp-content\/uploads\/2024\/12\/Capture-decran-2024-12-02-a-16.51.27-300x149.png 300w, https:\/\/www.teammeter.com\/wp-content\/uploads\/2024\/12\/Capture-decran-2024-12-02-a-16.51.27-1024x509.png 1024w, https:\/\/www.teammeter.com\/wp-content\/uploads\/2024\/12\/Capture-decran-2024-12-02-a-16.51.27-768x382.png 768w, https:\/\/www.teammeter.com\/wp-content\/uploads\/2024\/12\/Capture-decran-2024-12-02-a-16.51.27-1536x764.png 1536w, https:\/\/www.teammeter.com\/wp-content\/uploads\/2024\/12\/Capture-decran-2024-12-02-a-16.51.27-2048x1019.png 2048w, https:\/\/www.teammeter.com\/wp-content\/uploads\/2024\/12\/Capture-decran-2024-12-02-a-16.51.27-18x9.png 18w\" sizes=\"(max-width: 2992px) 100vw, 2992px\" \/><\/figure>\n\n<\/div>\n\n\n<p style=\"font-size:16px\">Das war\u2019s! Ihre Teammitglieder sind im Handumdrehen startklar \ud83d\ude0a.<\/p>\n\n<\/div><\/details>\n\n<\/div>\n<\/div>\n\n<div class=\"gb-container gb-container-555e04cb shadow\">\n<div class=\"gb-container gb-container-cc389206\">\n\n<details class=\"wp-block-details is-layout-flow wp-block-details-is-layout-flow\" style=\"font-size:22px\"><summary>Mitarbeitende in den Unternehmensbereich einladen \ud83c\udfe2<\/summary><div class=\"gb-container gb-container-d515ef2e\">\n<div class=\"gb-container gb-container-311c7cc1\">\n\n<h4 class=\"wp-block-heading\" style=\"font-size:16px\">Laden Sie Mitarbeitende in Ihr Unternehmen ein:<\/h4>\n\n\n\n<p style=\"font-size:16px\">Wie f\u00fcge ich neue Mitglieder zum Unternehmensbereich hinzu? <a href=\"#invite-employee-to-a-team\" data-type=\"internal\" data-id=\"#invite-employee-to-a-team\" target=\"_blank\" rel=\"noreferrer noopener\">Befolgen Sie die gleichen Schritte wie beim Einladen von Personen in ein Team.<\/a> \ud83d\ude0e<\/p>\n\n\n\n<p style=\"font-size:16px\">1 - Wenn Sie eine Person in ein Unternehmen einladen, erh\u00e4lt diese Zugriff auf den Unternehmensbereich.<\/p>\n\n\n\n<p style=\"font-size:16px\">2 - \ud83d\udca1 <strong>Bitte beachten Sie, dass das Hinzuf\u00fcgen einer Person zum Unternehmen nicht automatisch bedeutet, dass diese auch zu einem Team hinzugef\u00fcgt wird <\/strong>\ud83d\udca1<\/p>\n\n\n\n<p style=\"font-size:16px\">3 - Wenn Sie eine Person zu diesem Bereich einladen, erh\u00e4lt diese Zugriff auf bestimmte Ansichten und Aktionen, wie die Bearbeitung des Kompetenzkatalogs, die Verwaltung von Schulungen, Rollen und Vorlagen. \ud83d\udd0e Als Mitglied eines Teams oder einer Einheit erhalten Sie au\u00dferdem Zugriff auf das Unternehmens-Dashboard und k\u00f6nnen den Fortschritt der Organisationsentwicklung einsehen.<\/p>\n\n\n<div class=\"gb-container gb-container-23b1d6d5\">\n\n<figure class=\"gb-block-image gb-block-image-174a2211\"><img decoding=\"async\" width=\"2882\" height=\"1480\" class=\"gb-image gb-image-174a2211\" src=\"https:\/\/www.teammeter.com\/wp-content\/uploads\/2024\/12\/Capture-decran-2024-12-10-a-16.02.34.png\" alt=\"\" title=\"Capture-decran-2024-12-10-a-16.02.34\" srcset=\"https:\/\/www.teammeter.com\/wp-content\/uploads\/2024\/12\/Capture-decran-2024-12-10-a-16.02.34.png 2882w, https:\/\/www.teammeter.com\/wp-content\/uploads\/2024\/12\/Capture-decran-2024-12-10-a-16.02.34-300x154.png 300w, https:\/\/www.teammeter.com\/wp-content\/uploads\/2024\/12\/Capture-decran-2024-12-10-a-16.02.34-1024x526.png 1024w, https:\/\/www.teammeter.com\/wp-content\/uploads\/2024\/12\/Capture-decran-2024-12-10-a-16.02.34-768x394.png 768w, https:\/\/www.teammeter.com\/wp-content\/uploads\/2024\/12\/Capture-decran-2024-12-10-a-16.02.34-1536x789.png 1536w, https:\/\/www.teammeter.com\/wp-content\/uploads\/2024\/12\/Capture-decran-2024-12-10-a-16.02.34-2048x1052.png 2048w, https:\/\/www.teammeter.com\/wp-content\/uploads\/2024\/12\/Capture-decran-2024-12-10-a-16.02.34-18x9.png 18w\" sizes=\"(max-width: 2882px) 100vw, 2882px\" \/><\/figure>\n\n\n\n<figure class=\"gb-block-image gb-block-image-db0c9018\"><img decoding=\"async\" width=\"2882\" height=\"1480\" class=\"gb-image gb-image-db0c9018\" src=\"https:\/\/www.teammeter.com\/wp-content\/uploads\/2024\/12\/Capture-decran-2024-12-10-a-16.02.45.png\" alt=\"\" title=\"Capture-decran-2024-12-10-a-16.02.45\" srcset=\"https:\/\/www.teammeter.com\/wp-content\/uploads\/2024\/12\/Capture-decran-2024-12-10-a-16.02.45.png 2882w, https:\/\/www.teammeter.com\/wp-content\/uploads\/2024\/12\/Capture-decran-2024-12-10-a-16.02.45-300x154.png 300w, https:\/\/www.teammeter.com\/wp-content\/uploads\/2024\/12\/Capture-decran-2024-12-10-a-16.02.45-1024x526.png 1024w, https:\/\/www.teammeter.com\/wp-content\/uploads\/2024\/12\/Capture-decran-2024-12-10-a-16.02.45-768x394.png 768w, https:\/\/www.teammeter.com\/wp-content\/uploads\/2024\/12\/Capture-decran-2024-12-10-a-16.02.45-1536x789.png 1536w, https:\/\/www.teammeter.com\/wp-content\/uploads\/2024\/12\/Capture-decran-2024-12-10-a-16.02.45-2048x1052.png 2048w, https:\/\/www.teammeter.com\/wp-content\/uploads\/2024\/12\/Capture-decran-2024-12-10-a-16.02.45-18x9.png 18w\" sizes=\"(max-width: 2882px) 100vw, 2882px\" \/><\/figure>\n\n<\/div>\n<\/div>\n<\/div><\/details>\n\n<\/div>\n<\/div>\n\n<div class=\"gb-container gb-container-db2401ad shadow\">\n<div class=\"gb-container gb-container-b4e132f8\">\n\n<details class=\"wp-block-details is-layout-flow wp-block-details-is-layout-flow\" style=\"font-size:22px\"><summary>Mitarbeitende zu einer Einheit einladen \ud83d\udd0e<\/summary><div class=\"gb-container gb-container-5085b7de\">\n<div class=\"gb-container gb-container-75659bdf\">\n\n<h4 class=\"wp-block-heading\" style=\"font-size:16px\">So laden Sie Mitarbeitende zu einer Unit ein:<\/h4>\n\n\n\n<p style=\"font-size:16px\">Wie f\u00fcgt man neue Mitglieder zu einer Unit hinzu? <a href=\"#invite-employee-to-a-team\" data-type=\"internal\" data-id=\"#invite-employee-to-a-team\" target=\"_blank\" rel=\"noreferrer noopener\">Befolgen Sie die gleichen Schritte wie beim Einladen von Personen in ein Team.<\/a> \ud83d\ude0e<\/p>\n\n\n\n<p style=\"font-size:16px\">Wenn Sie eine Person in eine Unit einladen, erh\u00e4lt diese Zugriff auf den Unit-Bereich, der eine klare Struktur und Organisation bietet. Die Mitglieder haben Zugang zu wichtigen Berichten, wie beispielsweise Qualifikationsmetriken, die die Anzahl der verf\u00fcgbaren oder fehlenden Personen auf jeder Qualifikationsstufe anzeigen. Zudem k\u00f6nnen sie Vorlagen f\u00fcr Gesundheitschecks innerhalb der Unit erstellen.<\/p>\n\n<\/div>\n<\/div><\/details>\n\n<\/div>\n<\/div>\n\n<div class=\"gb-container gb-container-1e19d4c5 shadow\">\n<div class=\"gb-container gb-container-477b36f4\">\n\n<details class=\"wp-block-details is-layout-flow wp-block-details-is-layout-flow\" style=\"font-size:22px\"><summary>Benutzer als Administrator einladen \ud83d\udc65<\/summary><div class=\"gb-container gb-container-d7e45785\">\n<div class=\"gb-container gb-container-1a771311\">\n\n<h4 class=\"wp-block-heading\" style=\"font-size:16px\">Benutzer als Administrator einladen:<\/h4>\n\n\n\n<p style=\"font-size:16px\">Als Administrator k\u00f6nnen Sie die Liste aller Benutzer in Ihrem Unternehmen einsehen. Sie haben die M\u00f6glichkeit, Personen einzuladen, ihnen spezifische Berechtigungen zuzuweisen (z. B. Admin, Mitarbeiter, Personalverantwortliche, Skill-Katalog-Admin) und sie einem Team oder einer Unit hinzuzuf\u00fcgen. <\/p>\n\n\n\n<p style=\"font-size:16px\"><a href=\"https:\/\/www.teammeter.com\/de\/rollen-in-teammeter\/\" target=\"_blank\" data-type=\"link\" data-id=\"https:\/\/www.teammeter.com\/roles-in-teammeter\" rel=\"noreferrer noopener\">M\u00f6chten Sie mehr \u00fcber Berechtigungen in Teammeter erfahren?<\/a><\/p>\n\n\n\n<p style=\"font-size:16px\">Wie f\u00fcge ich einen neuen Benutzer hinzu? Gehen Sie zur Benutzerseite, klicken Sie auf die Schaltfl\u00e4che \"+ Einladen\" und geben Sie dann den Namen und die E-Mail-Adresse der Person ein.<\/p>\n\n\n<div class=\"gb-container gb-container-b761d5b0\">\n\n<figure class=\"gb-block-image gb-block-image-d53d3b4f\"><img decoding=\"async\" width=\"3107\" height=\"1548\" class=\"gb-image gb-image-d53d3b4f\" src=\"https:\/\/www.teammeter.com\/wp-content\/uploads\/2024\/12\/users.png\" alt=\"\" title=\"Benutzer\" srcset=\"https:\/\/www.teammeter.com\/wp-content\/uploads\/2024\/12\/users.png 3107w, https:\/\/www.teammeter.com\/wp-content\/uploads\/2024\/12\/users-300x149.png 300w, https:\/\/www.teammeter.com\/wp-content\/uploads\/2024\/12\/users-1024x510.png 1024w, https:\/\/www.teammeter.com\/wp-content\/uploads\/2024\/12\/users-768x383.png 768w, https:\/\/www.teammeter.com\/wp-content\/uploads\/2024\/12\/users-1536x765.png 1536w, https:\/\/www.teammeter.com\/wp-content\/uploads\/2024\/12\/users-2048x1020.png 2048w, https:\/\/www.teammeter.com\/wp-content\/uploads\/2024\/12\/users-18x9.png 18w\" sizes=\"(max-width: 3107px) 100vw, 3107px\" \/><\/figure>\n\n\n\n<figure class=\"gb-block-image gb-block-image-a6090695\"><img decoding=\"async\" width=\"2510\" height=\"1260\" class=\"gb-image gb-image-a6090695\" src=\"https:\/\/www.teammeter.com\/wp-content\/uploads\/2024\/12\/Capture-decran-2024-12-10-a-10.30.52.png\" alt=\"\" title=\"Capture-decran-2024-12-10-a-10.30.52\" srcset=\"https:\/\/www.teammeter.com\/wp-content\/uploads\/2024\/12\/Capture-decran-2024-12-10-a-10.30.52.png 2510w, https:\/\/www.teammeter.com\/wp-content\/uploads\/2024\/12\/Capture-decran-2024-12-10-a-10.30.52-300x151.png 300w, https:\/\/www.teammeter.com\/wp-content\/uploads\/2024\/12\/Capture-decran-2024-12-10-a-10.30.52-1024x514.png 1024w, https:\/\/www.teammeter.com\/wp-content\/uploads\/2024\/12\/Capture-decran-2024-12-10-a-10.30.52-768x386.png 768w, https:\/\/www.teammeter.com\/wp-content\/uploads\/2024\/12\/Capture-decran-2024-12-10-a-10.30.52-1536x771.png 1536w, https:\/\/www.teammeter.com\/wp-content\/uploads\/2024\/12\/Capture-decran-2024-12-10-a-10.30.52-2048x1028.png 2048w, https:\/\/www.teammeter.com\/wp-content\/uploads\/2024\/12\/Capture-decran-2024-12-10-a-10.30.52-18x9.png 18w\" sizes=\"(max-width: 2510px) 100vw, 2510px\" \/><\/figure>\n\n<\/div>\n<\/div>\n<\/div><\/details>\n\n<\/div>\n<\/div>\n\n\n<div style=\"height:15px\" aria-hidden=\"true\" class=\"wp-block-spacer\"><\/div>\n\n<\/div>","protected":false},"excerpt":{"rendered":"<p>Sie m\u00f6chten Mitarbeiter zu Teammeter einladen? Dann sind Sie hier richtig! Es gibt verschiedene M\u00f6glichkeiten, Mitarbeiter zu Teammeter hinzuzuf\u00fcgen, je nach ihrer Rolle und Funktion in Ihrem Unternehmen. Um den Prozess zu vereinfachen, haben wir die Optionen unten aufgef\u00fchrt, damit Sie die Unterschiede klar erkennen k\u00f6nnen: Hier erfahren Sie, wie Sie loslegen k\u00f6nnen!<\/p>","protected":false},"author":5,"featured_media":0,"parent":1221,"menu_order":0,"comment_status":"closed","ping_status":"closed","template":"","meta":{"inline_featured_image":false,"footnotes":""},"class_list":["post-8043","page","type-page","status-publish"],"_links":{"self":[{"href":"https:\/\/www.teammeter.com\/de\/wp-json\/wp\/v2\/pages\/8043","targetHints":{"allow":["GET"]}}],"collection":[{"href":"https:\/\/www.teammeter.com\/de\/wp-json\/wp\/v2\/pages"}],"about":[{"href":"https:\/\/www.teammeter.com\/de\/wp-json\/wp\/v2\/types\/page"}],"author":[{"embeddable":true,"href":"https:\/\/www.teammeter.com\/de\/wp-json\/wp\/v2\/users\/5"}],"replies":[{"embeddable":true,"href":"https:\/\/www.teammeter.com\/de\/wp-json\/wp\/v2\/comments?post=8043"}],"version-history":[{"count":63,"href":"https:\/\/www.teammeter.com\/de\/wp-json\/wp\/v2\/pages\/8043\/revisions"}],"predecessor-version":[{"id":9042,"href":"https:\/\/www.teammeter.com\/de\/wp-json\/wp\/v2\/pages\/8043\/revisions\/9042"}],"up":[{"embeddable":true,"href":"https:\/\/www.teammeter.com\/de\/wp-json\/wp\/v2\/pages\/1221"}],"wp:attachment":[{"href":"https:\/\/www.teammeter.com\/de\/wp-json\/wp\/v2\/media?parent=8043"}],"curies":[{"name":"wp","href":"https:\/\/api.w.org\/{rel}","templated":true}]}}