{"id":93,"date":"2022-01-23T16:17:39","date_gmt":"2022-01-23T16:17:39","guid":{"rendered":"http:\/\/35.156.76.217\/?page_id=93"},"modified":"2025-09-08T13:31:45","modified_gmt":"2025-09-08T13:31:45","slug":"health-check","status":"publish","type":"page","link":"https:\/\/www.teammeter.com\/de\/health-check\/","title":{"rendered":"Team Health Checks"},"content":{"rendered":"<div class=\"gb-container gb-container-f4a8e299\"><div class=\"gb-inside-container\">\n<div class=\"gb-grid-wrapper gb-grid-wrapper-2e00b1f7\">\n<div class=\"gb-grid-column gb-grid-column-03da7b6e\"><div class=\"gb-container gb-container-03da7b6e\"><div class=\"gb-inside-container\">\n\n<figure class=\"wp-block-image size-large\"><img decoding=\"async\" width=\"584\" height=\"516\" src=\"https:\/\/www.teammeter.com\/wp-content\/uploads\/2025\/01\/happy-growth-1-1.svg\" alt=\"\" class=\"wp-image-9045\"\/><\/figure>\n\n<\/div><\/div><\/div>\n\n<div class=\"gb-grid-column gb-grid-column-1a07fa05\"><div class=\"gb-container gb-container-1a07fa05\"><div class=\"gb-inside-container\">\n\n<h1 class=\"gb-headline gb-headline-3eadd694 gb-headline-text\"><span class=\"text-highlight\">Agile Health Checks<\/span> for teams and organizations<\/h1>\n\n\n\n<p>Improve the employee engagement, team dynamics and agile practices with our intelligent surveys and retrospectives.<\/p>\n\n\n\n<div style=\"height:40px\" aria-hidden=\"true\" class=\"wp-block-spacer\"><\/div>\n\n\n\n<div class=\"wp-block-buttons is-layout-flex wp-block-buttons-is-layout-flex\">\n<div class=\"wp-block-button is-style-fill\"><a class=\"wp-block-button__link wp-element-button\" href=\"https:\/\/www.teammeter.com\/demo-request\">Book Your Personalized Demo<\/a><\/div>\n<\/div>\n\n<\/div><\/div><\/div>\n<\/div>\n<\/div><\/div>\n\n<div class=\"gb-container gb-container-16e6d498\">\n<div class=\"gb-container gb-container-82879dbd\">\n\n<h1 class=\"wp-block-heading has-text-align-center\" style=\"font-size:28px\">30 Days Free Trial &#8211; Clarity on Skills, Smarter Development<\/h1>\n\n<\/div>\n\n<div class=\"gb-grid-wrapper gb-grid-wrapper-ea2a517b\">\n<div class=\"gb-grid-column gb-grid-column-f362ea64\"><div class=\"gb-container gb-container-f362ea64\">\n\n<figure class=\"wp-block-image size-large\"><img decoding=\"async\" src=\"https:\/\/www.teammeter.com\/wp-content\/uploads\/2025\/06\/explore-teammeter.svg\" alt=\"\" class=\"wp-image-11289\" style=\"object-fit:cover\"\/><\/figure>\n\n<\/div><\/div>\n\n<div class=\"gb-grid-column gb-grid-column-f0182933\"><div class=\"gb-container gb-container-f0182933\"><div class=\"gb-inside-container\">\n\n<h4 class=\"wp-block-heading has-text-align-left\" id=\"teammeter-licence\">Use skill transparency to plan projects reliably and foster talent growth<\/h4>\n\n\n\n<ul class=\"wp-block-list feature-list\">\n<li style=\"font-size:18px\">Gain transparency on skills<\/li>\n\n\n\n<li style=\"font-size:18px\">Plan projects with confidence<\/li>\n\n\n\n<li style=\"font-size:18px\">Support targeted talent development<\/li>\n\n\n\n<li style=\"font-size:18px\">Personal demo included<\/li>\n<\/ul>\n\n\n\n<p style=\"font-size:18px\"><strong>Note:<\/strong> The free trial ends automatically after 30 days &#8211; no risk, no subscription.<\/p>\n\n\n<div class=\"gb-container gb-container-11830845\">\n\n<div style=\"height:10px\" aria-hidden=\"true\" class=\"wp-block-spacer\"><\/div>\n\n\n\n<a class=\"gb-button gb-button-b23b94b7 gb-button-text\" href=\"https:\/\/www.teammeter.com\/demo-request\" target=\"_blank\" rel=\"noopener noreferrer\">Get a Demo<\/a>\n\n<\/div>\n<\/div><\/div><\/div>\n<\/div>\n<\/div>\n\n<div class=\"gb-container gb-container-23d4beac\"><div class=\"gb-inside-container\">\n\n<div class=\"wp-block-columns is-layout-flex wp-container-core-columns-is-layout-9d6595d7 wp-block-columns-is-layout-flex\">\n<div class=\"wp-block-column is-layout-flow wp-block-column-is-layout-flow\">\n<div class=\"wp-block-columns is-layout-flex wp-container-core-columns-is-layout-9d6595d7 wp-block-columns-is-layout-flex\">\n<div class=\"wp-block-column is-layout-flow wp-block-column-is-layout-flow\">\n<h2 class=\"gb-headline gb-headline-fb87d474 gb-headline-text\">Visualize team satisfaction and potential for improvement<\/h2>\n\n\n\n<p>Collect data on team satisfaction, practices and standards. Identify potential for improvement and motivate your teams to progress.<\/p>\n\n\n\n<blockquote class=\"wp-block-quote is-layout-flow wp-block-quote-is-layout-flow\">\n<p>If you cannot measure it, you cannot improve it.<\/p>\n<cite>~ Lord Kelvin<\/cite><\/blockquote>\n<\/div>\n\n\n\n<div class=\"wp-block-column is-layout-flow wp-block-column-is-layout-flow\">\n<figure class=\"wp-block-image size-large is-resized\"><img decoding=\"async\" src=\"https:\/\/www.teammeter.com\/wp-content\/uploads\/2024\/06\/graph_Retros_Dashboard.svg\" alt=\"A graphic representation to illustrate the overview of team satisfaction\" class=\"wp-image-6105\" style=\"width:786px;height:auto\"\/><\/figure>\n<\/div>\n<\/div>\n<\/div>\n<\/div>\n\n<\/div><\/div>\n\n<div class=\"gb-container gb-container-21925881\"><div class=\"gb-inside-container\">\n\n<div class=\"wp-block-columns is-layout-flex wp-container-core-columns-is-layout-9d6595d7 wp-block-columns-is-layout-flex\">\n<div class=\"wp-block-column is-layout-flow wp-block-column-is-layout-flow\">\n<figure class=\"wp-block-image size-large\"><img decoding=\"async\" src=\"https:\/\/www.teammeter.com\/wp-content\/uploads\/2024\/06\/Business-Agility-Index-1.svg\" alt=\"A visual representation of the Business Agility Index, featuring four key sections: Collaboration, Self-Organization, Value Generation, and Adaptability\" class=\"wp-image-6102\" style=\"object-fit:cover\"\/><\/figure>\n<\/div>\n\n\n\n<div class=\"wp-block-column is-vertically-aligned-top is-layout-flow wp-block-column-is-layout-flow\">\n<h2 class=\"gb-headline gb-headline-8b68bc3b gb-headline-text\">Measure your progress with the Business Agility Index<\/h2>\n\n\n\n<p>Our Assessment Model is based on group psychology research and agile frameworks. Moreover, it is fully adaptable to the goals of your agile transformation.<\/p>\n\n\n\n<p><\/p>\n\n\n\n<div class=\"wp-block-buttons is-layout-flex wp-block-buttons-is-layout-flex\">\n<div class=\"wp-block-button\"><a class=\"wp-block-button__link wp-element-button\" href=\"https:\/\/www.teammeter.com\/how-to-measure-agile-maturity\" rel=\"\/31\/index-de-maturite-agile\/\">Learn more about the Business Agility Index<\/a><\/div>\n<\/div>\n<\/div>\n<\/div>\n\n<\/div><\/div>\n\n<div class=\"gb-container gb-container-8716a08b\"><div class=\"gb-inside-container\">\n<div class=\"gb-grid-wrapper gb-grid-wrapper-68df453d\">\n<div class=\"gb-grid-column gb-grid-column-ca89631a\"><div class=\"gb-container gb-container-ca89631a\"><div class=\"gb-inside-container\">\n\n<h2 class=\"wp-block-heading\" id=\"make-the-continuous-improvement-cycle-more-efficient-in-your-organization\">Make the continuous improvement cycle more efficient in your organization.<\/h2>\n\n\n\n<p>Teams are invited to perform regular self-assessments. During retrospective, they discuss the results and decide actions to improve.<br>They receive then recommendations for methods and training from a company knowledge base.<br>As a consequence, teams feel more engaged in the improvement process and make changes happen.<\/p>\n\n<\/div><\/div><\/div>\n\n<div class=\"gb-grid-column gb-grid-column-2059b989\"><div class=\"gb-container gb-container-2059b989\"><div class=\"gb-inside-container\">\n<div class=\"wp-block-image\">\n<figure class=\"aligncenter size-large is-resized\"><img decoding=\"async\" src=\"https:\/\/www.teammeter.com\/wp-content\/uploads\/2025\/01\/5-homepage-cycle.svg\" alt=\"Illustration of a circular diagram representing the four-step process of continuous improvement: Plan, Assess, Analyze, and Decide\" class=\"wp-image-8887\" style=\"width:400px\"\/><\/figure>\n<\/div>\n<\/div><\/div><\/div>\n<\/div>\n<\/div><\/div>\n\n<div class=\"gb-container gb-container-97211002\"><div class=\"gb-inside-container\">\n<div class=\"gb-grid-wrapper gb-grid-wrapper-310412ed\">\n<div class=\"gb-grid-column gb-grid-column-99a5858b\"><div class=\"gb-container gb-container-99a5858b\"><div class=\"gb-inside-container\">\n\n<figure class=\"wp-block-image size-large is-resized\"><img decoding=\"async\" width=\"1165\" height=\"505\" src=\"https:\/\/www.teammeter.com\/wp-content\/uploads\/2024\/07\/Custom-Team-Maturity-Model3-1.svg\" alt=\"A screen displaying a metric along with its criteria\" class=\"wp-image-6128\" style=\"width:680px\"\/><\/figure>\n\n<\/div><\/div><\/div>\n\n<div class=\"gb-grid-column gb-grid-column-4b4fd29a\"><div class=\"gb-container gb-container-4b4fd29a\"><div class=\"gb-inside-container\">\n\n<h2 class=\"wp-block-heading\" id=\"customize-assessments-based-on-your-company-culture-and-context-1\">Customize agile assessments based on your company culture and context<\/h2>\n\n\n\n<p>Add your own metrics and criteria depending on the context of the teams. Adjust the priority of each criterion and the rotation frequency in the surveys.<\/p>\n\n<\/div><\/div><\/div>\n<\/div>\n<\/div><\/div>\n\n<div class=\"gb-container gb-container-49cb98d6\"><div class=\"gb-inside-container\">\n<div class=\"gb-grid-wrapper gb-grid-wrapper-a5593907\">\n<div class=\"gb-grid-column gb-grid-column-930c234b\"><div class=\"gb-container gb-container-930c234b\"><div class=\"gb-inside-container\">\n\n<h2 class=\"wp-block-heading has-text-align-left\" id=\"engage-your-team-in-improvement-with-agile-retrospectives\">Engage your Team in improvement with Agile Retrospectives.<\/h2>\n\n\n\n<p class=\"has-text-align-left\">Teams prioritize the development areas and decide actions to improve them in our agile retrospective tool.<\/p>\n\n<\/div><\/div><\/div>\n\n<div class=\"gb-grid-column gb-grid-column-9f53c2eb\"><div class=\"gb-container gb-container-9f53c2eb\"><div class=\"gb-inside-container\">\n\n<figure class=\"wp-block-image size-large is-resized\"><img decoding=\"async\" width=\"1165\" height=\"574\" src=\"https:\/\/www.teammeter.com\/wp-content\/uploads\/2024\/07\/TeamMeter_Retro_en-3.svg\" alt=\"A visualization showing the strengths, weaknesses, and disagreements of a team to help prioritize actions.\" class=\"wp-image-6122\" style=\"width:650px\"\/><\/figure>\n\n<\/div><\/div><\/div>\n<\/div>\n<\/div><\/div>\n\n<div class=\"gb-container gb-container-18540b3d\"><div class=\"gb-inside-container\">\n<div class=\"gb-grid-wrapper gb-grid-wrapper-3526646b\">\n<div class=\"gb-grid-column gb-grid-column-8481f0e7\"><div class=\"gb-container gb-container-8481f0e7\"><div class=\"gb-inside-container\">\n\n<figure class=\"wp-block-image size-large is-resized\"><img decoding=\"async\" src=\"https:\/\/www.teammeter.com\/wp-content\/uploads\/2025\/01\/Knowledge_Base_Teams.svg\" alt=\"\" class=\"wp-image-9048\" style=\"aspect-ratio:1.4482758620689655;width:600px\"\/><\/figure>\n\n<\/div><\/div><\/div>\n\n<div class=\"gb-grid-column gb-grid-column-47420f22\"><div class=\"gb-container gb-container-47420f22\"><div class=\"gb-inside-container\">\n\n<h2 class=\"wp-block-heading\" id=\"share-best-practices-in-your-company-with-a-knowledge-base-1\">Share best practices in your company with a knowledge base.<\/h2>\n\n\n\n<p>Help teams improve with recommendations from a catalog of methods and trainings.<\/p>\n\n\n\n<p>Everyone can contribute to the enrichment of this catalog, which thus becomes a common knowledge base for the entire company.<\/p>\n\n<\/div><\/div><\/div>\n<\/div>\n<\/div><\/div>\n\n<div class=\"gb-container gb-container-99306507\"><div class=\"gb-inside-container\">\n<div class=\"gb-grid-wrapper gb-grid-wrapper-e9611ac3\">\n<div class=\"gb-grid-column gb-grid-column-0b60ab63\"><div class=\"gb-container gb-container-0b60ab63\"><div class=\"gb-inside-container\">\n\n<h2 class=\"wp-block-heading has-text-align-center\" id=\"features\">Features<\/h2>\n\n<\/div><\/div><\/div>\n<\/div>\n\n<div class=\"gb-grid-wrapper gb-grid-wrapper-dd7d380a\">\n<div class=\"gb-grid-column gb-grid-column-5f5bd29a\"><div class=\"gb-container gb-container-5f5bd29a\"><div class=\"gb-inside-container\">\n<div class=\"wp-block-image\">\n<figure class=\"aligncenter size-large is-resized\"><img decoding=\"async\" width=\"20\" height=\"20\" src=\"https:\/\/www.teammeter.com\/wp-content\/uploads\/2024\/07\/cloud.svg\" alt=\"An icon representing a cloud\" class=\"wp-image-6341\" style=\"object-fit:cover;width:50px;height:50px\"\/><\/figure>\n<\/div>\n\n\n<div style=\"height:10px\" aria-hidden=\"true\" class=\"wp-block-spacer\"><\/div>\n\n\n\n<p class=\"has-text-align-center\">Secured Cloud hosting in Europe.<br>Hosting in your infrastructure possible.<\/p>\n\n<\/div><\/div><\/div>\n\n<div class=\"gb-grid-column gb-grid-column-c803ce3c\"><div class=\"gb-container gb-container-c803ce3c\"><div class=\"gb-inside-container\">\n<div class=\"wp-block-image\">\n<figure class=\"aligncenter size-large is-resized\"><img decoding=\"async\" width=\"20\" height=\"20\" src=\"https:\/\/www.teammeter.com\/wp-content\/uploads\/2024\/07\/lock.svg\" alt=\"An icon representing a lock\" class=\"wp-image-6342\" style=\"object-fit:cover;width:50px;height:50px\"\/><\/figure>\n<\/div>\n\n\n<div style=\"height:10px\" aria-hidden=\"true\" class=\"wp-block-spacer\"><\/div>\n\n\n\n<p class=\"has-text-align-center\">Compliant to European Data Protection Policy (GDPR).<\/p>\n\n<\/div><\/div><\/div>\n\n<div class=\"gb-grid-column gb-grid-column-b4276606\"><div class=\"gb-container gb-container-b4276606\"><div class=\"gb-inside-container\">\n<div class=\"wp-block-image\">\n<figure class=\"aligncenter size-large is-resized\"><img decoding=\"async\" width=\"20\" height=\"20\" src=\"https:\/\/www.teammeter.com\/wp-content\/uploads\/2024\/07\/organization.svg\" alt=\"\" class=\"wp-image-6343\" style=\"object-fit:cover;width:50px;height:50px\"\/><\/figure>\n<\/div>\n\n\n<div style=\"height:10px\" aria-hidden=\"true\" class=\"wp-block-spacer\"><\/div>\n\n\n\n<p class=\"has-text-align-center\">Data aggregation in your organization structure and display in a company dashboard.<\/p>\n\n<\/div><\/div><\/div>\n\n<div class=\"gb-grid-column gb-grid-column-8eb9f9e4\"><div class=\"gb-container gb-container-8eb9f9e4\"><div class=\"gb-inside-container\">\n<div class=\"wp-block-image\">\n<figure class=\"aligncenter size-large is-resized\"><img decoding=\"async\" width=\"20\" height=\"20\" src=\"https:\/\/www.teammeter.com\/wp-content\/uploads\/2024\/07\/API.svg\" alt=\"\" class=\"wp-image-6344\" style=\"object-fit:cover;width:50px;height:50px\"\/><\/figure>\n<\/div>\n\n\n<div style=\"height:10px\" aria-hidden=\"true\" class=\"wp-block-spacer\"><\/div>\n\n\n\n<p class=\"has-text-align-center\">Connection with Data Analytics Tools (e.g Tableau) with a RESTfull API.<\/p>\n\n<\/div><\/div><\/div>\n\n<div class=\"gb-grid-column gb-grid-column-d188fb74\"><div class=\"gb-container gb-container-d188fb74\"><div class=\"gb-inside-container\">\n<div class=\"wp-block-image\">\n<figure class=\"aligncenter size-large is-resized\"><img decoding=\"async\" width=\"20\" height=\"20\" src=\"https:\/\/www.teammeter.com\/wp-content\/uploads\/2024\/07\/key.svg\" alt=\"\" class=\"wp-image-6346\" style=\"object-fit:cover;width:50px;height:50px\"\/><\/figure>\n<\/div>\n\n\n<div style=\"height:10px\" aria-hidden=\"true\" class=\"wp-block-spacer\"><\/div>\n\n\n\n<p class=\"has-text-align-center\">Single Sign-On with your company authentication server using the OAUTH protocol.<\/p>\n\n<\/div><\/div><\/div>\n\n<div class=\"gb-grid-column gb-grid-column-81e5180c\"><div class=\"gb-container gb-container-81e5180c\"><div class=\"gb-inside-container\">\n<div class=\"wp-block-image\">\n<figure class=\"aligncenter size-large is-resized\"><img decoding=\"async\" width=\"20\" height=\"20\" src=\"https:\/\/www.teammeter.com\/wp-content\/uploads\/2024\/07\/settings.svg\" alt=\"\" class=\"wp-image-6347\" style=\"object-fit:cover;width:50px;height:50px\"\/><\/figure>\n<\/div>\n\n\n<div style=\"height:10px\" aria-hidden=\"true\" class=\"wp-block-spacer\"><\/div>\n\n\n\n<p class=\"has-text-align-center\">Integration with JIRA for task management.<\/p>\n\n<\/div><\/div><\/div>\n<\/div>\n<\/div><\/div>\n\n\n<div style=\"height:100px\" aria-hidden=\"true\" class=\"wp-block-spacer\"><\/div>\n\n\n<div class=\"gb-grid-wrapper gb-grid-wrapper-9aa5d44f\">\n<div class=\"gb-grid-column gb-grid-column-ae05a4a5\"><div class=\"gb-container gb-container-ae05a4a5\"><div class=\"gb-inside-container\">\n\n<figure class=\"wp-block-image size-large is-style-default\"><img decoding=\"async\" width=\"1024\" height=\"530\" src=\"https:\/\/www.teammeter.com\/wp-content\/uploads\/2024\/08\/Start-a-health-check-now-2-1024x530.png\" alt=\"The team dashboard that gives you insights into your team\u2019s dynamics and agility\" class=\"wp-image-6570\" srcset=\"https:\/\/www.teammeter.com\/wp-content\/uploads\/2024\/08\/Start-a-health-check-now-2-1024x530.png 1024w, https:\/\/www.teammeter.com\/wp-content\/uploads\/2024\/08\/Start-a-health-check-now-2-300x155.png 300w, https:\/\/www.teammeter.com\/wp-content\/uploads\/2024\/08\/Start-a-health-check-now-2-768x397.png 768w, https:\/\/www.teammeter.com\/wp-content\/uploads\/2024\/08\/Start-a-health-check-now-2-1536x794.png 1536w, https:\/\/www.teammeter.com\/wp-content\/uploads\/2024\/08\/Start-a-health-check-now-2-2048x1059.png 2048w, https:\/\/www.teammeter.com\/wp-content\/uploads\/2024\/08\/Start-a-health-check-now-2-18x9.png 18w\" sizes=\"(max-width: 1024px) 100vw, 1024px\" \/><\/figure>\n\n<\/div><\/div><\/div>\n\n<div class=\"gb-grid-column gb-grid-column-649d04ab\"><div class=\"gb-container gb-container-649d04ab\" id=\"demo-request-form\"><div class=\"gb-inside-container\">\n\n<h2 class=\"gb-headline gb-headline-52b1a3fa gb-headline-text\">Start a health check now<\/h2>\n\n\n\n<p>Get a free assessment of your team dynamics and agility.<\/p>\n\n\n\n<div class=\"wp-block-buttons is-layout-flex wp-block-buttons-is-layout-flex\">\n<div class=\"wp-block-button is-style-fill\"><a class=\"wp-block-button__link wp-element-button\" href=\"https:\/\/www.teammeter.com\/demo-request\">Book Your Personalized Demo<\/a><\/div>\n<\/div>\n\n\n\n<p><br><br><\/p>\n\n<\/div><\/div><\/div>\n<\/div>\n\n<div class=\"gb-container gb-container-5cd7bad3\">\n\n<h2 class=\"wp-block-heading has-text-align-center has-large-font-size\"><strong>Your data is secure<\/strong><\/h2>\n\n\n<div class=\"gb-grid-wrapper gb-grid-wrapper-4e180888\">\n<div class=\"gb-grid-column gb-grid-column-929f21e2\"><div class=\"gb-container gb-container-929f21e2\">\n<div class=\"gb-container gb-container-c433153e\">\n<div class=\"wp-block-image\">\n<figure class=\"alignright size-large is-resized\"><img decoding=\"async\" width=\"1024\" height=\"802\" src=\"https:\/\/www.teammeter.com\/wp-content\/uploads\/2024\/11\/ISO-27001-06-1024x802.png\" alt=\"\" class=\"wp-image-8030\" style=\"width:280px\" srcset=\"https:\/\/www.teammeter.com\/wp-content\/uploads\/2024\/11\/ISO-27001-06-1024x802.png 1024w, https:\/\/www.teammeter.com\/wp-content\/uploads\/2024\/11\/ISO-27001-06-300x235.png 300w, https:\/\/www.teammeter.com\/wp-content\/uploads\/2024\/11\/ISO-27001-06-768x601.png 768w, https:\/\/www.teammeter.com\/wp-content\/uploads\/2024\/11\/ISO-27001-06-1536x1203.png 1536w, https:\/\/www.teammeter.com\/wp-content\/uploads\/2024\/11\/ISO-27001-06-2048x1603.png 2048w, https:\/\/www.teammeter.com\/wp-content\/uploads\/2024\/11\/ISO-27001-06-15x12.png 15w\" sizes=\"(max-width: 1024px) 100vw, 1024px\" \/><\/figure>\n<\/div>\n<\/div>\n<\/div><\/div>\n\n<div class=\"gb-grid-column gb-grid-column-2393160e\"><div class=\"gb-container gb-container-2393160e\">\n\n<ul class=\"wp-block-list feature-list\">\n<li class=\"has-medium-font-size\">Hosting in Germany<\/li>\n\n\n\n<li class=\"has-medium-font-size\">Certified according ISO 27001<\/li>\n\n\n\n<li class=\"has-medium-font-size\">Compliant to GDPR<\/li>\n<\/ul>\n\n\n<div class=\"gb-container gb-container-a44331b8\">\n\n<p><a href=\"https:\/\/www.teammeter.com\/information-security\" data-type=\"link\" data-id=\"https:\/\/www.teammeter.com\/information-security\" target=\"_blank\" rel=\"noreferrer noopener\">Read more about Information Security<\/a><\/p>\n\n<\/div>\n<\/div><\/div>\n<\/div>\n<\/div>\n\n<div class=\"gb-container gb-container-01b8f916\">\n<div class=\"gb-grid-wrapper gb-grid-wrapper-b312209b\">\n<div class=\"gb-grid-column gb-grid-column-f899c668\"><div class=\"gb-container gb-container-f899c668\">\n<div class=\"gb-container gb-container-abce3f8c\">\n\n<p>\ud83d\udcec <strong>Enter your email<\/strong><\/p>\n\n<\/div>\n\n<div class=\"gb-container gb-container-c9d380e6\">\n<div class=\"wpforms-container wpforms-container-full wpforms-block wpforms-block-9236f18c-10e4-4ac7-ae2c-35feffd38aaf\" id=\"wpforms-9910\"><form id=\"wpforms-form-9910\" class=\"wpforms-validate wpforms-form wpforms-ajax-form\" data-formid=\"9910\" method=\"post\" enctype=\"multipart\/form-data\" action=\"\/de\/wp-json\/wp\/v2\/pages\/93\" data-token=\"26bf3fbfe77b8102a12d4ba14c2749b5\" data-token-time=\"1776375893\"><noscript class=\"wpforms-error-noscript\">Bitte aktiviere JavaScript in deinem Browser, um dieses Formular fertigzustellen.<\/noscript><div class=\"wpforms-field-container\"><div id=\"wpforms-9910-field_2-container\" class=\"wpforms-field wpforms-field-email\" data-field-id=\"2\"><label class=\"wpforms-field-label\" for=\"wpforms-9910-field_2\">Subscribe to our newsletter <span class=\"wpforms-required-label\">*<\/span><\/label><input type=\"email\" id=\"wpforms-9910-field_2\" class=\"wpforms-field-large wpforms-field-required\" name=\"wpforms[fields][2]\" placeholder=\"Type your email address\" spellcheck=\"false\" required><div class=\"wpforms-field-description\">By signing up you agree to our \n<a href=\"https:\/\/www.teammeter.com\/legal-notices\" target=\"_blank\" rel=\"noopener\" style=\"text-decoration:underline;\">\n  Privacy Policy\n<\/a>.<\/div><\/div><div id=\"wpforms-9910-field_20-container\" class=\"wpforms-field wpforms-field-name\" data-field-id=\"20\"><label class=\"wpforms-field-label\">Name <span class=\"wpforms-required-label\">*<\/span><\/label><div class=\"wpforms-field-row wpforms-field-medium\"><div class=\"wpforms-field-row-block wpforms-first wpforms-one-half\"><input type=\"text\" id=\"wpforms-9910-field_20\" class=\"wpforms-field-name-first wpforms-field-required\" name=\"wpforms[fields][20][first]\" required><label for=\"wpforms-9910-field_20\" class=\"wpforms-field-sublabel after\">Vorname<\/label><\/div><div class=\"wpforms-field-row-block wpforms-one-half\"><input type=\"text\" id=\"wpforms-9910-field_20-last\" class=\"wpforms-field-name-last wpforms-field-required\" name=\"wpforms[fields][20][last]\" required><label for=\"wpforms-9910-field_20-last\" class=\"wpforms-field-sublabel after\">Nachname<\/label><\/div><\/div><\/div><div id=\"wpforms-9910-field_22-container\" class=\"wpforms-field wpforms-field-hidden\" data-field-id=\"22\"><input type=\"hidden\" id=\"wpforms-9910-field_22\" name=\"wpforms[fields][22]\" value=\"lang de\"><\/div><\/div><!-- .wpforms-field-container --><div class=\"wpforms-submit-container\" ><input type=\"hidden\" name=\"wpforms[id]\" value=\"9910\"><input type=\"hidden\" name=\"page_title\" value=\"\"><input type=\"hidden\" name=\"page_url\" value=\"https:\/\/www.teammeter.com\/de\/wp-json\/wp\/v2\/pages\/93\"><input type=\"hidden\" name=\"url_referer\" value=\"\"><button type=\"submit\" name=\"wpforms[submit]\" id=\"wpforms-submit-9910\" class=\"wpforms-submit custom-button-newsletter-container\" data-alt-text=\"Sending...\" data-submit-text=\"Submit\" aria-live=\"assertive\" value=\"wpforms-submit\">Submit<\/button><img decoding=\"async\" src=\"https:\/\/www.teammeter.com\/wp-content\/plugins\/wpforms\/assets\/images\/submit-spin.svg\" class=\"wpforms-submit-spinner\" style=\"display: none;\" width=\"26\" height=\"26\" alt=\"Wird geladen\"><\/div><\/form><\/div>  <!-- .wpforms-container -->\n<\/div>\n<\/div><\/div>\n\n<div class=\"gb-grid-column gb-grid-column-53f8b93a\"><div class=\"gb-container gb-container-53f8b93a\">\n<div class=\"gb-container gb-container-860813c9\">\n\n<h1 class=\"wp-block-heading has-text-align-left\" style=\"font-size:28px\"><strong>Teammeter Spotlight<\/strong><\/h1>\n\n\n\n<div style=\"height:10px\" aria-hidden=\"true\" class=\"wp-block-spacer\"><\/div>\n\n\n\n<p style=\"font-size:16px\">Each month, we\u2019ll send you a curated selection of:<\/p>\n\n\n\n<ul class=\"wp-block-list feature-list\">\n<li style=\"font-size:16px\"><strong>HR insights &amp; skill trends<\/strong>&nbsp;\u2013 fresh, actionable ideas for managing your team.<\/li>\n\n\n\n<li style=\"font-size:16px\"><strong>Practical tips &amp; best practices<\/strong>&nbsp;\u2013 what works, what fails, and what\u2019s ahead.<\/li>\n\n\n\n<li style=\"font-size:16px\"><strong>Smarter people decisions&nbsp;<\/strong>\u2013 all in one quick read.<\/li>\n<\/ul>\n\n\n\n<p style=\"font-size:16px\"><strong>Make better people decisions \u2013 with just one monthly update<\/strong>.<\/p>\n\n<\/div>\n<\/div><\/div>\n<\/div>\n<\/div>","protected":false},"excerpt":{"rendered":"<p>30 Tage kostenlose Testversion - Klarheit \u00fcber F\u00e4higkeiten, intelligentere Entwicklung Visualisieren Sie Teamzufriedenheit und Verbesserungspotenzial Sammeln Sie Daten \u00fcber Teamzufriedenheit, Praktiken und Standards. Erkennen Sie Verbesserungspotenzial und motivieren Sie Ihre Teams zu Fortschritten. Was man nicht messen kann, kann man auch nicht verbessern. Messen Sie Ihren Fortschritt mit dem Business Agility Index Unser Bewertungsmodell ... <a title=\"Team Health Checks\" class=\"read-more\" href=\"https:\/\/www.teammeter.com\/de\/health-check\/\" aria-label=\"Mehr Informationen \u00fcber Team Health Checks\">Weiterlesen \u2026<\/a><\/p>","protected":false},"author":2,"featured_media":0,"parent":0,"menu_order":0,"comment_status":"closed","ping_status":"closed","template":"","meta":{"inline_featured_image":false,"footnotes":""},"class_list":["post-93","page","type-page","status-publish"],"_links":{"self":[{"href":"https:\/\/www.teammeter.com\/de\/wp-json\/wp\/v2\/pages\/93","targetHints":{"allow":["GET"]}}],"collection":[{"href":"https:\/\/www.teammeter.com\/de\/wp-json\/wp\/v2\/pages"}],"about":[{"href":"https:\/\/www.teammeter.com\/de\/wp-json\/wp\/v2\/types\/page"}],"author":[{"embeddable":true,"href":"https:\/\/www.teammeter.com\/de\/wp-json\/wp\/v2\/users\/2"}],"replies":[{"embeddable":true,"href":"https:\/\/www.teammeter.com\/de\/wp-json\/wp\/v2\/comments?post=93"}],"version-history":[{"count":289,"href":"https:\/\/www.teammeter.com\/de\/wp-json\/wp\/v2\/pages\/93\/revisions"}],"predecessor-version":[{"id":13166,"href":"https:\/\/www.teammeter.com\/de\/wp-json\/wp\/v2\/pages\/93\/revisions\/13166"}],"wp:attachment":[{"href":"https:\/\/www.teammeter.com\/de\/wp-json\/wp\/v2\/media?parent=93"}],"curies":[{"name":"wp","href":"https:\/\/api.w.org\/{rel}","templated":true}]}}