{"id":10342,"date":"2025-05-09T12:11:17","date_gmt":"2025-05-09T12:11:17","guid":{"rendered":"https:\/\/www.teammeter.com\/?page_id=10342"},"modified":"2026-03-09T17:05:21","modified_gmt":"2026-03-09T17:05:21","slug":"demo-request","status":"publish","type":"page","link":"https:\/\/www.teammeter.com\/fr\/demo-request\/","title":{"rendered":"Demande de d\u00e9mo"},"content":{"rendered":"\n<h1 class=\"wp-block-heading has-text-align-center\" style=\"font-size:30px\">Live-Demo: See how Teammeter turns skills into growth.<\/h1>\n\n\n\n<div style=\"height:10px\" aria-hidden=\"true\" class=\"wp-block-spacer\"><\/div>\n\n\n<div class=\"gb-container gb-container-74cc2884\">\n<div class=\"gb-grid-wrapper gb-grid-wrapper-64f0a3aa\">\n<div class=\"gb-grid-column gb-grid-column-8da3688a\"><div class=\"gb-container gb-container-8da3688a\">\n\n<h2 class=\"wp-block-heading has-text-align-left\" style=\"font-size:28px\">How Teammeter simplifies skill management in just 30 minutes.<\/h2>\n\n\n\n<div style=\"height:10px\" aria-hidden=\"true\" class=\"wp-block-spacer\"><\/div>\n\n\n\n<p><strong>What to expect in 30 minutes (online via Teams):<\/strong><\/p>\n\n\n\n<ul class=\"wp-block-list\">\n<li>Brief exchange on your current challenges and goals<\/li>\n\n\n\n<li>Live demo of Teammeter based on your use cases<\/li>\n\n\n\n<li>Open Q&amp;A for all your questions<\/li>\n<\/ul>\n\n\n\n<p><strong>Afterwards:<\/strong>&nbsp;Full access to all features for 30 days \u2013 <mark style=\"background-color:var(--secondary-100)\" class=\"has-inline-color has-contrast-color\">completely free<\/mark>.<\/p>\n\n\n<div class=\"wpforms-container wpforms-container-full wpforms-block wpforms-block-25e670b5-2ad7-48d5-bacc-c960b9552647\" id=\"wpforms-10390\"><form id=\"wpforms-form-10390\" class=\"wpforms-validate wpforms-form wpforms-ajax-form\" data-formid=\"10390\" method=\"post\" enctype=\"multipart\/form-data\" action=\"\/fr\/wp-json\/wp\/v2\/pages\/10342\" data-token=\"d16d6ef43b1c19b80161750918961896\" data-token-time=\"1777869049\"><noscript class=\"wpforms-error-noscript\">Veuillez activer JavaScript dans votre navigateur pour remplir ce formulaire.<\/noscript><div class=\"wpforms-field-container\"><div id=\"wpforms-10390-field_2-container\" class=\"wpforms-field wpforms-field-email\" data-field-id=\"2\"><label class=\"wpforms-field-label\" for=\"wpforms-10390-field_2\">Business Email <span class=\"wpforms-required-label\">*<\/span><\/label><input type=\"email\" id=\"wpforms-10390-field_2\" class=\"wpforms-field-medium wpforms-field-required\" data-rule-restricted-email=\"1\" name=\"wpforms[fields][2]\" placeholder=\"Your Business Email\" spellcheck=\"false\" required><\/div><div id=\"wpforms-10390-field_11-container\" class=\"wpforms-field wpforms-field-hidden\" data-field-id=\"11\"><input type=\"hidden\" id=\"wpforms-10390-field_11\" name=\"wpforms[fields][11]\" value=\"fr\"><\/div><\/div><!-- .wpforms-field-container --><div class=\"wpforms-submit-container\" ><input type=\"hidden\" name=\"wpforms[id]\" value=\"10390\"><input type=\"hidden\" name=\"page_title\" value=\"\"><input type=\"hidden\" name=\"page_url\" value=\"https:\/\/www.teammeter.com\/fr\/wp-json\/wp\/v2\/pages\/10342\"><input type=\"hidden\" name=\"url_referer\" value=\"\"><button type=\"submit\" name=\"wpforms[submit]\" id=\"wpforms-submit-10390\" class=\"wpforms-submit custom-button\" data-alt-text=\"Sending...\" data-submit-text=\"Pick a time\" aria-live=\"assertive\" value=\"wpforms-submit\">Pick a time<\/button><img decoding=\"async\" src=\"https:\/\/www.teammeter.com\/wp-content\/plugins\/wpforms\/assets\/images\/submit-spin.svg\" class=\"wpforms-submit-spinner\" style=\"display: none;\" width=\"26\" height=\"26\" alt=\"Chargement en cours\"><\/div><\/form><\/div>  <!-- .wpforms-container -->\n\n\n<p class=\"has-small-font-size\">By submitting your information, you allow us to process your personal data in accordance to our <a href=\"https:\/\/www.teammeter.com\/legal-notices\" data-type=\"page\" data-id=\"474\">Privacy Policy<\/a>.<\/p>\n\n<\/div><\/div>\n<\/div>\n<\/div>\n\n<div class=\"gb-container gb-container-c56e5c3c\">\n<div class=\"gb-grid-wrapper gb-grid-wrapper-fc278d10\">\n<div class=\"gb-grid-column gb-grid-column-33230901\"><div class=\"gb-container gb-container-33230901\">\n<div class=\"wp-block-image\">\n<figure class=\"aligncenter size-full is-resized\"><img decoding=\"async\" width=\"199\" height=\"70\" src=\"https:\/\/www.teammeter.com\/wp-content\/uploads\/2025\/01\/Toyota_logo.svg\" alt=\"Toyota logo\" class=\"wp-image-8896\" style=\"width:160px\"\/><\/figure>\n<\/div>\n<\/div><\/div>\n\n<div class=\"gb-grid-column gb-grid-column-0711386f\"><div class=\"gb-container gb-container-0711386f\">\n<div class=\"wp-block-image\">\n<figure class=\"aligncenter size-full is-resized\"><img decoding=\"async\" width=\"120\" height=\"22\" src=\"https:\/\/www.teammeter.com\/wp-content\/uploads\/2025\/01\/Clade_logo.svg\" alt=\"Clade logo\" class=\"wp-image-8901\" style=\"width:100px\"\/><\/figure>\n<\/div>\n<\/div><\/div>\n\n<div class=\"gb-grid-column gb-grid-column-aba74c28\"><div class=\"gb-container gb-container-aba74c28\">\n<div class=\"wp-block-image\">\n<figure class=\"aligncenter size-full is-resized\"><img decoding=\"async\" width=\"320\" height=\"224\" src=\"https:\/\/www.teammeter.com\/wp-content\/uploads\/2025\/01\/Deutsche_Bahn_logo.png\" alt=\"Deutsche Bahn logo\" class=\"wp-image-8897\" style=\"width:60px\" srcset=\"https:\/\/www.teammeter.com\/wp-content\/uploads\/2025\/01\/Deutsche_Bahn_logo.png 320w, https:\/\/www.teammeter.com\/wp-content\/uploads\/2025\/01\/Deutsche_Bahn_logo-300x210.png 300w, https:\/\/www.teammeter.com\/wp-content\/uploads\/2025\/01\/Deutsche_Bahn_logo-18x12.png 18w\" sizes=\"(max-width: 320px) 100vw, 320px\" \/><\/figure>\n<\/div>\n<\/div><\/div>\n\n<div class=\"gb-grid-column gb-grid-column-acb78e70\"><div class=\"gb-container gb-container-acb78e70\">\n<div class=\"wp-block-image\">\n<figure class=\"aligncenter size-large is-resized\"><img decoding=\"async\" src=\"https:\/\/www.teammeter.com\/wp-content\/uploads\/2025\/01\/Freenet_logo.svg\" alt=\"Freenet logo\" class=\"wp-image-8898\" style=\"width:150px;height:auto\"\/><\/figure>\n<\/div>\n<\/div><\/div>\n\n<div class=\"gb-grid-column gb-grid-column-6741dd48\"><div class=\"gb-container gb-container-6741dd48\">\n<div class=\"wp-block-image\">\n<figure class=\"aligncenter size-large is-resized\"><img decoding=\"async\" width=\"578\" height=\"97\" src=\"https:\/\/www.teammeter.com\/wp-content\/uploads\/2025\/01\/Eurodata_logo.svg\" alt=\"Eurodata logo\" class=\"wp-image-8900\" style=\"width:120px\"\/><\/figure>\n<\/div>\n<\/div><\/div>\n<\/div>\n<\/div>\n\n<div class=\"gb-container gb-container-da269bfc\">\n\n<figure class=\"wp-block-video\"><video height=\"1502\" style=\"aspect-ratio: 2674 \/ 1502;\" width=\"2674\" autoplay muted src=\"https:\/\/www.teammeter.com\/wp-content\/uploads\/2025\/04\/skill-matrix-demo-page.mp4\"><\/video><\/figure>\n\n<\/div>\n\n<div class=\"gb-container gb-container-411287db\">\n\n<h2 class=\"wp-block-heading has-text-align-center\" style=\"font-size:30px\">FAQ<\/h2>\n\n\n<div class=\"lightweight-accordion has-background\"><details><summary class=\"lightweight-accordion-title\" style=\"background:var(--background-100);\"><span><strong>Is the demo free?<\/strong><\/span><\/summary><div class=\"lightweight-accordion-body\" style=\"border-color:var(--background-100);\">\n\n<p>Yes, absolutely. Booking a demo with us is free of charge and comes with no obligations.<\/p>\n\n<\/div><\/details><\/div>\n\n<div class=\"lightweight-accordion has-background\"><details><summary class=\"lightweight-accordion-title\" style=\"background:var(--background-100);\"><span><strong><strong>Can I invite guests?<\/strong><\/strong><\/span><\/summary><div class=\"lightweight-accordion-body\" style=\"border-color:var(--background-100);\">\n\n<p>Of course! Feel free to invite colleagues or other team members so you can explore Teammeter together.<\/p>\n\n<\/div><\/details><\/div>\n\n<div class=\"lightweight-accordion has-background\"><details><summary class=\"lightweight-accordion-title\" style=\"background:var(--background-100);\"><span><strong><strong>Can I get a recording of the demo?<\/strong><\/strong><\/span><\/summary><div class=\"lightweight-accordion-body\" style=\"border-color:var(--background-100);\">\n\n<p>Yes, we\u2019ll be happy to provide you with a recording upon request \u2013 so you can revisit the session or share it with others afterwards.<\/p>\n\n<\/div><\/details><\/div>\n\n<div class=\"lightweight-accordion has-background\"><details><summary class=\"lightweight-accordion-title\" style=\"background:var(--background-100);\"><span><strong><strong>How long does the demo take?<\/strong><\/strong><\/span><\/summary><div class=\"lightweight-accordion-body\" style=\"border-color:var(--background-100);\">\n\n<p>Our demos usually take about 30 minutes. Depending on your questions, it can sometimes take a little longer. At the beginning of the session, just let us know if you have another appointment afterwards, and we\u2019ll make sure to stay on time.<\/p>\n\n<\/div><\/details><\/div>\n<\/div>","protected":false},"excerpt":{"rendered":"<p>D\u00e9monstration en direct : D\u00e9couvrez comment Teammeter transforme les comp\u00e9tences en croissance. FAQ (FOIRE AUX QUESTIONS)<\/p>","protected":false},"author":5,"featured_media":0,"parent":0,"menu_order":0,"comment_status":"closed","ping_status":"closed","template":"","meta":{"inline_featured_image":false,"footnotes":""},"class_list":["post-10342","page","type-page","status-publish"],"_links":{"self":[{"href":"https:\/\/www.teammeter.com\/fr\/wp-json\/wp\/v2\/pages\/10342","targetHints":{"allow":["GET"]}}],"collection":[{"href":"https:\/\/www.teammeter.com\/fr\/wp-json\/wp\/v2\/pages"}],"about":[{"href":"https:\/\/www.teammeter.com\/fr\/wp-json\/wp\/v2\/types\/page"}],"author":[{"embeddable":true,"href":"https:\/\/www.teammeter.com\/fr\/wp-json\/wp\/v2\/users\/5"}],"replies":[{"embeddable":true,"href":"https:\/\/www.teammeter.com\/fr\/wp-json\/wp\/v2\/comments?post=10342"}],"version-history":[{"count":1,"href":"https:\/\/www.teammeter.com\/fr\/wp-json\/wp\/v2\/pages\/10342\/revisions"}],"predecessor-version":[{"id":16070,"href":"https:\/\/www.teammeter.com\/fr\/wp-json\/wp\/v2\/pages\/10342\/revisions\/16070"}],"wp:attachment":[{"href":"https:\/\/www.teammeter.com\/fr\/wp-json\/wp\/v2\/media?parent=10342"}],"curies":[{"name":"wp","href":"https:\/\/api.w.org\/{rel}","templated":true}]}}