{"id":10409,"date":"2025-05-27T06:53:54","date_gmt":"2025-05-27T06:53:54","guid":{"rendered":"https:\/\/www.teammeter.com\/?page_id=10409"},"modified":"2026-01-06T15:42:09","modified_gmt":"2026-01-06T15:42:09","slug":"nouvelles-fonctionnalites","status":"publish","type":"page","link":"https:\/\/www.teammeter.com\/fr\/new-features\/","title":{"rendered":"Nouvelles fonctionnalit\u00e9s"},"content":{"rendered":"<div class=\"gb-container gb-container-d7b9e560 alignfull\">\n<div class=\"gb-container gb-container-d293f7c6\">\n\n<h1 class=\"wp-block-heading has-text-align-center\">Quoi de neuf ?<\/h1>\n\n\n\n<p class=\"has-text-align-center\">Retrouvez ici tous les communiqu\u00e9s<\/p>\n\n<\/div>\n<\/div>\n\n<div class=\"gb-container gb-container-fc0e2397 alignfull\">\n\n<div class=\"wp-block-query is-layout-flow wp-block-query-is-layout-flow\"><ul class=\"wp-block-post-template is-layout-flow wp-block-post-template-is-layout-flow\"><li class=\"wp-block-post post-16438 post type-post status-publish format-standard hentry category-new-features\">\n\n<div class=\"wp-block-columns are-vertically-aligned-center is-layout-flex wp-container-core-columns-is-layout-9d6595d7 wp-block-columns-is-layout-flex\">\n<div class=\"wp-block-column is-vertically-aligned-center is-layout-flow wp-block-column-is-layout-flow\" style=\"flex-basis:30%\"><\/div>\n\n\n\n<div class=\"wp-block-column is-vertically-aligned-center is-layout-flow wp-block-column-is-layout-flow\" style=\"flex-basis:70%\"><h4 class=\"wp-block-post-title\"><a href=\"https:\/\/www.teammeter.com\/fr\/new-features-march-2026\/\" target=\"_self\" >Nouveaut\u00e9s \u2013 Mars 2026<\/a><\/h4>\n\n<div class=\"wp-block-post-excerpt\"><p class=\"wp-block-post-excerpt__excerpt\">Les mises \u00e0 jour de ce mois-ci sont en ligne : une vue d'ensemble de l'\u00e9tat des certificats \u00e0 l'\u00e9chelle de l'entreprise, une gestion centralis\u00e9e des certificats et des notifications configurables. <\/p><\/div><\/div>\n<\/div>\n\n<\/li><li class=\"wp-block-post post-13917 post type-post status-publish format-standard has-post-thumbnail hentry category-new-features\">\n\n<div class=\"wp-block-columns are-vertically-aligned-center is-layout-flex wp-container-core-columns-is-layout-9d6595d7 wp-block-columns-is-layout-flex\">\n<div class=\"wp-block-column is-vertically-aligned-center is-layout-flow wp-block-column-is-layout-flow\" style=\"flex-basis:30%\"><figure class=\"wp-block-post-featured-image\"><a href=\"https:\/\/www.teammeter.com\/fr\/new-features-november-2025\/\" target=\"_self\"  ><img decoding=\"async\" width=\"901\" height=\"501\" src=\"https:\/\/www.teammeter.com\/wp-content\/uploads\/2025\/12\/November-2025-1.png\" class=\"attachment-post-thumbnail size-post-thumbnail wp-post-image\" alt=\"Nouvelles fonctionnalit\u00e9s - Novembre 2025\" style=\"object-fit:cover;\" srcset=\"https:\/\/www.teammeter.com\/wp-content\/uploads\/2025\/12\/November-2025-1.png 901w, https:\/\/www.teammeter.com\/wp-content\/uploads\/2025\/12\/November-2025-1-300x167.png 300w, https:\/\/www.teammeter.com\/wp-content\/uploads\/2025\/12\/November-2025-1-768x427.png 768w, https:\/\/www.teammeter.com\/wp-content\/uploads\/2025\/12\/November-2025-1-18x10.png 18w\" sizes=\"(max-width: 901px) 100vw, 901px\" \/><\/a><\/figure><\/div>\n\n\n\n<div class=\"wp-block-column is-vertically-aligned-center is-layout-flow wp-block-column-is-layout-flow\" style=\"flex-basis:70%\"><h4 class=\"wp-block-post-title\"><a href=\"https:\/\/www.teammeter.com\/fr\/new-features-november-2025\/\" target=\"_self\" >Nouvelles fonctionnalit\u00e9s - Novembre 2025<\/a><\/h4>\n\n<div class=\"wp-block-post-excerpt\"><p class=\"wp-block-post-excerpt__excerpt\">Les mises \u00e0 jour de ce mois-ci sont en ligne : des cat\u00e9gories de r\u00f4les et de formations plus intelligentes, des notes d'enregistrement exploitables, un filtrage des projets bas\u00e9 sur les certificats et une planification rationalis\u00e9e de la main-d'\u0153uvre. <\/p><\/div><\/div>\n<\/div>\n\n<\/li><li class=\"wp-block-post post-13916 post type-post status-publish format-standard has-post-thumbnail hentry category-new-features\">\n\n<div class=\"wp-block-columns are-vertically-aligned-center is-layout-flex wp-container-core-columns-is-layout-9d6595d7 wp-block-columns-is-layout-flex\">\n<div class=\"wp-block-column is-vertically-aligned-center is-layout-flow wp-block-column-is-layout-flow\" style=\"flex-basis:30%\"><figure class=\"wp-block-post-featured-image\"><a href=\"https:\/\/www.teammeter.com\/fr\/new-features-october-2025\/\" target=\"_self\"  ><img decoding=\"async\" width=\"901\" height=\"501\" src=\"https:\/\/www.teammeter.com\/wp-content\/uploads\/2025\/12\/October-2025-1.png\" class=\"attachment-post-thumbnail size-post-thumbnail wp-post-image\" alt=\"Nouvelles fonctionnalit\u00e9s - octobre 2025\" style=\"object-fit:cover;\" srcset=\"https:\/\/www.teammeter.com\/wp-content\/uploads\/2025\/12\/October-2025-1.png 901w, https:\/\/www.teammeter.com\/wp-content\/uploads\/2025\/12\/October-2025-1-300x167.png 300w, https:\/\/www.teammeter.com\/wp-content\/uploads\/2025\/12\/October-2025-1-768x427.png 768w, https:\/\/www.teammeter.com\/wp-content\/uploads\/2025\/12\/October-2025-1-18x10.png 18w\" sizes=\"(max-width: 901px) 100vw, 901px\" \/><\/a><\/figure><\/div>\n\n\n\n<div class=\"wp-block-column is-vertically-aligned-center is-layout-flow wp-block-column-is-layout-flow\" style=\"flex-basis:70%\"><h4 class=\"wp-block-post-title\"><a href=\"https:\/\/www.teammeter.com\/fr\/new-features-october-2025\/\" target=\"_self\" >Nouvelles fonctionnalit\u00e9s - octobre 2025<\/a><\/h4>\n\n<div class=\"wp-block-post-excerpt\"><p class=\"wp-block-post-excerpt__excerpt\">Les mises \u00e0 jour de ce mois-ci sont en ligne : des cat\u00e9gories de r\u00f4les et de formations plus intelligentes, des notes d'enregistrement exploitables, un filtrage des projets bas\u00e9 sur les certificats et une planification rationalis\u00e9e de la main-d'\u0153uvre. <\/p><\/div><\/div>\n<\/div>\n\n<\/li><li class=\"wp-block-post post-13914 post type-post status-publish format-standard has-post-thumbnail hentry category-new-features\">\n\n<div class=\"wp-block-columns are-vertically-aligned-center is-layout-flex wp-container-core-columns-is-layout-9d6595d7 wp-block-columns-is-layout-flex\">\n<div class=\"wp-block-column is-vertically-aligned-center is-layout-flow wp-block-column-is-layout-flow\" style=\"flex-basis:30%\"><figure class=\"wp-block-post-featured-image\"><a href=\"https:\/\/www.teammeter.com\/fr\/new-features-september-2025\/\" target=\"_self\"  ><img decoding=\"async\" width=\"901\" height=\"501\" src=\"https:\/\/www.teammeter.com\/wp-content\/uploads\/2025\/12\/September-2025.png\" class=\"attachment-post-thumbnail size-post-thumbnail wp-post-image\" alt=\"Nouvelles fonctionnalit\u00e9s - septembre 2025\" style=\"object-fit:cover;\" srcset=\"https:\/\/www.teammeter.com\/wp-content\/uploads\/2025\/12\/September-2025.png 901w, https:\/\/www.teammeter.com\/wp-content\/uploads\/2025\/12\/September-2025-300x167.png 300w, https:\/\/www.teammeter.com\/wp-content\/uploads\/2025\/12\/September-2025-768x427.png 768w, https:\/\/www.teammeter.com\/wp-content\/uploads\/2025\/12\/September-2025-18x10.png 18w\" sizes=\"(max-width: 901px) 100vw, 901px\" \/><\/a><\/figure><\/div>\n\n\n\n<div class=\"wp-block-column is-vertically-aligned-center is-layout-flow wp-block-column-is-layout-flow\" style=\"flex-basis:70%\"><h4 class=\"wp-block-post-title\"><a href=\"https:\/\/www.teammeter.com\/fr\/new-features-september-2025\/\" target=\"_self\" >Nouvelles fonctionnalit\u00e9s - septembre 2025<\/a><\/h4>\n\n<div class=\"wp-block-post-excerpt\"><p class=\"wp-block-post-excerpt__excerpt\">Les mises \u00e0 jour de ce mois-ci sont en ligne : des cat\u00e9gories de r\u00f4les et de formations plus intelligentes, des notes d'enregistrement exploitables, un filtrage des projets bas\u00e9 sur les certificats et une planification rationalis\u00e9e de la main-d'\u0153uvre. <\/p><\/div><\/div>\n<\/div>\n\n<\/li><li class=\"wp-block-post post-13915 post type-post status-publish format-standard has-post-thumbnail hentry category-new-features\">\n\n<div class=\"wp-block-columns are-vertically-aligned-center is-layout-flex wp-container-core-columns-is-layout-9d6595d7 wp-block-columns-is-layout-flex\">\n<div class=\"wp-block-column is-vertically-aligned-center is-layout-flow wp-block-column-is-layout-flow\" style=\"flex-basis:30%\"><figure class=\"wp-block-post-featured-image\"><a href=\"https:\/\/www.teammeter.com\/fr\/new-features-august-2025\/\" target=\"_self\"  ><img decoding=\"async\" width=\"901\" height=\"501\" src=\"https:\/\/www.teammeter.com\/wp-content\/uploads\/2025\/12\/August-2025.png\" class=\"attachment-post-thumbnail size-post-thumbnail wp-post-image\" alt=\"Nouvelles fonctionnalit\u00e9s - ao\u00fbt 2025\" style=\"object-fit:cover;\" srcset=\"https:\/\/www.teammeter.com\/wp-content\/uploads\/2025\/12\/August-2025.png 901w, https:\/\/www.teammeter.com\/wp-content\/uploads\/2025\/12\/August-2025-300x167.png 300w, https:\/\/www.teammeter.com\/wp-content\/uploads\/2025\/12\/August-2025-768x427.png 768w, https:\/\/www.teammeter.com\/wp-content\/uploads\/2025\/12\/August-2025-18x10.png 18w\" sizes=\"(max-width: 901px) 100vw, 901px\" \/><\/a><\/figure><\/div>\n\n\n\n<div class=\"wp-block-column is-vertically-aligned-center is-layout-flow wp-block-column-is-layout-flow\" style=\"flex-basis:70%\"><h4 class=\"wp-block-post-title\"><a href=\"https:\/\/www.teammeter.com\/fr\/new-features-august-2025\/\" target=\"_self\" >Nouvelles fonctionnalit\u00e9s - ao\u00fbt 2025<\/a><\/h4>\n\n<div class=\"wp-block-post-excerpt\"><p class=\"wp-block-post-excerpt__excerpt\">Les mises \u00e0 jour de ce mois-ci sont en ligne : des cat\u00e9gories de r\u00f4les et de formations plus intelligentes, des notes d'enregistrement exploitables, un filtrage des projets bas\u00e9 sur les certificats et une planification rationalis\u00e9e de la main-d'\u0153uvre. <\/p><\/div><\/div>\n<\/div>\n\n<\/li><li class=\"wp-block-post post-12391 post type-post status-publish format-standard has-post-thumbnail hentry category-new-features\">\n\n<div class=\"wp-block-columns are-vertically-aligned-center is-layout-flex wp-container-core-columns-is-layout-9d6595d7 wp-block-columns-is-layout-flex\">\n<div class=\"wp-block-column is-vertically-aligned-center is-layout-flow wp-block-column-is-layout-flow\" style=\"flex-basis:30%\"><figure class=\"wp-block-post-featured-image\"><a href=\"https:\/\/www.teammeter.com\/fr\/new-features-july-2025\/\" target=\"_self\"  ><img decoding=\"async\" width=\"901\" height=\"501\" src=\"https:\/\/www.teammeter.com\/wp-content\/uploads\/2025\/07\/July-2025.png\" class=\"attachment-post-thumbnail size-post-thumbnail wp-post-image\" alt=\"Nouvelles fonctionnalit\u00e9s - juillet 2025\" style=\"object-fit:cover;\" srcset=\"https:\/\/www.teammeter.com\/wp-content\/uploads\/2025\/07\/July-2025.png 901w, https:\/\/www.teammeter.com\/wp-content\/uploads\/2025\/07\/July-2025-300x167.png 300w, https:\/\/www.teammeter.com\/wp-content\/uploads\/2025\/07\/July-2025-768x427.png 768w, https:\/\/www.teammeter.com\/wp-content\/uploads\/2025\/07\/July-2025-18x10.png 18w\" sizes=\"(max-width: 901px) 100vw, 901px\" \/><\/a><\/figure><\/div>\n\n\n\n<div class=\"wp-block-column is-vertically-aligned-center is-layout-flow wp-block-column-is-layout-flow\" style=\"flex-basis:70%\"><h4 class=\"wp-block-post-title\"><a href=\"https:\/\/www.teammeter.com\/fr\/new-features-july-2025\/\" target=\"_self\" >Nouvelles fonctionnalit\u00e9s - juillet 2025<\/a><\/h4>\n\n<div class=\"wp-block-post-excerpt\"><p class=\"wp-block-post-excerpt__excerpt\">Les mises \u00e0 jour de ce mois-ci sont en ligne : des cat\u00e9gories de r\u00f4les et de formations plus intelligentes, des notes d'enregistrement exploitables, un filtrage des projets bas\u00e9 sur les certificats et une planification rationalis\u00e9e de la main-d'\u0153uvre. <\/p><\/div><\/div>\n<\/div>\n\n<\/li><li class=\"wp-block-post post-11786 post type-post status-publish format-standard has-post-thumbnail hentry category-new-features\">\n\n<div class=\"wp-block-columns are-vertically-aligned-center is-layout-flex wp-container-core-columns-is-layout-9d6595d7 wp-block-columns-is-layout-flex\">\n<div class=\"wp-block-column is-vertically-aligned-center is-layout-flow wp-block-column-is-layout-flow\" style=\"flex-basis:30%\"><figure class=\"wp-block-post-featured-image\"><a href=\"https:\/\/www.teammeter.com\/fr\/new-features-june-2025\/\" target=\"_self\"  ><img decoding=\"async\" width=\"901\" height=\"501\" src=\"https:\/\/www.teammeter.com\/wp-content\/uploads\/2025\/06\/June-2025.png\" class=\"attachment-post-thumbnail size-post-thumbnail wp-post-image\" alt=\"Nouvelles fonctionnalit\u00e9s - juin 2025\" style=\"object-fit:cover;\" srcset=\"https:\/\/www.teammeter.com\/wp-content\/uploads\/2025\/06\/June-2025.png 901w, https:\/\/www.teammeter.com\/wp-content\/uploads\/2025\/06\/June-2025-300x167.png 300w, https:\/\/www.teammeter.com\/wp-content\/uploads\/2025\/06\/June-2025-768x427.png 768w, https:\/\/www.teammeter.com\/wp-content\/uploads\/2025\/06\/June-2025-18x10.png 18w\" sizes=\"(max-width: 901px) 100vw, 901px\" \/><\/a><\/figure><\/div>\n\n\n\n<div class=\"wp-block-column is-vertically-aligned-center is-layout-flow wp-block-column-is-layout-flow\" style=\"flex-basis:70%\"><h4 class=\"wp-block-post-title\"><a href=\"https:\/\/www.teammeter.com\/fr\/new-features-june-2025\/\" target=\"_self\" >Nouvelles fonctionnalit\u00e9s - juin 2025<\/a><\/h4>\n\n<div class=\"wp-block-post-excerpt\"><p class=\"wp-block-post-excerpt__excerpt\">De nouvelles mises \u00e0 jour viennent d'\u00eatre publi\u00e9es : des parcours de d\u00e9veloppement bas\u00e9s sur les r\u00f4les, des sondages aliment\u00e9s par l'IA et des t\u00e9l\u00e9chargements de documents simplifi\u00e9s. <\/p><\/div><\/div>\n<\/div>\n\n<\/li><li class=\"wp-block-post post-10453 post type-post status-publish format-standard has-post-thumbnail hentry category-new-features\">\n\n<div class=\"wp-block-columns are-vertically-aligned-center is-layout-flex wp-container-core-columns-is-layout-9d6595d7 wp-block-columns-is-layout-flex\">\n<div class=\"wp-block-column is-vertically-aligned-center is-layout-flow wp-block-column-is-layout-flow\" style=\"flex-basis:30%\"><figure class=\"wp-block-post-featured-image\"><a href=\"https:\/\/www.teammeter.com\/fr\/new-features-may-2025\/\" target=\"_self\"  ><img decoding=\"async\" width=\"901\" height=\"501\" src=\"https:\/\/www.teammeter.com\/wp-content\/uploads\/2025\/04\/May-2025.png\" class=\"attachment-post-thumbnail size-post-thumbnail wp-post-image\" alt=\"Nouvelles fonctionnalit\u00e9s - mai 2025\" style=\"object-fit:cover;\" srcset=\"https:\/\/www.teammeter.com\/wp-content\/uploads\/2025\/04\/May-2025.png 901w, https:\/\/www.teammeter.com\/wp-content\/uploads\/2025\/04\/May-2025-300x167.png 300w, https:\/\/www.teammeter.com\/wp-content\/uploads\/2025\/04\/May-2025-768x427.png 768w, https:\/\/www.teammeter.com\/wp-content\/uploads\/2025\/04\/May-2025-18x10.png 18w\" sizes=\"(max-width: 901px) 100vw, 901px\" \/><\/a><\/figure><\/div>\n\n\n\n<div class=\"wp-block-column is-vertically-aligned-center is-layout-flow wp-block-column-is-layout-flow\" style=\"flex-basis:70%\"><h4 class=\"wp-block-post-title\"><a href=\"https:\/\/www.teammeter.com\/fr\/new-features-may-2025\/\" target=\"_self\" >Nouvelles fonctionnalit\u00e9s - mai 2025<\/a><\/h4>\n\n<div class=\"wp-block-post-excerpt\"><p class=\"wp-block-post-excerpt__excerpt\">Les mises \u00e0 jour de ce mois-ci sont en ligne : une nouvelle vid\u00e9o de pr\u00e9sentation, une cat\u00e9gorisation des comp\u00e9tences aliment\u00e9e par l'IA, une recherche am\u00e9lior\u00e9e des membres des RH et une int\u00e9gration transparente de Personio. Plongez dans l'aventure d\u00e8s maintenant et b\u00e9n\u00e9ficiez d'une productivit\u00e9 plus rapide et plus intelligente. <\/p><\/div><\/div>\n<\/div>\n\n<\/li><li class=\"wp-block-post post-4629 post type-post status-publish format-standard hentry category-new-features\">\n\n<div class=\"wp-block-columns are-vertically-aligned-center is-layout-flex wp-container-core-columns-is-layout-9d6595d7 wp-block-columns-is-layout-flex\">\n<div class=\"wp-block-column is-vertically-aligned-center is-layout-flow wp-block-column-is-layout-flow\" style=\"flex-basis:30%\"><\/div>\n\n\n\n<div class=\"wp-block-column is-vertically-aligned-center is-layout-flow wp-block-column-is-layout-flow\" style=\"flex-basis:70%\"><h4 class=\"wp-block-post-title\"><a href=\"https:\/\/www.teammeter.com\/fr\/february-product-updates\/\" target=\"_self\" >Mises \u00e0 jour des produits en f\u00e9vrier<\/a><\/h4>\n\n<div class=\"wp-block-post-excerpt\"><p class=\"wp-block-post-excerpt__excerpt\">Nous sommes heureux de vous informer des nouvelles fonctionnalit\u00e9s de Teammeter. La plus grande am\u00e9lioration est l'introduction des formations et des r\u00f4les. Les formations qui correspondent aux objectifs de d\u00e9veloppement sont sugg\u00e9r\u00e9es dans le plan de d\u00e9veloppement. La matrice de comp\u00e9tences est d\u00e9sormais mieux adapt\u00e9e aux \u00e9quipes interfonctionnelles car vous pouvez la filtrer... <\/p><\/div><\/div>\n<\/div>\n\n<\/li><\/ul>\n\n\n\n<\/div>\n\n<\/div>","protected":false},"excerpt":{"rendered":"<p>Quoi de neuf ? Retrouvez ici toutes les nouveaut\u00e9s<\/p>","protected":false},"author":5,"featured_media":0,"parent":0,"menu_order":0,"comment_status":"closed","ping_status":"closed","template":"","meta":{"inline_featured_image":false,"footnotes":""},"class_list":["post-10409","page","type-page","status-publish"],"_links":{"self":[{"href":"https:\/\/www.teammeter.com\/fr\/wp-json\/wp\/v2\/pages\/10409","targetHints":{"allow":["GET"]}}],"collection":[{"href":"https:\/\/www.teammeter.com\/fr\/wp-json\/wp\/v2\/pages"}],"about":[{"href":"https:\/\/www.teammeter.com\/fr\/wp-json\/wp\/v2\/types\/page"}],"author":[{"embeddable":true,"href":"https:\/\/www.teammeter.com\/fr\/wp-json\/wp\/v2\/users\/5"}],"replies":[{"embeddable":true,"href":"https:\/\/www.teammeter.com\/fr\/wp-json\/wp\/v2\/comments?post=10409"}],"version-history":[{"count":23,"href":"https:\/\/www.teammeter.com\/fr\/wp-json\/wp\/v2\/pages\/10409\/revisions"}],"predecessor-version":[{"id":14706,"href":"https:\/\/www.teammeter.com\/fr\/wp-json\/wp\/v2\/pages\/10409\/revisions\/14706"}],"wp:attachment":[{"href":"https:\/\/www.teammeter.com\/fr\/wp-json\/wp\/v2\/media?parent=10409"}],"curies":[{"name":"wp","href":"https:\/\/api.w.org\/{rel}","templated":true}]}}