{"id":10769,"date":"2025-06-05T09:05:35","date_gmt":"2025-06-05T09:05:35","guid":{"rendered":"https:\/\/www.teammeter.com\/?page_id=10769"},"modified":"2026-01-29T13:17:52","modified_gmt":"2026-01-29T13:17:52","slug":"la-tarification","status":"publish","type":"page","link":"https:\/\/www.teammeter.com\/fr\/pricing\/","title":{"rendered":"Prix"},"content":{"rendered":"<div class=\"gb-container gb-container-72d3bae1\">\n\n<h1 class=\"wp-block-heading has-text-align-center\">Teammeter Pricing<\/h1>\n\n\n\n<p class=\"has-text-align-center\"><strong>Empower your people with modular skill and performance tools.<\/strong><br>Built for sustainable team growth and long-term ROI.<\/p>\n\n\n\n<div class=\"company-size-selector\">\n  <label for=\"tierSelect\">Select your company size:<\/label>\n  <input \n    type=\"range\" \n    id=\"tierSelect\" \n    min=\"0\" \n    max=\"6\" \n    step=\"1\"\n    value=\"1\"\n  >\n  <p>From <span id=\"tierLabel\">0<\/span> employees<\/p>\n<\/div>\n\n<style>\n  \/* Conteneur principal *\/\n  .company-size-selector {\n    background-color: white;\n    width: 100%;\n    max-width: 670px;\n    padding: 20px;\n    border-radius: 20px;\n    margin: 50px auto 0;\n    text-align: center;\n    box-sizing: border-box;\n  }\n\n  \/* Label *\/\n  .company-size-selector label {\n    display: block;\n    margin-bottom: 12px;\n    font-size: 15px;\n  }\n\n  \/* Input range *\/\n  .company-size-selector input[type=range] {\n    -webkit-appearance: none;\n    width: 100%;\n    height: 14px;\n    border-radius: 10px;\n    outline: none;\n    background: #6DE6F3;\n  }\n\n  \/* Thumb (le curseur) *\/\n  .company-size-selector input[type=range]::-webkit-slider-thumb {\n    -webkit-appearance: none;\n    appearance: none;\n    width: 24px;\n    height: 24px;\n    border-radius: 50%;\n    background: #3A3940;\n    border: 2px solid white;\n    box-shadow: 0 0 4px rgba(0,0,0,0.3);\n    cursor: grab;\n    transition: transform 0.1s ease-in-out;\n  }\n\n  .company-size-selector input[type=range]::-webkit-slider-thumb:active {\n    transform: scale(1.1);\n    cursor: grabbing;\n  }\n\n  \/* Paragraphe sous le slider *\/\n  .company-size-selector p {\n    font-size: 18px;\n    font-weight: 600;\n    margin: 8px;\n  }\n\n  \/* --- Responsive --- *\/\n  @media (max-width: 768px) {\n    .company-size-selector {\n      padding: 16px;\n      border-radius: 15px;\n      margin-top: 30px;\n    }\n\n    .company-size-selector label {\n      font-size: 14px;\n    }\n\n    .company-size-selector input[type=range] {\n      height: 10px;\n    }\n\n    .company-size-selector input[type=range]::-webkit-slider-thumb {\n      width: 20px;\n      height: 20px;\n    }\n\n    .company-size-selector p {\n      font-size: 16px;\n    }\n  }\n\n  @media (max-width: 480px) {\n    .company-size-selector {\n      padding: 12px;\n      border-radius: 12px;\n    }\n\n    .company-size-selector label {\n      font-size: 13px;\n    }\n\n    .company-size-selector input[type=range] {\n      height: 8px;\n    }\n\n    .company-size-selector input[type=range]::-webkit-slider-thumb {\n      width: 18px;\n      height: 18px;\n    }\n\n    .company-size-selector p {\n      font-size: 15px;\n    }\n  }\n<\/style>\n\n<\/div>\n\n<div class=\"gb-container gb-container-93a86c95\">\n<div class=\"gb-grid-wrapper gb-grid-wrapper-f49b3074 equal-content-height\">\n<div class=\"gb-grid-column gb-grid-column-9d43ce54\"><div class=\"gb-container gb-container-9d43ce54\"><div class=\"gb-inside-container\">\n\n<h4 class=\"wp-block-heading has-text-align-center\" id=\"teammeter-licence\" style=\"font-size:20px\">Skill Management<\/h4>\n\n\n<div class=\"gb-container gb-container-3432f5ce\">\n\n<p class=\"has-text-align-center no-margin\" style=\"font-size:15px\">Map team skills, identify gaps, and guide development.<\/p>\n\n<\/div>\n\n<div class=\"gb-container gb-container-ed6e51af\">\n\n<div style=\"text-align:center;\"><span id=\"price1\" class=\"tm-price\"><\/span><\/div>\n\n\n\n<p class=\"has-text-align-center has-contrast-2-color has-text-color has-link-color wp-elements-84ec35975dbdf9c19d99f951e6fae8f9\" id=\"no-margin\" style=\"font-size:16px\">per month \/ user<\/p>\n\n<\/div>\n\n<div class=\"gb-container gb-container-2b17b238\">\n\n<ul class=\"wp-block-list feature-list\">\n<li style=\"font-size:15px\">Enterprise Skill Catalog<\/li>\n\n\n\n<li style=\"font-size:15px\">Workforce Planning<\/li>\n\n\n\n<li style=\"font-size:15px\">Development &amp; Training Plans<\/li>\n\n\n\n<li style=\"font-size:15px\">Training History &amp; Certifications<\/li>\n\n\n\n<li style=\"font-size:15px\">Feedback<\/li>\n<\/ul>\n\n<\/div>\n<\/div><\/div><\/div>\n\n<div class=\"gb-grid-column gb-grid-column-ce03937f\"><div class=\"gb-container gb-container-ce03937f\"><div class=\"gb-inside-container\">\n\n<h4 class=\"wp-block-heading has-text-align-center\" id=\"teammeter-licence\" style=\"font-size:20px\">Check-ins<\/h4>\n\n\n<div class=\"gb-container gb-container-170c72a6\">\n\n<p class=\"has-text-align-center\" style=\"font-size:15px\">Guide development with structured and targeted evaluations*.<\/p>\n\n<\/div>\n\n<div class=\"gb-container gb-container-73e2de80\">\n<div style=\"text-align:center;\"><span id=\"price2\" class=\"tm-price\"><\/span><\/div>\n\n\n\n<p class=\"has-text-align-center has-contrast-2-color has-text-color has-link-color wp-elements-84ec35975dbdf9c19d99f951e6fae8f9\" id=\"no-margin\" style=\"font-size:16px\">per month \/ user<\/p>\n\n<\/div>\n\n<div class=\"gb-container gb-container-66bc2e56\">\n\n<ul class=\"wp-block-list feature-list\">\n<li style=\"font-size:16px\">Goal Setting &amp; Templates<\/li>\n\n\n\n<li style=\"font-size:16px\">Performance Insights &amp; Trends<\/li>\n<\/ul>\n\n<\/div>\n\n<div class=\"gb-container gb-container-ba04f6d9\">\n\n<p><\/p>\n\n\n\n<p style=\"font-size:14px\"><em>*Requires Skill Management<\/em><\/p>\n\n<\/div>\n<\/div><\/div><\/div>\n\n<div class=\"gb-grid-column gb-grid-column-61fe0663\"><div class=\"gb-container gb-container-61fe0663\"><div class=\"gb-inside-container\">\n\n<h4 class=\"wp-block-heading has-text-align-center has-medium-font-size\" id=\"teammeter-licence\">Health Checks<\/h4>\n\n\n<div class=\"gb-container gb-container-a4f1767e\">\n\n<p class=\"has-text-align-center\" style=\"font-size:15px\">Track team health and engagement with data-driven pulse checks.<\/p>\n\n<\/div>\n\n<div class=\"gb-container gb-container-ec605f2c\">\n<div style=\"text-align:center;\"><span id=\"price3\" class=\"tm-price\"><\/span><\/div>\n\n\n\n<p class=\"has-text-align-center has-contrast-2-color has-text-color has-link-color wp-elements-84ec35975dbdf9c19d99f951e6fae8f9\" id=\"no-margin\" style=\"font-size:16px\">per month \/ user<\/p>\n\n<\/div>\n\n<div class=\"gb-container gb-container-1e69e7f8\">\n\n<ul class=\"wp-block-list feature-list\">\n<li style=\"font-size:16px\">Organizational Health<\/li>\n\n\n\n<li style=\"font-size:16px\">Team Barometers<\/li>\n\n\n\n<li style=\"font-size:16px\">AI-based Insights<\/li>\n\n\n\n<li style=\"font-size:16px\">Team Reports<\/li>\n<\/ul>\n\n<\/div>\n<\/div><\/div><\/div>\n\n<div class=\"gb-grid-column gb-grid-column-8e3226ca\"><div class=\"gb-container gb-container-8e3226ca\"><div class=\"gb-inside-container\">\n\n<h4 class=\"wp-block-heading has-text-align-center has-medium-font-size\" id=\"teammeter-licence\">Retrospectives<\/h4>\n\n\n<div class=\"gb-container gb-container-2e2797cd\">\n\n<p class=\"has-text-align-center\" style=\"font-size:15px\">Foster continuous improvement with agile retros.<\/p>\n\n<\/div>\n\n<div class=\"gb-container gb-container-203e0691\">\n<div style=\"text-align:center;\"><span id=\"price4\" class=\"tm-price\"><\/span><\/div>\n\n\n\n<p class=\"has-text-align-center has-contrast-2-color has-text-color has-link-color wp-elements-84ec35975dbdf9c19d99f951e6fae8f9\" id=\"no-margin\" style=\"font-size:16px\">per month \/ user<\/p>\n\n<\/div>\n\n\n<ul class=\"wp-block-list feature-list\">\n<li class=\"feature-list\" style=\"font-size:16px\">Agile Retrospectives<\/li>\n\n\n\n<li style=\"font-size:16px\">Custom Templates<\/li>\n\n\n\n<li style=\"font-size:16px\">Team Recommendations<\/li>\n\n\n\n<li style=\"font-size:16px\">Jira Integration<\/li>\n<\/ul>\n\n<\/div><\/div><\/div>\n<\/div>\n<\/div>\n\n\n<script>\n  const labels = [\n    \"10\",\n    \"50\",\n    \"100\",\n    \"250\",\n    \"500\",\n    \"1000\",\n    \"2000\"\n  ];\n\n  \/\/ Rows = products (price1..price4)\n  \/\/ Columns = tiers (slider values)\n  const prices = [\n    [\"8,00\", \"6,00\", \"5,00\", \"4,00\", \"3,50\", \"3,00\", \"contact us\"],    \/\/ skill management\n    [\"4,00\", \"2,50\", \"2,00\", \"1,75\", \"1,5\", \"1,35\", \"contact us\"],     \/\/ check-ins\n    [\"6,00\", \"5,00\", \"4,50\", \"4,00\", \"3,50\", \"3,00\", \"contact us\"],    \/\/ health checks\n    [\"5,00\", \"4,00\", \"3,00\", \"2,50\", \"2,00\", \"1,50\", \"contact us\"],    \/\/ retros\n  ];\n\n  const slider = document.getElementById(\"tierSelect\");\n  const label  = document.getElementById(\"tierLabel\");\n\n  function updatePrices(tier) {\n    const t = Number(tier) | 0;\n    label.textContent = labels[t];\n\n    \/\/ Loop over products (rows)\n    prices.forEach((productPrices, i) => {\n      const el = document.getElementById(`price${i + 1}`);\n      const value = productPrices[t];\n      \/\/ Add \u20ac only if it's a number, not text like \"contact us\"\n      el.textContent = isNaN(value.replace(',', '.')) ? value : value + ' \u20ac';\n    });\n  }\n\n  \/\/ Initialize\n  updatePrices(slider.value);\n  slider.addEventListener(\"input\", e => updatePrices(e.target.value));\n<\/script>\n\n\n<div class=\"gb-container gb-container-5b284cca alignwide\">\n\n<a class=\"gb-button gb-button-06b1c9a5 gb-button-text\" href=\"https:\/\/www.teammeter.com\/quote-request\">Request a quote<\/a>\n\n<\/div>\n\n<div class=\"gb-container gb-container-2cc3571a\">\n\n<h1 class=\"wp-block-heading has-text-align-center\">Explore Today. Scale Tomorrow.<\/h1>\n\n\n\n<p class=\"has-text-align-center\">From free <strong>core features<\/strong> to full <strong>enterprise capabilities<\/strong>.<\/p>\n\n<\/div>\n\n<div class=\"gb-container gb-container-2589bdfb\">\n<div class=\"gb-grid-wrapper gb-grid-wrapper-823e0f92 equal-content-height\">\n<div class=\"gb-grid-column gb-grid-column-2a834506\"><div class=\"gb-container gb-container-2a834506\"><div class=\"gb-inside-container\">\n\n<h4 class=\"wp-block-heading has-text-align-center\" id=\"teammeter-licence\">Standard Package<\/h4>\n\n\n\n<p class=\"has-text-align-center\" style=\"font-size:18px\">Includes all essential features to get started quickly and easily.<\/p>\n\n\n\n<div style=\"height:36px\" aria-hidden=\"true\" class=\"wp-block-spacer\"><\/div>\n\n\n\n<ul class=\"wp-block-list feature-list\">\n<li style=\"font-size:18px\">All AI-powered features<\/li>\n\n\n\n<li style=\"font-size:18px\">Integration with your HR Software (<a href=\"https:\/\/www.teammeter.com\/integrations\/\" data-type=\"page\" data-id=\"13566\">12 supported<\/a>)<\/li>\n\n\n\n<li style=\"font-size:18px\">Secure Windows SSO<\/li>\n\n\n\n<li style=\"font-size:18px\">Email &amp; chat support during business hours<\/li>\n\n\n\n<li style=\"font-size:18px\">Personal onboarding session with your Customer Success Manager<\/li>\n<\/ul>\n\n\n\n<p><\/p>\n\n\n<div class=\"gb-container gb-container-bc899d26 push-to-bottom\">\n\n<a class=\"gb-button gb-button-24a10596 gb-button-text\" href=\"https:\/\/www.teammeter.com\/quote-request\">Ask for a quote<\/a>\n\n<\/div>\n<\/div><\/div><\/div>\n\n<div class=\"gb-grid-column gb-grid-column-0ca6397e\"><div class=\"gb-container gb-container-0ca6397e\"><div class=\"gb-inside-container\">\n\n<h4 class=\"wp-block-heading has-text-align-center has-contrast-color has-text-color has-link-color wp-elements-a36c5ac2afca781b921e0e685f5ca4ce\" id=\"teammeter-licence\">Enterprise Package<\/h4>\n\n\n\n<p class=\"has-text-align-center has-contrast-color has-text-color has-link-color wp-elements-3c03443e84ffd0939e1b609342093aee\" style=\"font-size:18px\">Extend Teammeter\u2019s capabilities across your organization with advanced integrations, and enterprise-grade support.<\/p>\n\n\n\n<div style=\"height:8px\" aria-hidden=\"true\" class=\"wp-block-spacer\"><\/div>\n\n\n\n<ul class=\"wp-block-list feature-list has-contrast-color has-text-color has-link-color wp-elements-38b42754fe5cc0e12bcf84a223c5c1b2\">\n<li style=\"font-size:18px\">Includes all Standard features, plus advanced enterprise options<\/li>\n\n\n\n<li style=\"font-size:18px\">API, SCIM, SSO<\/li>\n\n\n\n<li style=\"font-size:18px\">Custom Integrations with your HRIS or LMS<\/li>\n\n\n\n<li style=\"font-size:18px\">Custom contracts, SLAs and extended CSM support<\/li>\n<\/ul>\n\n\n\n<div style=\"height:15px\" aria-hidden=\"true\" class=\"wp-block-spacer\"><\/div>\n\n\n<div class=\"gb-container gb-container-8c5f2a24 push-to-bottom\">\n\n<a class=\"gb-button gb-button-21eaaccc gb-button-text\" href=\"https:\/\/meetings-eu1.hubspot.com\/lisa-wehking\/enterprise-discovery-call\" target=\"_blank\" rel=\"noopener noreferrer\">Request enterprise consultation<\/a>\n\n<\/div>\n<\/div><\/div><\/div>\n<\/div>\n<\/div>\n\n<div class=\"gb-container gb-container-16e6d498\">\n<div class=\"gb-container gb-container-82879dbd\">\n\n<h1 class=\"wp-block-heading has-text-align-center\">30 Days Free Trial &#8211; Clarity on Skills, Smarter Development<\/h1>\n\n<\/div>\n\n<div class=\"gb-grid-wrapper gb-grid-wrapper-ea2a517b\">\n<div class=\"gb-grid-column gb-grid-column-f362ea64\"><div class=\"gb-container gb-container-f362ea64\">\n\n<figure class=\"wp-block-image size-large\"><img decoding=\"async\" src=\"https:\/\/www.teammeter.com\/wp-content\/uploads\/2025\/06\/explore-teammeter.svg\" alt=\"\" class=\"wp-image-11289\"\/><\/figure>\n\n<\/div><\/div>\n\n<div class=\"gb-grid-column gb-grid-column-f0182933\"><div class=\"gb-container gb-container-f0182933\"><div class=\"gb-inside-container\">\n\n<h4 class=\"wp-block-heading has-text-align-center\" id=\"teammeter-licence\">Use skill transparency to plan projects reliably and foster talent growth<\/h4>\n\n\n\n<ul class=\"wp-block-list feature-list\">\n<li style=\"font-size:18px\">Gain transparency on skills<\/li>\n\n\n\n<li style=\"font-size:18px\">Plan projects with confidence<\/li>\n\n\n\n<li style=\"font-size:18px\">Support targeted talent development<\/li>\n\n\n\n<li style=\"font-size:18px\">Personal demo included<\/li>\n<\/ul>\n\n\n\n<p style=\"font-size:18px\"><strong>Note:<\/strong><br>The free trial ends automatically after 30 days &#8211; no risk, no subscription.<\/p>\n\n\n<div class=\"gb-container gb-container-11830845\">\n\n<div style=\"height:10px\" aria-hidden=\"true\" class=\"wp-block-spacer\"><\/div>\n\n\n\n<a class=\"gb-button gb-button-b23b94b7 gb-button-text\" href=\"https:\/\/www.teammeter.com\/demo-request\" target=\"_blank\" rel=\"noopener noreferrer\">Get a Demo<\/a>\n\n<\/div>\n<\/div><\/div><\/div>\n<\/div>\n<\/div>","protected":false},"excerpt":{"rendered":"<p>Teammeter Pricing Donnez \u00e0 vos collaborateurs les moyens d'agir gr\u00e2ce \u00e0 des outils modulaires d'\u00e9valuation des comp\u00e9tences et des performances, con\u00e7us pour une croissance durable de l'\u00e9quipe et un retour sur investissement \u00e0 long terme. S\u00e9lectionnez la taille de votre entreprise : A partir de 0 employ\u00e9 Explorez aujourd'hui. D\u00e9veloppez demain. Des fonctionnalit\u00e9s de base gratuites aux fonctionnalit\u00e9s d'entreprise compl\u00e8tes. 30 jours d'essai gratuit - Clart\u00e9 des comp\u00e9tences, d\u00e9veloppement plus intelligent<\/p>","protected":false},"author":17,"featured_media":0,"parent":0,"menu_order":0,"comment_status":"closed","ping_status":"closed","template":"","meta":{"inline_featured_image":false,"footnotes":""},"class_list":["post-10769","page","type-page","status-publish"],"_links":{"self":[{"href":"https:\/\/www.teammeter.com\/fr\/wp-json\/wp\/v2\/pages\/10769","targetHints":{"allow":["GET"]}}],"collection":[{"href":"https:\/\/www.teammeter.com\/fr\/wp-json\/wp\/v2\/pages"}],"about":[{"href":"https:\/\/www.teammeter.com\/fr\/wp-json\/wp\/v2\/types\/page"}],"author":[{"embeddable":true,"href":"https:\/\/www.teammeter.com\/fr\/wp-json\/wp\/v2\/users\/17"}],"replies":[{"embeddable":true,"href":"https:\/\/www.teammeter.com\/fr\/wp-json\/wp\/v2\/comments?post=10769"}],"version-history":[{"count":253,"href":"https:\/\/www.teammeter.com\/fr\/wp-json\/wp\/v2\/pages\/10769\/revisions"}],"predecessor-version":[{"id":15619,"href":"https:\/\/www.teammeter.com\/fr\/wp-json\/wp\/v2\/pages\/10769\/revisions\/15619"}],"wp:attachment":[{"href":"https:\/\/www.teammeter.com\/fr\/wp-json\/wp\/v2\/media?parent=10769"}],"curies":[{"name":"wp","href":"https:\/\/api.w.org\/{rel}","templated":true}]}}