{"id":13559,"date":"2025-11-06T16:11:55","date_gmt":"2025-11-06T16:11:55","guid":{"rendered":"https:\/\/www.teammeter.com\/?page_id=13559"},"modified":"2026-02-17T15:50:26","modified_gmt":"2026-02-17T15:50:26","slug":"e-book-ai-in-hr-guide-best-practices","status":"publish","type":"page","link":"https:\/\/www.teammeter.com\/fr\/e-book-ai-in-hr-guide-best-practices\/","title":{"rendered":"L'IA dans le livre \u00e9lectronique des RH : Opportunit\u00e9s, risques, 5 bonnes pratiques"},"content":{"rendered":"<div class=\"gb-container gb-container-33e7ee8b\">\n<div class=\"gb-container gb-container-1bc48497\">\n\n<figure class=\"wp-block-image size-large rounded-img\"><img decoding=\"async\" width=\"796\" height=\"1024\" src=\"https:\/\/www.teammeter.com\/wp-content\/uploads\/2025\/10\/AI-in-HR-mockup-796x1024.png\" alt=\"AI in HR e-book cover by Teammeter\" class=\"wp-image-13672\" style=\"aspect-ratio:1;object-fit:cover\" srcset=\"https:\/\/www.teammeter.com\/wp-content\/uploads\/2025\/10\/AI-in-HR-mockup-796x1024.png 796w, https:\/\/www.teammeter.com\/wp-content\/uploads\/2025\/10\/AI-in-HR-mockup-233x300.png 233w, https:\/\/www.teammeter.com\/wp-content\/uploads\/2025\/10\/AI-in-HR-mockup-768x989.png 768w, https:\/\/www.teammeter.com\/wp-content\/uploads\/2025\/10\/AI-in-HR-mockup-scaled.png 1989w\" sizes=\"(max-width: 796px) 100vw, 796px\" \/><\/figure>\n\n<\/div>\n\n<div class=\"gb-container gb-container-aaf41f5f\">\n\n<h1 class=\"wp-block-heading\">AI in HR: Are You Ready for the Next Big Shift?<\/h1>\n\n\n\n<h5 class=\"wp-block-heading\" style=\"font-size:18px\">Discover how AI is reshaping talent management and what HR leaders must do&nbsp;now&nbsp;to stay ahead<\/h5>\n\n\n\n<p style=\"font-size:15px\">HR is changing faster than ever. From recruitment to employee development, AI is already transforming how teams operate. But while everyone talks about it, few truly know how to turn AI from a buzzword into a real advantage without losing the \u201chuman\u201d in Human Resources.<\/p>\n\n\n\n<div id=\"ebook-popup\" class=\"popup hidden\">\n  <div class=\"popup-content\">\n    <div class=\"wpforms-container wpforms-container-full\" id=\"wpforms-15815\"><form id=\"wpforms-form-15815\" class=\"wpforms-validate wpforms-form wpforms-ajax-form\" data-formid=\"15815\" method=\"post\" enctype=\"multipart\/form-data\" action=\"\/fr\/wp-json\/wp\/v2\/pages\/13559\" data-token=\"02346a801828f0578f44ed90cbd5d4e8\" data-token-time=\"1778499150\"><noscript class=\"wpforms-error-noscript\">Veuillez activer JavaScript dans votre navigateur pour remplir ce formulaire.<\/noscript><div class=\"wpforms-field-container\">\t\t<div id=\"wpforms-15815-field_3-container\"\n\t\t\tclass=\"wpforms-field wpforms-field-text\"\n\t\t\tdata-field-type=\"text\"\n\t\t\tdata-field-id=\"3\"\n\t\t\t>\n\t\t\t<label class=\"wpforms-field-label\" for=\"wpforms-15815-field_3\" >Language subscription Newsletter<\/label>\n\t\t\t<input type=\"text\" id=\"wpforms-15815-field_3\" class=\"wpforms-field-medium\" name=\"wpforms[fields][3]\" >\n\t\t<\/div>\n\t\t<div id=\"wpforms-15815-field_1-container\" class=\"wpforms-field wpforms-field-name\" data-field-id=\"1\"><label class=\"wpforms-field-label\" for=\"wpforms-15815-field_1\">Name <span class=\"wpforms-required-label\">*<\/span><\/label><div class=\"wpforms-field-row wpforms-field-medium\"><div class=\"wpforms-field-row-block wpforms-first wpforms-one-half\"><input type=\"text\" id=\"wpforms-15815-field_1\" class=\"wpforms-field-name-first wpforms-field-required\" name=\"wpforms[fields][1][first]\" placeholder=\"First Name\" required><label for=\"wpforms-15815-field_1\" class=\"wpforms-field-sublabel after wpforms-sublabel-hide\">Pr\u00e9nom<\/label><\/div><div class=\"wpforms-field-row-block wpforms-one-half\"><input type=\"text\" id=\"wpforms-15815-field_1-last\" class=\"wpforms-field-name-last wpforms-field-required\" name=\"wpforms[fields][1][last]\" placeholder=\"Last Name\" required><label for=\"wpforms-15815-field_1-last\" class=\"wpforms-field-sublabel after wpforms-sublabel-hide\">Nom<\/label><\/div><\/div><\/div><div id=\"wpforms-15815-field_2-container\" class=\"wpforms-field wpforms-field-email\" data-field-id=\"2\"><label class=\"wpforms-field-label\" for=\"wpforms-15815-field_2\">Email <span class=\"wpforms-required-label\">*<\/span><\/label><input type=\"email\" id=\"wpforms-15815-field_2\" class=\"wpforms-field-medium wpforms-field-required\" name=\"wpforms[fields][2]\" placeholder=\"mail@company.com\" spellcheck=\"false\" required><\/div><div id=\"wpforms-15815-field_5-container\" class=\"wpforms-field wpforms-field-gdpr-checkbox\" data-field-id=\"5\"><label class=\"wpforms-field-label\">Newsletter subscription <span class=\"wpforms-required-label\">*<\/span><\/label><ul id=\"wpforms-15815-field_5\" class=\"wpforms-field-required\"><li class=\"choice-1\"><input type=\"checkbox\" id=\"wpforms-15815-field_5_1\" name=\"wpforms[fields][5][]\" value=\"I agree to receive twice-monthly insights and updates from Teammeter. No spam, unsubscribe anytime.\" required ><label class=\"wpforms-field-label-inline\" for=\"wpforms-15815-field_5_1\">I agree to receive twice-monthly insights and updates from Teammeter. No spam, unsubscribe anytime.<\/label><\/li><\/ul><div class=\"wpforms-field-description\">By signing up you agree to our \n<a href=\"https:\/\/www.teammeter.com\/legal-notices\" target=\"_blank\" rel=\"noopener\" style=\"text-decoration:underline;\">\n  Privacy Policy\n<\/a>.<\/div><\/div><div id=\"wpforms-15815-field_9-container\" class=\"wpforms-field wpforms-field-hidden\" data-field-id=\"9\"><input type=\"hidden\" id=\"wpforms-15815-field_9\" name=\"wpforms[fields][9]\" value=\"fr\"><\/div><script>\n\t\t\t\t( function() {\n\t\t\t\t\tconst style = document.createElement( 'style' );\n\t\t\t\t\tstyle.appendChild( document.createTextNode( '#wpforms-15815-field_3-container { position: absolute !important; overflow: hidden !important; display: inline !important; height: 1px !important; width: 1px !important; z-index: -1000 !important; padding: 0 !important; } #wpforms-15815-field_3-container input { visibility: hidden; } #wpforms-conversational-form-page #wpforms-15815-field_3-container label { counter-increment: none; }' ) );\n\t\t\t\t\tdocument.head.appendChild( style );\n\t\t\t\t\tdocument.currentScript?.remove();\n\t\t\t\t} )();\n\t\t\t<\/script><\/div><!-- .wpforms-field-container --><div class=\"wpforms-submit-container\" ><input type=\"hidden\" name=\"wpforms[id]\" value=\"15815\"><input type=\"hidden\" name=\"page_title\" value=\"\"><input type=\"hidden\" name=\"page_url\" value=\"https:\/\/www.teammeter.com\/fr\/wp-json\/wp\/v2\/pages\/13559\"><input type=\"hidden\" name=\"url_referer\" value=\"\"><button type=\"submit\" name=\"wpforms[submit]\" id=\"wpforms-submit-15815\" class=\"wpforms-submit custom-button-newsletter-container\" data-alt-text=\"Sending...\" data-submit-text=\"Download the free e-book\" aria-live=\"assertive\" value=\"wpforms-submit\">Download the free e-book<\/button><img decoding=\"async\" src=\"https:\/\/www.teammeter.com\/wp-content\/plugins\/wpforms\/assets\/images\/submit-spin.svg\" class=\"wpforms-submit-spinner\" style=\"display: none;\" width=\"26\" height=\"26\" alt=\"Chargement en cours\"><\/div><\/form><\/div>  <!-- .wpforms-container -->\n    <button class=\"close-popup\">\u00d7<\/button>\n  <\/div>\n<\/div>\n<a href=\"#\" class=\"open-ebook-popup button\">Download the free e-book<\/a>\n\n<\/div>\n<\/div>\n\n<div class=\"gb-container gb-container-4500fe18\">\n<div class=\"gb-container gb-container-8ebf84d2\">\n\n<h5 class=\"wp-block-heading has-text-align-center\">Learn how to navigate the AI shift with clarity, not complexity<\/h5>\n\n\n\n<h2 class=\"wp-block-heading has-text-align-center\">Inside the guide: practical insights for the modern HR leaders<\/h2>\n\n\n\n<p class=\"has-text-align-center\" style=\"font-size:15px\">No fluff. Just the insights you need to stay relevant.<\/p>\n\n<\/div>\n\n\n<div class=\"wp-block-columns is-layout-flex wp-container-core-columns-is-layout-9d6595d7 wp-block-columns-is-layout-flex\">\n<div class=\"wp-block-column is-layout-flow wp-block-column-is-layout-flow\" style=\"flex-basis:25%\"><div class=\"gb-container gb-container-ac65bce3\">\n<div class=\"gb-container gb-container-1e2af4f7\">\n\n<figure class=\"wp-block-image size-large is-style-default\"><img decoding=\"async\" width=\"1024\" height=\"847\" src=\"https:\/\/www.teammeter.com\/wp-content\/uploads\/2025\/10\/How-AI-is-redefining-talent-acquisition-1-1024x847.png\" alt=\"\" class=\"wp-image-13657\" srcset=\"https:\/\/www.teammeter.com\/wp-content\/uploads\/2025\/10\/How-AI-is-redefining-talent-acquisition-1-1024x847.png 1024w, https:\/\/www.teammeter.com\/wp-content\/uploads\/2025\/10\/How-AI-is-redefining-talent-acquisition-1-300x248.png 300w, https:\/\/www.teammeter.com\/wp-content\/uploads\/2025\/10\/How-AI-is-redefining-talent-acquisition-1-768x635.png 768w, https:\/\/www.teammeter.com\/wp-content\/uploads\/2025\/10\/How-AI-is-redefining-talent-acquisition-1-1536x1271.png 1536w, https:\/\/www.teammeter.com\/wp-content\/uploads\/2025\/10\/How-AI-is-redefining-talent-acquisition-1-15x12.png 15w, https:\/\/www.teammeter.com\/wp-content\/uploads\/2025\/10\/How-AI-is-redefining-talent-acquisition-1.png 1650w\" sizes=\"(max-width: 1024px) 100vw, 1024px\" \/><\/figure>\n\n<\/div>\n\n\n<h6 class=\"wp-block-heading has-text-align-center\"><strong>How AI is redefining talent acquisition<\/strong><\/h6>\n\n<\/div><\/div>\n\n\n\n<div class=\"wp-block-column is-layout-flow wp-block-column-is-layout-flow\" style=\"flex-basis:25%\"><div class=\"gb-container gb-container-89bdc39f\">\n<div class=\"gb-container gb-container-a4ba65b8\">\n\n<figure class=\"wp-block-image size-large\"><img decoding=\"async\" width=\"1024\" height=\"847\" src=\"https:\/\/www.teammeter.com\/wp-content\/uploads\/2025\/10\/Real-examples-of-companies-integrating-AI-successfully-1024x847.png\" alt=\"\" class=\"wp-image-13656\" srcset=\"https:\/\/www.teammeter.com\/wp-content\/uploads\/2025\/10\/Real-examples-of-companies-integrating-AI-successfully-1024x847.png 1024w, https:\/\/www.teammeter.com\/wp-content\/uploads\/2025\/10\/Real-examples-of-companies-integrating-AI-successfully-300x248.png 300w, https:\/\/www.teammeter.com\/wp-content\/uploads\/2025\/10\/Real-examples-of-companies-integrating-AI-successfully-768x635.png 768w, https:\/\/www.teammeter.com\/wp-content\/uploads\/2025\/10\/Real-examples-of-companies-integrating-AI-successfully-1536x1271.png 1536w, https:\/\/www.teammeter.com\/wp-content\/uploads\/2025\/10\/Real-examples-of-companies-integrating-AI-successfully-2048x1694.png 2048w, https:\/\/www.teammeter.com\/wp-content\/uploads\/2025\/10\/Real-examples-of-companies-integrating-AI-successfully-15x12.png 15w\" sizes=\"(max-width: 1024px) 100vw, 1024px\" \/><\/figure>\n\n<\/div>\n\n\n<h6 class=\"wp-block-heading has-text-align-center\"><strong>Real examples of companies integrating AI successfully<\/strong><\/h6>\n\n<\/div><\/div>\n\n\n\n<div class=\"wp-block-column is-layout-flow wp-block-column-is-layout-flow\" style=\"flex-basis:25%\"><div class=\"gb-container gb-container-52dd9bc3\">\n<div class=\"gb-container gb-container-b5a77d18\">\n\n<figure class=\"wp-block-image size-large\"><img decoding=\"async\" width=\"1024\" height=\"847\" src=\"https:\/\/www.teammeter.com\/wp-content\/uploads\/2025\/10\/The-skills-HR-teams-will-need-in-2026-and-beyond-1024x847.png\" alt=\"\" class=\"wp-image-13654\" srcset=\"https:\/\/www.teammeter.com\/wp-content\/uploads\/2025\/10\/The-skills-HR-teams-will-need-in-2026-and-beyond-1024x847.png 1024w, https:\/\/www.teammeter.com\/wp-content\/uploads\/2025\/10\/The-skills-HR-teams-will-need-in-2026-and-beyond-300x248.png 300w, https:\/\/www.teammeter.com\/wp-content\/uploads\/2025\/10\/The-skills-HR-teams-will-need-in-2026-and-beyond-768x635.png 768w, https:\/\/www.teammeter.com\/wp-content\/uploads\/2025\/10\/The-skills-HR-teams-will-need-in-2026-and-beyond-1536x1271.png 1536w, https:\/\/www.teammeter.com\/wp-content\/uploads\/2025\/10\/The-skills-HR-teams-will-need-in-2026-and-beyond-2048x1694.png 2048w, https:\/\/www.teammeter.com\/wp-content\/uploads\/2025\/10\/The-skills-HR-teams-will-need-in-2026-and-beyond-15x12.png 15w\" sizes=\"(max-width: 1024px) 100vw, 1024px\" \/><\/figure>\n\n<\/div>\n\n\n<h6 class=\"wp-block-heading has-text-align-center\"><strong>The skills HR teams will need in 2026 and beyond<\/strong><\/h6>\n\n<\/div><\/div>\n\n\n\n<div class=\"wp-block-column is-layout-flow wp-block-column-is-layout-flow\" style=\"flex-basis:25%\"><div class=\"gb-container gb-container-efe692e8\">\n<div class=\"gb-container gb-container-aff1933e\">\n\n<figure class=\"wp-block-image size-large\"><img decoding=\"async\" width=\"1024\" height=\"847\" src=\"https:\/\/www.teammeter.com\/wp-content\/uploads\/2025\/10\/Actionable-steps-to-prepare-your-organization-1024x847.png\" alt=\"\" class=\"wp-image-13655\" srcset=\"https:\/\/www.teammeter.com\/wp-content\/uploads\/2025\/10\/Actionable-steps-to-prepare-your-organization-1024x847.png 1024w, https:\/\/www.teammeter.com\/wp-content\/uploads\/2025\/10\/Actionable-steps-to-prepare-your-organization-300x248.png 300w, https:\/\/www.teammeter.com\/wp-content\/uploads\/2025\/10\/Actionable-steps-to-prepare-your-organization-768x635.png 768w, https:\/\/www.teammeter.com\/wp-content\/uploads\/2025\/10\/Actionable-steps-to-prepare-your-organization-1536x1271.png 1536w, https:\/\/www.teammeter.com\/wp-content\/uploads\/2025\/10\/Actionable-steps-to-prepare-your-organization-2048x1694.png 2048w, https:\/\/www.teammeter.com\/wp-content\/uploads\/2025\/10\/Actionable-steps-to-prepare-your-organization-15x12.png 15w\" sizes=\"(max-width: 1024px) 100vw, 1024px\" \/><\/figure>\n\n<\/div>\n\n\n<h6 class=\"wp-block-heading has-text-align-center\"><strong>Actionable steps to prepare your organization<\/strong><\/h6>\n\n<\/div><\/div>\n<\/div>\n\n<\/div>\n\n<div class=\"gb-container gb-container-cc7d1fe1\">\n<div class=\"gb-container gb-container-b54cfa97\">\n\n<h2 class=\"wp-block-heading\">Made for the future-minded HR professionals<\/h2>\n\n\n\n<h5 class=\"wp-block-heading\" style=\"font-size:18px\">If you\u2019re leading teams, hiring talent, or shaping culture, this is for you.<\/h5>\n\n\n\n<p style=\"font-size:15px\">This e-book is made for:<\/p>\n\n\n<div class=\"gb-container gb-container-c58d9a6c\">\n<div class=\"gb-container gb-container-de90c285\">\n\n<figure class=\"wp-block-image size-full is-resized\"><img decoding=\"async\" width=\"600\" height=\"600\" src=\"https:\/\/www.teammeter.com\/wp-content\/uploads\/2025\/10\/Group-1321319093.png\" alt=\"\" class=\"wp-image-13711\" style=\"width:70px\" srcset=\"https:\/\/www.teammeter.com\/wp-content\/uploads\/2025\/10\/Group-1321319093.png 600w, https:\/\/www.teammeter.com\/wp-content\/uploads\/2025\/10\/Group-1321319093-300x300.png 300w, https:\/\/www.teammeter.com\/wp-content\/uploads\/2025\/10\/Group-1321319093-150x150.png 150w, https:\/\/www.teammeter.com\/wp-content\/uploads\/2025\/10\/Group-1321319093-12x12.png 12w\" sizes=\"(max-width: 600px) 100vw, 600px\" \/><\/figure>\n\n\n<div class=\"gb-container gb-container-86047d38\">\n\n<h6 class=\"wp-block-heading p-nomargin\"><strong>HR Directors and Managers<\/strong><\/h6>\n\n<\/div>\n<\/div>\n\n<div class=\"gb-container gb-container-9be845bb\">\n\n<figure class=\"wp-block-image size-full is-resized\"><img decoding=\"async\" width=\"600\" height=\"600\" src=\"https:\/\/www.teammeter.com\/wp-content\/uploads\/2025\/10\/Group-1321319094.png\" alt=\"\" class=\"wp-image-13712\" style=\"width:70px\" srcset=\"https:\/\/www.teammeter.com\/wp-content\/uploads\/2025\/10\/Group-1321319094.png 600w, https:\/\/www.teammeter.com\/wp-content\/uploads\/2025\/10\/Group-1321319094-300x300.png 300w, https:\/\/www.teammeter.com\/wp-content\/uploads\/2025\/10\/Group-1321319094-150x150.png 150w, https:\/\/www.teammeter.com\/wp-content\/uploads\/2025\/10\/Group-1321319094-12x12.png 12w\" sizes=\"(max-width: 600px) 100vw, 600px\" \/><\/figure>\n\n\n<div class=\"gb-container gb-container-4491ee7d\">\n\n<h6 class=\"wp-block-heading p-nomargin\"><strong>Talent &amp; People Ops professionals<\/strong><\/h6>\n\n<\/div>\n<\/div>\n\n<div class=\"gb-container gb-container-dfd45ffc\">\n\n<figure class=\"wp-block-image size-full is-resized\"><img decoding=\"async\" width=\"600\" height=\"600\" src=\"https:\/\/www.teammeter.com\/wp-content\/uploads\/2025\/10\/Group-1321319095.png\" alt=\"\" class=\"wp-image-13713\" style=\"width:70px\" srcset=\"https:\/\/www.teammeter.com\/wp-content\/uploads\/2025\/10\/Group-1321319095.png 600w, https:\/\/www.teammeter.com\/wp-content\/uploads\/2025\/10\/Group-1321319095-300x300.png 300w, https:\/\/www.teammeter.com\/wp-content\/uploads\/2025\/10\/Group-1321319095-150x150.png 150w, https:\/\/www.teammeter.com\/wp-content\/uploads\/2025\/10\/Group-1321319095-12x12.png 12w\" sizes=\"(max-width: 600px) 100vw, 600px\" \/><\/figure>\n\n\n<div class=\"gb-container gb-container-a51ae0fa\">\n\n<h6 class=\"wp-block-heading p-nomargin\"><strong>Business leaders exploring AI transformation<\/strong><\/h6>\n\n<\/div>\n<\/div>\n<\/div>\n\n<div class=\"gb-container gb-container-bafe7578\"><\/div>\n\n\n<p style=\"font-size:15px\">If you\u2019re ready to combine&nbsp;technology and empathy, this is your starting point.<\/p>\n\n<\/div>\n\n<div class=\"gb-container gb-container-3f516f44\">\n\n<figure class=\"wp-block-image size-large rounded-img\"><img decoding=\"async\" width=\"1024\" height=\"684\" src=\"https:\/\/www.teammeter.com\/wp-content\/uploads\/2025\/10\/personnes-en-reunion-d-affaires-a-angle-eleve-1024x684.jpg\" alt=\"\" class=\"wp-image-13724\" style=\"aspect-ratio:1;object-fit:cover\" srcset=\"https:\/\/www.teammeter.com\/wp-content\/uploads\/2025\/10\/personnes-en-reunion-d-affaires-a-angle-eleve-1024x684.jpg 1024w, https:\/\/www.teammeter.com\/wp-content\/uploads\/2025\/10\/personnes-en-reunion-d-affaires-a-angle-eleve-300x200.jpg 300w, https:\/\/www.teammeter.com\/wp-content\/uploads\/2025\/10\/personnes-en-reunion-d-affaires-a-angle-eleve-768x513.jpg 768w, https:\/\/www.teammeter.com\/wp-content\/uploads\/2025\/10\/personnes-en-reunion-d-affaires-a-angle-eleve-1536x1025.jpg 1536w, https:\/\/www.teammeter.com\/wp-content\/uploads\/2025\/10\/personnes-en-reunion-d-affaires-a-angle-eleve-2048x1367.jpg 2048w, https:\/\/www.teammeter.com\/wp-content\/uploads\/2025\/10\/personnes-en-reunion-d-affaires-a-angle-eleve-18x12.jpg 18w\" sizes=\"(max-width: 1024px) 100vw, 1024px\" \/><\/figure>\n\n<\/div>\n<\/div>\n\n<div class=\"gb-container gb-container-66b109f1 alignwide\">\n<div class=\"gb-container gb-container-87132b65\">\n\n<h5 class=\"wp-block-heading has-text-align-center\">Created by <em>Teammeter<\/em>, built for HR leaders<\/h5>\n\n\n\n<h2 class=\"wp-block-heading has-text-align-center\">We help organizations turn feedback and data into real growth<\/h2>\n\n\n\n<p class=\"has-text-align-center\" style=\"font-size:15px\">At Teammeter, we work with HR professionals across Europe to make performance, engagement, and skills management smarter and more human. Our platform combines AI insights with practical tools for feedback, competency tracking, and people development. Because we don\u2019t just study HR, we partner with it every day. That\u2019s why we\u2019ve created this e-book: to help you move from experimentation to practice, with confidence.<\/p>\n\n<\/div>\n\n<div class=\"gb-container gb-container-6f84dc09\">\n<div class=\"gb-container gb-container-768ebc1a\">\n<div class=\"gb-container gb-container-45e23540\">\n\n<figure class=\"wp-block-image size-medium is-resized\"><img decoding=\"async\" width=\"300\" height=\"300\" src=\"https:\/\/www.teammeter.com\/wp-content\/uploads\/2025\/10\/testimonial-300x300.png\" alt=\"\" class=\"wp-image-13692\" style=\"width:50px\" srcset=\"https:\/\/www.teammeter.com\/wp-content\/uploads\/2025\/10\/testimonial-300x300.png 300w, https:\/\/www.teammeter.com\/wp-content\/uploads\/2025\/10\/testimonial-150x150.png 150w, https:\/\/www.teammeter.com\/wp-content\/uploads\/2025\/10\/testimonial-12x12.png 12w, https:\/\/www.teammeter.com\/wp-content\/uploads\/2025\/10\/testimonial.png 512w\" sizes=\"(max-width: 300px) 100vw, 300px\" \/><\/figure>\n\n<\/div>\n\n<div class=\"gb-container gb-container-e2753b98\">\n\n<h4 class=\"wp-block-heading\"><em><em>We want Teammeter to remain a living, regularly used tool \u2013 because it helps us improve our structures in a truly sustainable way.<\/em><\/em><\/h4>\n\n<\/div>\n\n<div class=\"gb-container gb-container-552b6c3c alignwide\">\n\n<figure class=\"wp-block-image size-medium is-resized\"><img decoding=\"async\" width=\"300\" height=\"300\" src=\"https:\/\/www.teammeter.com\/wp-content\/uploads\/2025\/11\/Miriam-Aldinger-300x300.png\" alt=\"\" class=\"wp-image-13803\" style=\"width:30px\" srcset=\"https:\/\/www.teammeter.com\/wp-content\/uploads\/2025\/11\/Miriam-Aldinger-300x300.png 300w, https:\/\/www.teammeter.com\/wp-content\/uploads\/2025\/11\/Miriam-Aldinger-150x150.png 150w, https:\/\/www.teammeter.com\/wp-content\/uploads\/2025\/11\/Miriam-Aldinger-12x12.png 12w, https:\/\/www.teammeter.com\/wp-content\/uploads\/2025\/11\/Miriam-Aldinger.png 454w\" sizes=\"(max-width: 300px) 100vw, 300px\" \/><\/figure>\n\n\n\n<p><strong>Miriam Aldinger, <em>Team Lead People &amp; Culture at CLADE<\/em><\/strong><\/p>\n\n<\/div>\n<\/div>\n<\/div>\n\n<div class=\"gb-container gb-container-dafeec90 alignwide\">\n\n<figure class=\"wp-block-image size-large is-resized\"><img decoding=\"async\" width=\"1112\" height=\"252\" src=\"https:\/\/www.teammeter.com\/wp-content\/uploads\/2023\/05\/Horizontal-Black-TeamMeter.svg\" alt=\"\" class=\"wp-image-2753\" style=\"width:150px\"\/><\/figure>\n\n\n\n<p class=\"p-nomargin\" style=\"font-size:13px\"><em>Trusted by 300+ HR leaders across Europe<\/em><\/p>\n\n<\/div>\n\n<div class=\"gb-container gb-container-565b53ed\">\n\n<a class=\"gb-button gb-button-19bc5cab gb-button-text\" href=\"https:\/\/www.teammeter.com\/\" target=\"_blank\" rel=\"noopener noreferrer\">Learn more about Teammeter<\/a>\n\n<\/div>\n<\/div>\n\n<div class=\"gb-container gb-container-977fe600 alignwide\">\n<div class=\"gb-container gb-container-112b3f3e\">\n\n<p class=\"has-base-color has-text-color has-link-color wp-elements-b8101decfdf371c39404f3634194398a\"><strong>100% free. No spam, ever.<\/strong><\/p>\n\n\n\n<h2 class=\"wp-block-heading has-base-color has-text-color has-link-color wp-elements-509caef7b5713cb038cf43ee76a28c7d\">Get your free copy &#8220;AI in HR&#8221;<\/h2>\n\n\n\n<h6 class=\"wp-block-heading has-base-color has-text-color has-link-color wp-elements-3f26920de9b3c4f99623042d25bb0607\" style=\"font-size:15px\">Join 700+ HR professionals receiving&nbsp;twice&nbsp;monthly newsletter on HR innovation<\/h6>\n\n\n\n<p class=\"has-base-color has-text-color has-link-color wp-elements-7b1bd72e70157e6a21cad99b60f3f654\" style=\"font-size:13px\">Don\u2019t get left behind! Enter your email to receive your free e-book and join our monthly newsletter. Two emails a month. Always relevant. Never spam.<\/p>\n\n\n\n<a href=\"#\" class=\"open-ebook-popup button\">Download the free e-book<\/a>\n\n<\/div>\n<\/div>\n\n\n<script>\ndocument.addEventListener('DOMContentLoaded', function() {\n  const openButtons = document.querySelectorAll('.open-ebook-popup');\n  const closeBtn = document.querySelector('.close-popup');\n  const popup = document.getElementById('ebook-popup');\n\n  if (openButtons.length && popup && closeBtn) {\n    openButtons.forEach(button => {\n      button.addEventListener('click', function(e) {\n        e.preventDefault();\n        popup.classList.remove('hidden');\n      });\n    });\n\n    closeBtn.addEventListener('click', function() {\n      popup.classList.add('hidden');\n    });\n  }\n});\n<\/script>\n","protected":false},"excerpt":{"rendered":"<p>L'IA dans les RH : \u00cates-vous pr\u00eat pour le prochain grand changement ? D\u00e9couvrez comment l'IA remod\u00e8le la gestion des talents et ce que les responsables RH doivent faire d\u00e8s maintenant pour garder une longueur d'avance Les RH \u00e9voluent plus vite que jamais. Du recrutement au d\u00e9veloppement des employ\u00e9s, l'IA transforme d\u00e9j\u00e0 le fonctionnement des \u00e9quipes. Mais si tout le monde en parle, peu savent vraiment comment ... <a title=\"L&#039;IA dans le livre \u00e9lectronique des RH : Opportunit\u00e9s, risques, 5 bonnes pratiques\" class=\"read-more\" href=\"https:\/\/www.teammeter.com\/fr\/e-book-ai-in-hr-guide-best-practices\/\" aria-label=\"En savoir plus sur AI in HR e-book : Opportunit\u00e9s, risques, 5 bonnes pratiques\">Lire plus<\/a><\/p>","protected":false},"author":21,"featured_media":0,"parent":0,"menu_order":0,"comment_status":"closed","ping_status":"closed","template":"","meta":{"inline_featured_image":false,"footnotes":""},"class_list":["post-13559","page","type-page","status-publish"],"_links":{"self":[{"href":"https:\/\/www.teammeter.com\/fr\/wp-json\/wp\/v2\/pages\/13559","targetHints":{"allow":["GET"]}}],"collection":[{"href":"https:\/\/www.teammeter.com\/fr\/wp-json\/wp\/v2\/pages"}],"about":[{"href":"https:\/\/www.teammeter.com\/fr\/wp-json\/wp\/v2\/types\/page"}],"author":[{"embeddable":true,"href":"https:\/\/www.teammeter.com\/fr\/wp-json\/wp\/v2\/users\/21"}],"replies":[{"embeddable":true,"href":"https:\/\/www.teammeter.com\/fr\/wp-json\/wp\/v2\/comments?post=13559"}],"version-history":[{"count":1,"href":"https:\/\/www.teammeter.com\/fr\/wp-json\/wp\/v2\/pages\/13559\/revisions"}],"predecessor-version":[{"id":15819,"href":"https:\/\/www.teammeter.com\/fr\/wp-json\/wp\/v2\/pages\/13559\/revisions\/15819"}],"wp:attachment":[{"href":"https:\/\/www.teammeter.com\/fr\/wp-json\/wp\/v2\/media?parent=13559"}],"curies":[{"name":"wp","href":"https:\/\/api.w.org\/{rel}","templated":true}]}}