{"id":13566,"date":"2025-10-29T14:40:46","date_gmt":"2025-10-29T14:40:46","guid":{"rendered":"https:\/\/www.teammeter.com\/?page_id=13566"},"modified":"2025-11-26T13:36:40","modified_gmt":"2025-11-26T13:36:40","slug":"integrations","status":"publish","type":"page","link":"https:\/\/www.teammeter.com\/fr\/integrations\/","title":{"rendered":"Int\u00e9grations"},"content":{"rendered":"<div class=\"gb-container gb-container-5e7d4a5c\">\n\n<div style=\"height:50px\" aria-hidden=\"true\" class=\"wp-block-spacer\"><\/div>\n\n\n\n<h1 class=\"wp-block-heading has-text-align-center\">Int\u00e9grations<\/h1>\n\n\n\n<div style=\"height:40px\" aria-hidden=\"true\" class=\"wp-block-spacer\"><\/div>\n\n\n\n<h3 class=\"wp-block-heading\">Teammeter s'int\u00e8gre aux meilleurs syst\u00e8mes RH pour synchroniser vos donn\u00e9es personnelles sans effort.<\/h3>\n\n\n\n<p class=\"translation-block\"><br><br>\u00c9liminez la saisie manuelle des donn\u00e9es, <strong>synchronisez les profils des employ\u00e9s<\/strong> et gardez votre <strong>structure organisationnelle<\/strong> toujours \u00e0 jour.<\/p>\n\n\n<div class=\"gb-container gb-container-9dc2cb7d\">\n<div class=\"gb-grid-wrapper gb-grid-wrapper-1ea071ea\">\n<div class=\"gb-grid-column gb-grid-column-5a741ea8\"><div class=\"gb-container gb-container-5a741ea8\">\n<div class=\"gb-container gb-container-15b3f158\">\n<div class=\"wp-block-image logo is-style-rounded\">\n<figure class=\"aligncenter size-full is-resized\"><img decoding=\"async\" width=\"400\" height=\"400\" src=\"https:\/\/www.teammeter.com\/wp-content\/uploads\/2025\/10\/sap-successfactors-new.jpg\" alt=\"\" class=\"wp-image-13567\" style=\"object-fit:cover;width:80px;height:80px\" srcset=\"https:\/\/www.teammeter.com\/wp-content\/uploads\/2025\/10\/sap-successfactors-new.jpg 400w, https:\/\/www.teammeter.com\/wp-content\/uploads\/2025\/10\/sap-successfactors-new-300x300.jpg 300w, https:\/\/www.teammeter.com\/wp-content\/uploads\/2025\/10\/sap-successfactors-new-150x150.jpg 150w, https:\/\/www.teammeter.com\/wp-content\/uploads\/2025\/10\/sap-successfactors-new-12x12.jpg 12w\" sizes=\"(max-width: 400px) 100vw, 400px\" \/><\/figure>\n<\/div>\n\n\n<p class=\"has-text-align-center\"><strong>Facteurs de r\u00e9ussite SAP<\/strong><\/p>\n\n<\/div>\n<\/div><\/div>\n\n<div class=\"gb-grid-column gb-grid-column-85710fa8\"><div class=\"gb-container gb-container-85710fa8\">\n<div class=\"gb-container gb-container-95ddd753\">\n<div class=\"wp-block-image is-style-rounded\">\n<figure class=\"aligncenter size-full is-resized\"><img decoding=\"async\" width=\"128\" height=\"128\" src=\"https:\/\/www.teammeter.com\/wp-content\/uploads\/2025\/10\/personio_logo.png\" alt=\"\" class=\"wp-image-13568\" style=\"object-fit:cover;width:80px;height:80px\" srcset=\"https:\/\/www.teammeter.com\/wp-content\/uploads\/2025\/10\/personio_logo.png 128w, https:\/\/www.teammeter.com\/wp-content\/uploads\/2025\/10\/personio_logo-12x12.png 12w\" sizes=\"(max-width: 128px) 100vw, 128px\" \/><\/figure>\n<\/div>\n\n\n<p class=\"has-text-align-center\"><strong>Personio<\/strong><\/p>\n\n<\/div>\n<\/div><\/div>\n\n<div class=\"gb-grid-column gb-grid-column-de03b675\"><div class=\"gb-container gb-container-de03b675\">\n<div class=\"gb-container gb-container-f9b69e78\">\n<div class=\"wp-block-image is-style-rounded\">\n<figure class=\"aligncenter size-full is-resized\"><img decoding=\"async\" width=\"200\" height=\"200\" src=\"https:\/\/www.teammeter.com\/wp-content\/uploads\/2025\/10\/workday.jpg\" alt=\"\" class=\"wp-image-13578\" style=\"object-fit:cover;width:80px;height:80px\" srcset=\"https:\/\/www.teammeter.com\/wp-content\/uploads\/2025\/10\/workday.jpg 200w, https:\/\/www.teammeter.com\/wp-content\/uploads\/2025\/10\/workday-150x150.jpg 150w, https:\/\/www.teammeter.com\/wp-content\/uploads\/2025\/10\/workday-12x12.jpg 12w\" sizes=\"(max-width: 200px) 100vw, 200px\" \/><\/figure>\n<\/div>\n\n\n<p class=\"has-text-align-center\"><strong>Workday<\/strong><\/p>\n\n<\/div>\n<\/div><\/div>\n\n<div class=\"gb-grid-column gb-grid-column-d88de623\"><div class=\"gb-container gb-container-d88de623\">\n<div class=\"gb-container gb-container-e7182e42\">\n<div class=\"wp-block-image is-style-rounded\">\n<figure class=\"aligncenter size-full is-resized\"><img decoding=\"async\" width=\"102\" height=\"100\" src=\"https:\/\/www.teammeter.com\/wp-content\/uploads\/2025\/10\/ms_entra_100.png\" alt=\"\" class=\"wp-image-13576\" style=\"object-fit:cover;width:80px;height:80px\" srcset=\"https:\/\/www.teammeter.com\/wp-content\/uploads\/2025\/10\/ms_entra_100.png 102w, https:\/\/www.teammeter.com\/wp-content\/uploads\/2025\/10\/ms_entra_100-12x12.png 12w\" sizes=\"(max-width: 102px) 100vw, 102px\" \/><\/figure>\n<\/div>\n\n\n<p class=\"has-text-align-center\"><strong>Microsoft Entra<\/strong><\/p>\n\n<\/div>\n<\/div><\/div>\n\n<div class=\"gb-grid-column gb-grid-column-9c6376d3\"><div class=\"gb-container gb-container-9c6376d3\">\n<div class=\"gb-container gb-container-fdf0384d\">\n<div class=\"wp-block-image is-style-rounded\">\n<figure class=\"aligncenter size-full is-resized\"><img decoding=\"async\" width=\"406\" height=\"407\" src=\"https:\/\/www.teammeter.com\/wp-content\/uploads\/2025\/10\/ms_dynamics_logo-1.png\" alt=\"\" class=\"wp-image-13575\" style=\"object-fit:cover;width:80px;height:80px\" srcset=\"https:\/\/www.teammeter.com\/wp-content\/uploads\/2025\/10\/ms_dynamics_logo-1.png 406w, https:\/\/www.teammeter.com\/wp-content\/uploads\/2025\/10\/ms_dynamics_logo-1-300x300.png 300w, https:\/\/www.teammeter.com\/wp-content\/uploads\/2025\/10\/ms_dynamics_logo-1-150x150.png 150w, https:\/\/www.teammeter.com\/wp-content\/uploads\/2025\/10\/ms_dynamics_logo-1-12x12.png 12w\" sizes=\"(max-width: 406px) 100vw, 406px\" \/><\/figure>\n<\/div>\n\n\n<p class=\"has-text-align-center\"><strong>Microsoft Dynamics<\/strong><\/p>\n\n<\/div>\n<\/div><\/div>\n\n<div class=\"gb-grid-column gb-grid-column-55acba62\"><div class=\"gb-container gb-container-55acba62\">\n<div class=\"gb-container gb-container-ef41c1aa\">\n<div class=\"wp-block-image is-style-rounded\">\n<figure class=\"aligncenter size-full is-resized\"><img decoding=\"async\" width=\"200\" height=\"200\" src=\"https:\/\/www.teammeter.com\/wp-content\/uploads\/2025\/10\/factorial_icon128x128.jpg\" alt=\"\" class=\"wp-image-13579\" style=\"object-fit:cover;width:80px;height:80px\" srcset=\"https:\/\/www.teammeter.com\/wp-content\/uploads\/2025\/10\/factorial_icon128x128.jpg 200w, https:\/\/www.teammeter.com\/wp-content\/uploads\/2025\/10\/factorial_icon128x128-150x150.jpg 150w, https:\/\/www.teammeter.com\/wp-content\/uploads\/2025\/10\/factorial_icon128x128-12x12.jpg 12w\" sizes=\"(max-width: 200px) 100vw, 200px\" \/><\/figure>\n<\/div>\n\n\n<p class=\"has-text-align-center\"><strong>RH factorielle<\/strong><\/p>\n\n<\/div>\n<\/div><\/div>\n\n<div class=\"gb-grid-column gb-grid-column-2ac5b110\"><div class=\"gb-container gb-container-2ac5b110\">\n<div class=\"gb-container gb-container-c4674147\">\n<div class=\"wp-block-image is-style-rounded\">\n<figure class=\"aligncenter size-full is-resized\"><img decoding=\"async\" width=\"192\" height=\"192\" src=\"https:\/\/www.teammeter.com\/wp-content\/uploads\/2025\/10\/adp-next-gen-hcm.png\" alt=\"\" class=\"wp-image-13580\" style=\"object-fit:cover;width:80px;height:80px\" srcset=\"https:\/\/www.teammeter.com\/wp-content\/uploads\/2025\/10\/adp-next-gen-hcm.png 192w, https:\/\/www.teammeter.com\/wp-content\/uploads\/2025\/10\/adp-next-gen-hcm-150x150.png 150w, https:\/\/www.teammeter.com\/wp-content\/uploads\/2025\/10\/adp-next-gen-hcm-12x12.png 12w\" sizes=\"(max-width: 192px) 100vw, 192px\" \/><\/figure>\n<\/div>\n\n\n<p class=\"has-text-align-center\"><strong>ADP iHCM<\/strong><\/p>\n\n<\/div>\n<\/div><\/div>\n\n<div class=\"gb-grid-column gb-grid-column-2819d51a\"><div class=\"gb-container gb-container-2819d51a\">\n<div class=\"gb-container gb-container-c38455f3\">\n<div class=\"wp-block-image is-style-rounded\">\n<figure class=\"aligncenter size-full is-resized\"><img decoding=\"async\" width=\"200\" height=\"200\" src=\"https:\/\/www.teammeter.com\/wp-content\/uploads\/2025\/10\/sdworx.jpg\" alt=\"\" class=\"wp-image-13581\" style=\"object-fit:cover;width:80px;height:80px\" srcset=\"https:\/\/www.teammeter.com\/wp-content\/uploads\/2025\/10\/sdworx.jpg 200w, https:\/\/www.teammeter.com\/wp-content\/uploads\/2025\/10\/sdworx-150x150.jpg 150w, https:\/\/www.teammeter.com\/wp-content\/uploads\/2025\/10\/sdworx-12x12.jpg 12w\" sizes=\"(max-width: 200px) 100vw, 200px\" \/><\/figure>\n<\/div>\n\n\n<p class=\"has-text-align-center\"><strong>SD Worx<\/strong><\/p>\n\n<\/div>\n<\/div><\/div>\n\n<div class=\"gb-grid-column gb-grid-column-18e1f411\"><div class=\"gb-container gb-container-18e1f411\">\n<div class=\"gb-container gb-container-8f726a44\">\n<div class=\"wp-block-image is-style-rounded\">\n<figure class=\"aligncenter size-full is-resized\"><img decoding=\"async\" width=\"200\" height=\"200\" src=\"https:\/\/www.teammeter.com\/wp-content\/uploads\/2025\/10\/cegid-talentsoft.png\" alt=\"\" class=\"wp-image-13582\" style=\"object-fit:cover;width:80px;height:80px\" srcset=\"https:\/\/www.teammeter.com\/wp-content\/uploads\/2025\/10\/cegid-talentsoft.png 200w, https:\/\/www.teammeter.com\/wp-content\/uploads\/2025\/10\/cegid-talentsoft-150x150.png 150w, https:\/\/www.teammeter.com\/wp-content\/uploads\/2025\/10\/cegid-talentsoft-12x12.png 12w\" sizes=\"(max-width: 200px) 100vw, 200px\" \/><\/figure>\n<\/div>\n\n\n<p class=\"has-text-align-center\"><strong>Cegid Talentsoft<\/strong><\/p>\n\n<\/div>\n<\/div><\/div>\n\n<div class=\"gb-grid-column gb-grid-column-e29b7031\"><div class=\"gb-container gb-container-e29b7031\">\n<div class=\"gb-container gb-container-0a7949cd\">\n<div class=\"wp-block-image is-style-rounded\">\n<figure class=\"aligncenter size-full is-resized\"><img decoding=\"async\" width=\"126\" height=\"126\" src=\"https:\/\/www.teammeter.com\/wp-content\/uploads\/2025\/10\/bamboo_hr_icon128x128.png\" alt=\"\" class=\"wp-image-13583\" style=\"object-fit:cover;width:80px;height:80px\" srcset=\"https:\/\/www.teammeter.com\/wp-content\/uploads\/2025\/10\/bamboo_hr_icon128x128.png 126w, https:\/\/www.teammeter.com\/wp-content\/uploads\/2025\/10\/bamboo_hr_icon128x128-12x12.png 12w\" sizes=\"(max-width: 126px) 100vw, 126px\" \/><\/figure>\n<\/div>\n\n\n<p class=\"has-text-align-center\"><strong>Bambou HR<\/strong><\/p>\n\n<\/div>\n<\/div><\/div>\n\n<div class=\"gb-grid-column gb-grid-column-608d7f2c\"><div class=\"gb-container gb-container-608d7f2c\">\n<div class=\"gb-container gb-container-bc998516\">\n<div class=\"wp-block-image is-style-rounded\">\n<figure class=\"aligncenter size-full is-resized\"><img decoding=\"async\" width=\"200\" height=\"200\" src=\"https:\/\/www.teammeter.com\/wp-content\/uploads\/2025\/10\/lucca-hr.jpg\" alt=\"\" class=\"wp-image-13584\" style=\"object-fit:cover;width:80px;height:80px\" srcset=\"https:\/\/www.teammeter.com\/wp-content\/uploads\/2025\/10\/lucca-hr.jpg 200w, https:\/\/www.teammeter.com\/wp-content\/uploads\/2025\/10\/lucca-hr-150x150.jpg 150w, https:\/\/www.teammeter.com\/wp-content\/uploads\/2025\/10\/lucca-hr-12x12.jpg 12w\" sizes=\"(max-width: 200px) 100vw, 200px\" \/><\/figure>\n<\/div>\n\n<div class=\"gb-container gb-container-72b3b62e\">\n\n<p class=\"has-text-align-center\"><strong>Lucques<\/strong><\/p>\n\n<\/div>\n<\/div>\n<\/div><\/div>\n<\/div>\n<\/div>\n\n\n<p class=\"has-text-align-center\">Votre logiciel RH n'est pas dans la liste ? Nous proposons des int\u00e9grations personnalis\u00e9es \u00e0 un prix raisonnable. <\/p>\n\n\n\n<div class=\"wp-block-buttons is-content-justification-center is-layout-flex wp-container-core-buttons-is-layout-16018d1d wp-block-buttons-is-layout-flex\">\n<div class=\"wp-block-button\"><a class=\"wp-block-button__link has-text-align-center wp-element-button\" href=\"https:\/\/www.teammeter.com\/fr\/confirmer-la-demo\/\">Prendre contact avec nous<\/a><\/div>\n<\/div>\n\n\n\n<div style=\"height:100px\" aria-hidden=\"true\" class=\"wp-block-spacer\"><\/div>\n\n<\/div>\n\n\n<p><\/p>","protected":false},"excerpt":{"rendered":"<p>Int\u00e9grations Teammeter s'int\u00e8gre avec les meilleurs syst\u00e8mes RH pour garder vos donn\u00e9es personnelles synchronis\u00e9es sans effort. Eliminez la saisie manuelle des donn\u00e9es, synchronisez les profils des employ\u00e9s et gardez votre structure organisationnelle toujours \u00e0 jour. Votre logiciel RH n'est pas dans la liste ? Nous proposons des int\u00e9grations personnalis\u00e9es \u00e0 un prix raisonnable.<\/p>","protected":false},"author":2,"featured_media":0,"parent":0,"menu_order":0,"comment_status":"closed","ping_status":"closed","template":"","meta":{"inline_featured_image":false,"footnotes":""},"class_list":["post-13566","page","type-page","status-publish"],"_links":{"self":[{"href":"https:\/\/www.teammeter.com\/fr\/wp-json\/wp\/v2\/pages\/13566","targetHints":{"allow":["GET"]}}],"collection":[{"href":"https:\/\/www.teammeter.com\/fr\/wp-json\/wp\/v2\/pages"}],"about":[{"href":"https:\/\/www.teammeter.com\/fr\/wp-json\/wp\/v2\/types\/page"}],"author":[{"embeddable":true,"href":"https:\/\/www.teammeter.com\/fr\/wp-json\/wp\/v2\/users\/2"}],"replies":[{"embeddable":true,"href":"https:\/\/www.teammeter.com\/fr\/wp-json\/wp\/v2\/comments?post=13566"}],"version-history":[{"count":0,"href":"https:\/\/www.teammeter.com\/fr\/wp-json\/wp\/v2\/pages\/13566\/revisions"}],"wp:attachment":[{"href":"https:\/\/www.teammeter.com\/fr\/wp-json\/wp\/v2\/media?parent=13566"}],"curies":[{"name":"wp","href":"https:\/\/api.w.org\/{rel}","templated":true}]}}