{"id":13935,"date":"2025-12-09T16:20:55","date_gmt":"2025-12-09T16:20:55","guid":{"rendered":"https:\/\/www.teammeter.com\/?page_id=13935"},"modified":"2025-12-09T16:20:56","modified_gmt":"2025-12-09T16:20:56","slug":"e-book-succession-planning-6-key-questions","status":"publish","type":"page","link":"https:\/\/www.teammeter.com\/fr\/e-book-succession-planning-6-key-questions\/","title":{"rendered":"6 questions cl\u00e9s pour une planification r\u00e9ussie des successions"},"content":{"rendered":"<div class=\"gb-container gb-container-33e7ee8b\">\n<div class=\"gb-container gb-container-1bc48497\">\n\n<figure class=\"wp-block-image size-full rounded-img\"><img decoding=\"async\" src=\"https:\/\/www.teammeter.com\/wp-content\/uploads\/2025\/12\/ebook2-mockup.png\" alt=\"Mockup of 6 Key Questions for Effective Succession Planning E-book\" class=\"wp-image-13944\" style=\"aspect-ratio:1;object-fit:cover\"\/><\/figure>\n\n<\/div>\n\n<div class=\"gb-container gb-container-aaf41f5f\">\n\n<h1 class=\"wp-block-heading\">E-book Succession Planning: are you prepared for the Talent Shift ahead?<\/h1>\n\n\n\n<h5 class=\"wp-block-heading\" style=\"font-size:18px\">Discover how competence transparency transforms succession planning and why HR leaders must act now.<\/h5>\n\n\n\n<p style=\"font-size:15px\">The biggest workforce shift in decades is already underway.<br>Up to 30% of employees will retire within the next five to ten years, and organizations that rely on informal or ad-hoc succession practices will struggle to keep critical expertise. But here\u2019s what few HR teams admit: without clear visibility on competencies, succession planning becomes guesswork: risky, subjective, and often too late.<br>This guide shows how to move from intuition to strategy, using competence transparency to build a future-ready talent pipeline.<\/p>\n\n\n\n<div id=\"ebook-popup\" class=\"popup hidden\">\n  <div class=\"popup-content\">\n    <div class=\"wpforms-container wpforms-container-full\" id=\"wpforms-13991\"><form id=\"wpforms-form-13991\" class=\"wpforms-validate wpforms-form wpforms-ajax-form\" data-formid=\"13991\" method=\"post\" enctype=\"multipart\/form-data\" action=\"\/fr\/wp-json\/wp\/v2\/pages\/13935\" data-token=\"e2752f75ecc0c41743a65d59e538cf41\" data-token-time=\"1777126538\"><noscript class=\"wpforms-error-noscript\">Veuillez activer JavaScript dans votre navigateur pour remplir ce formulaire.<\/noscript><div class=\"wpforms-field-container\"><div id=\"wpforms-13991-field_1-container\" class=\"wpforms-field wpforms-field-name\" data-field-id=\"1\"><label class=\"wpforms-field-label\" for=\"wpforms-13991-field_1\">Name <span class=\"wpforms-required-label\">*<\/span><\/label><div class=\"wpforms-field-row wpforms-field-medium\"><div class=\"wpforms-field-row-block wpforms-first wpforms-one-half\"><input type=\"text\" id=\"wpforms-13991-field_1\" class=\"wpforms-field-name-first wpforms-field-required\" name=\"wpforms[fields][1][first]\" placeholder=\"First Name\" required><label for=\"wpforms-13991-field_1\" class=\"wpforms-field-sublabel after wpforms-sublabel-hide\">Pr\u00e9nom<\/label><\/div><div class=\"wpforms-field-row-block wpforms-one-half\"><input type=\"text\" id=\"wpforms-13991-field_1-last\" class=\"wpforms-field-name-last wpforms-field-required\" name=\"wpforms[fields][1][last]\" placeholder=\"Last Name\" required><label for=\"wpforms-13991-field_1-last\" class=\"wpforms-field-sublabel after wpforms-sublabel-hide\">Nom<\/label><\/div><\/div><\/div><div id=\"wpforms-13991-field_2-container\" class=\"wpforms-field wpforms-field-email\" data-field-id=\"2\"><label class=\"wpforms-field-label\" for=\"wpforms-13991-field_2\">Email <span class=\"wpforms-required-label\">*<\/span><\/label><input type=\"email\" id=\"wpforms-13991-field_2\" class=\"wpforms-field-medium wpforms-field-required\" name=\"wpforms[fields][2]\" placeholder=\"mail@company.com\" spellcheck=\"false\" required><\/div>\t\t<div id=\"wpforms-13991-field_3-container\"\n\t\t\tclass=\"wpforms-field wpforms-field-text\"\n\t\t\tdata-field-type=\"text\"\n\t\t\tdata-field-id=\"3\"\n\t\t\t>\n\t\t\t<label class=\"wpforms-field-label\" for=\"wpforms-13991-field_3\" >Email subscription Name<\/label>\n\t\t\t<input type=\"text\" id=\"wpforms-13991-field_3\" class=\"wpforms-field-medium\" name=\"wpforms[fields][3]\" >\n\t\t<\/div>\n\t\t<div id=\"wpforms-13991-field_5-container\" class=\"wpforms-field wpforms-field-gdpr-checkbox\" data-field-id=\"5\"><label class=\"wpforms-field-label\">Newsletter subscription <span class=\"wpforms-required-label\">*<\/span><\/label><ul id=\"wpforms-13991-field_5\" class=\"wpforms-field-required\"><li class=\"choice-1\"><input type=\"checkbox\" id=\"wpforms-13991-field_5_1\" name=\"wpforms[fields][5][]\" value=\"I agree to receive twice-monthly insights and updates from Teammeter. No spam, unsubscribe anytime.\" required ><label class=\"wpforms-field-label-inline\" for=\"wpforms-13991-field_5_1\">I agree to receive twice-monthly insights and updates from Teammeter. No spam, unsubscribe anytime.<\/label><\/li><\/ul><div class=\"wpforms-field-description\">By signing up you agree to our \n<a href=\"https:\/\/www.teammeter.com\/legal-notices\" target=\"_blank\" rel=\"noopener\" style=\"text-decoration:underline;\">\n  Privacy Policy\n<\/a>.<\/div><\/div><div id=\"wpforms-13991-field_9-container\" class=\"wpforms-field wpforms-field-hidden\" data-field-id=\"9\"><input type=\"hidden\" id=\"wpforms-13991-field_9\" name=\"wpforms[fields][9]\" value=\"fr\"><\/div><script>\n\t\t\t\t( function() {\n\t\t\t\t\tconst style = document.createElement( 'style' );\n\t\t\t\t\tstyle.appendChild( document.createTextNode( '#wpforms-13991-field_3-container { position: absolute !important; overflow: hidden !important; display: inline !important; height: 1px !important; width: 1px !important; z-index: -1000 !important; padding: 0 !important; } #wpforms-13991-field_3-container input { visibility: hidden; } #wpforms-conversational-form-page #wpforms-13991-field_3-container label { counter-increment: none; }' ) );\n\t\t\t\t\tdocument.head.appendChild( style );\n\t\t\t\t\tdocument.currentScript?.remove();\n\t\t\t\t} )();\n\t\t\t<\/script><\/div><!-- .wpforms-field-container --><div class=\"wpforms-submit-container\" ><input type=\"hidden\" name=\"wpforms[id]\" value=\"13991\"><input type=\"hidden\" name=\"page_title\" value=\"\"><input type=\"hidden\" name=\"page_url\" value=\"https:\/\/www.teammeter.com\/fr\/wp-json\/wp\/v2\/pages\/13935\"><input type=\"hidden\" name=\"url_referer\" value=\"\"><button type=\"submit\" name=\"wpforms[submit]\" id=\"wpforms-submit-13991\" class=\"wpforms-submit custom-button-newsletter-container\" data-alt-text=\"Sending...\" data-submit-text=\"Download the free e-book\" aria-live=\"assertive\" value=\"wpforms-submit\">Download the free e-book<\/button><img decoding=\"async\" src=\"https:\/\/www.teammeter.com\/wp-content\/plugins\/wpforms\/assets\/images\/submit-spin.svg\" class=\"wpforms-submit-spinner\" style=\"display: none;\" width=\"26\" height=\"26\" alt=\"Chargement en cours\"><\/div><\/form><\/div>  <!-- .wpforms-container -->\n    <button class=\"close-popup\">\u00d7<\/button>\n  <\/div>\n<\/div>\n<a href=\"#\" class=\"open-ebook-popup button\">Download the free e-book<\/a>\n\n<\/div>\n<\/div>\n\n<div class=\"gb-container gb-container-4500fe18\">\n<div class=\"gb-container gb-container-8ebf84d2\">\n\n<h5 class=\"wp-block-heading has-text-align-center\">Learn how to secure key roles using clarity, not complexity.<\/h5>\n\n\n\n<h2 class=\"wp-block-heading has-text-align-center\">Inside the guide: practical strategies for future-ready organizations<\/h2>\n\n\n\n<p class=\"has-text-align-center\" style=\"font-size:15px\">No jargon. No empty theory. Just the insights you need to prepare your teams before it\u2019s too late.<\/p>\n\n<\/div>\n\n\n<div class=\"wp-block-columns is-layout-flex wp-container-core-columns-is-layout-9d6595d7 wp-block-columns-is-layout-flex\">\n<div class=\"wp-block-column is-layout-flow wp-block-column-is-layout-flow\" style=\"flex-basis:25%\"><div class=\"gb-container gb-container-ac65bce3\">\n<div class=\"gb-container gb-container-1e2af4f7\">\n\n<figure class=\"wp-block-image size-large is-style-default\"><img decoding=\"async\" width=\"1024\" height=\"847\" src=\"https:\/\/www.teammeter.com\/wp-content\/uploads\/2025\/12\/Group-1321319106-1024x847.png\" alt=\"\" class=\"wp-image-13960\" srcset=\"https:\/\/www.teammeter.com\/wp-content\/uploads\/2025\/12\/Group-1321319106-1024x847.png 1024w, https:\/\/www.teammeter.com\/wp-content\/uploads\/2025\/12\/Group-1321319106-300x248.png 300w, https:\/\/www.teammeter.com\/wp-content\/uploads\/2025\/12\/Group-1321319106-768x635.png 768w, https:\/\/www.teammeter.com\/wp-content\/uploads\/2025\/12\/Group-1321319106-1536x1271.png 1536w, https:\/\/www.teammeter.com\/wp-content\/uploads\/2025\/12\/Group-1321319106-15x12.png 15w, https:\/\/www.teammeter.com\/wp-content\/uploads\/2025\/12\/Group-1321319106.png 1650w\" sizes=\"(max-width: 1024px) 100vw, 1024px\" \/><\/figure>\n\n<\/div>\n\n\n<p class=\"has-text-align-center\" style=\"font-size:16px\"><strong>Why succession planning fails today and what will make it succeed tomorrow<\/strong><\/p>\n\n<\/div><\/div>\n\n\n\n<div class=\"wp-block-column is-layout-flow wp-block-column-is-layout-flow\" style=\"flex-basis:25%\"><div class=\"gb-container gb-container-89bdc39f\">\n<div class=\"gb-container gb-container-a4ba65b8\">\n\n<figure class=\"wp-block-image size-large\"><img decoding=\"async\" width=\"1024\" height=\"847\" src=\"https:\/\/www.teammeter.com\/wp-content\/uploads\/2025\/12\/Group-1321319104-1024x847.png\" alt=\"\" class=\"wp-image-13959\" srcset=\"https:\/\/www.teammeter.com\/wp-content\/uploads\/2025\/12\/Group-1321319104-1024x847.png 1024w, https:\/\/www.teammeter.com\/wp-content\/uploads\/2025\/12\/Group-1321319104-300x248.png 300w, https:\/\/www.teammeter.com\/wp-content\/uploads\/2025\/12\/Group-1321319104-768x635.png 768w, https:\/\/www.teammeter.com\/wp-content\/uploads\/2025\/12\/Group-1321319104-1536x1271.png 1536w, https:\/\/www.teammeter.com\/wp-content\/uploads\/2025\/12\/Group-1321319104-15x12.png 15w, https:\/\/www.teammeter.com\/wp-content\/uploads\/2025\/12\/Group-1321319104.png 1650w\" sizes=\"(max-width: 1024px) 100vw, 1024px\" \/><\/figure>\n\n<\/div>\n\n\n<p class=\"has-text-align-center\" style=\"font-size:16px\"><strong>How competence transparency reveals real potential (beyond assumptions and gut feeling)<\/strong><\/p>\n\n<\/div><\/div>\n\n\n\n<div class=\"wp-block-column is-layout-flow wp-block-column-is-layout-flow\" style=\"flex-basis:25%\"><div class=\"gb-container gb-container-52dd9bc3\">\n<div class=\"gb-container gb-container-b5a77d18\">\n\n<figure class=\"wp-block-image size-large\"><img decoding=\"async\" width=\"1024\" height=\"847\" src=\"https:\/\/www.teammeter.com\/wp-content\/uploads\/2025\/12\/companies-building-2-1024x847.png\" alt=\"\" class=\"wp-image-13956\" srcset=\"https:\/\/www.teammeter.com\/wp-content\/uploads\/2025\/12\/companies-building-2-1024x847.png 1024w, https:\/\/www.teammeter.com\/wp-content\/uploads\/2025\/12\/companies-building-2-300x248.png 300w, https:\/\/www.teammeter.com\/wp-content\/uploads\/2025\/12\/companies-building-2-768x635.png 768w, https:\/\/www.teammeter.com\/wp-content\/uploads\/2025\/12\/companies-building-2-1536x1271.png 1536w, https:\/\/www.teammeter.com\/wp-content\/uploads\/2025\/12\/companies-building-2-15x12.png 15w, https:\/\/www.teammeter.com\/wp-content\/uploads\/2025\/12\/companies-building-2.png 1650w\" sizes=\"(max-width: 1024px) 100vw, 1024px\" \/><\/figure>\n\n<\/div>\n\n\n<p class=\"has-text-align-center\" style=\"font-size:16px\"><strong>Practical examples of companies building sustainable succession pipelines<\/strong><\/p>\n\n<\/div><\/div>\n\n\n\n<div class=\"wp-block-column is-layout-flow wp-block-column-is-layout-flow\" style=\"flex-basis:25%\"><div class=\"gb-container gb-container-efe692e8\">\n<div class=\"gb-container gb-container-aff1933e\">\n\n<figure class=\"wp-block-image size-large\"><img decoding=\"async\" width=\"1024\" height=\"847\" src=\"https:\/\/www.teammeter.com\/wp-content\/uploads\/2025\/12\/Group-1321319101-1024x847.png\" alt=\"\" class=\"wp-image-13957\" srcset=\"https:\/\/www.teammeter.com\/wp-content\/uploads\/2025\/12\/Group-1321319101-1024x847.png 1024w, https:\/\/www.teammeter.com\/wp-content\/uploads\/2025\/12\/Group-1321319101-300x248.png 300w, https:\/\/www.teammeter.com\/wp-content\/uploads\/2025\/12\/Group-1321319101-768x635.png 768w, https:\/\/www.teammeter.com\/wp-content\/uploads\/2025\/12\/Group-1321319101-1536x1271.png 1536w, https:\/\/www.teammeter.com\/wp-content\/uploads\/2025\/12\/Group-1321319101-15x12.png 15w, https:\/\/www.teammeter.com\/wp-content\/uploads\/2025\/12\/Group-1321319101.png 1650w\" sizes=\"(max-width: 1024px) 100vw, 1024px\" \/><\/figure>\n\n<\/div>\n\n\n<p class=\"has-text-align-center\" style=\"font-size:16px\"><strong>A step-by-step approach to identifying key roles, mapping skills, and preparing future successors<\/strong><\/p>\n\n<\/div><\/div>\n\n\n\n<div class=\"wp-block-column is-layout-flow wp-block-column-is-layout-flow\" style=\"flex-basis:25%\"><div class=\"gb-container gb-container-ca44ca1c\">\n<div class=\"gb-container gb-container-dfbdbc4a\">\n\n<figure class=\"wp-block-image size-large\"><img decoding=\"async\" width=\"1024\" height=\"847\" src=\"https:\/\/www.teammeter.com\/wp-content\/uploads\/2025\/10\/Actionable-steps-to-prepare-your-organization-1024x847.png\" alt=\"\" class=\"wp-image-13655\" srcset=\"https:\/\/www.teammeter.com\/wp-content\/uploads\/2025\/10\/Actionable-steps-to-prepare-your-organization-1024x847.png 1024w, https:\/\/www.teammeter.com\/wp-content\/uploads\/2025\/10\/Actionable-steps-to-prepare-your-organization-300x248.png 300w, https:\/\/www.teammeter.com\/wp-content\/uploads\/2025\/10\/Actionable-steps-to-prepare-your-organization-768x635.png 768w, https:\/\/www.teammeter.com\/wp-content\/uploads\/2025\/10\/Actionable-steps-to-prepare-your-organization-1536x1271.png 1536w, https:\/\/www.teammeter.com\/wp-content\/uploads\/2025\/10\/Actionable-steps-to-prepare-your-organization-2048x1694.png 2048w, https:\/\/www.teammeter.com\/wp-content\/uploads\/2025\/10\/Actionable-steps-to-prepare-your-organization-15x12.png 15w\" sizes=\"(max-width: 1024px) 100vw, 1024px\" \/><\/figure>\n\n<\/div>\n\n\n<p class=\"has-text-align-center\" style=\"font-size:16px\"><strong>A ready-to-use checklist to assess your organization\u2019s succession maturity<\/strong><\/p>\n\n<\/div><\/div>\n<\/div>\n\n<\/div>\n\n<div class=\"gb-container gb-container-cc7d1fe1\">\n<div class=\"gb-container gb-container-b54cfa97\">\n\n<h2 class=\"wp-block-heading\">Built for HR leaders who think ahead<\/h2>\n\n\n\n<h5 class=\"wp-block-heading\" style=\"font-size:18px\">If you\u2019re responsible for people, skills, or future roles, this e-book is for you.<\/h5>\n\n\n\n<p style=\"font-size:15px\">This guide is made for:<\/p>\n\n\n<div class=\"gb-container gb-container-c58d9a6c\">\n<div class=\"gb-container gb-container-de90c285\">\n\n<figure class=\"wp-block-image size-full is-resized\"><img decoding=\"async\" width=\"600\" height=\"600\" src=\"https:\/\/www.teammeter.com\/wp-content\/uploads\/2025\/10\/Group-1321319093.png\" alt=\"\" class=\"wp-image-13711\" style=\"object-fit:cover;width:70px;height:70px\" srcset=\"https:\/\/www.teammeter.com\/wp-content\/uploads\/2025\/10\/Group-1321319093.png 600w, https:\/\/www.teammeter.com\/wp-content\/uploads\/2025\/10\/Group-1321319093-300x300.png 300w, https:\/\/www.teammeter.com\/wp-content\/uploads\/2025\/10\/Group-1321319093-150x150.png 150w, https:\/\/www.teammeter.com\/wp-content\/uploads\/2025\/10\/Group-1321319093-12x12.png 12w\" sizes=\"(max-width: 600px) 100vw, 600px\" \/><\/figure>\n\n\n<div class=\"gb-container gb-container-5f940438\">\n\n<h6 class=\"wp-block-heading p-nomargin\"><strong>HR Directors &amp; HR Managers<\/strong><\/h6>\n\n<\/div>\n<\/div>\n\n<div class=\"gb-container gb-container-9be845bb\">\n\n<figure class=\"wp-block-image size-full is-resized\"><img decoding=\"async\" width=\"600\" height=\"600\" src=\"https:\/\/www.teammeter.com\/wp-content\/uploads\/2025\/10\/Group-1321319094.png\" alt=\"\" class=\"wp-image-13712\" style=\"object-fit:cover;width:70px;height:70px\" srcset=\"https:\/\/www.teammeter.com\/wp-content\/uploads\/2025\/10\/Group-1321319094.png 600w, https:\/\/www.teammeter.com\/wp-content\/uploads\/2025\/10\/Group-1321319094-300x300.png 300w, https:\/\/www.teammeter.com\/wp-content\/uploads\/2025\/10\/Group-1321319094-150x150.png 150w, https:\/\/www.teammeter.com\/wp-content\/uploads\/2025\/10\/Group-1321319094-12x12.png 12w\" sizes=\"(max-width: 600px) 100vw, 600px\" \/><\/figure>\n\n\n<div class=\"gb-container gb-container-64a97cb8\">\n\n<h6 class=\"wp-block-heading p-nomargin\"><strong>Talent &amp; L&amp;D professionals<\/strong><\/h6>\n\n<\/div>\n<\/div>\n\n<div class=\"gb-container gb-container-dfd45ffc\">\n\n<figure class=\"wp-block-image size-full is-resized\"><img decoding=\"async\" width=\"600\" height=\"600\" src=\"https:\/\/www.teammeter.com\/wp-content\/uploads\/2025\/12\/Group-1321319108.png\" alt=\"\" class=\"wp-image-14024\" style=\"object-fit:cover;width:70px;height:70px\" srcset=\"https:\/\/www.teammeter.com\/wp-content\/uploads\/2025\/12\/Group-1321319108.png 600w, https:\/\/www.teammeter.com\/wp-content\/uploads\/2025\/12\/Group-1321319108-300x300.png 300w, https:\/\/www.teammeter.com\/wp-content\/uploads\/2025\/12\/Group-1321319108-150x150.png 150w, https:\/\/www.teammeter.com\/wp-content\/uploads\/2025\/12\/Group-1321319108-12x12.png 12w\" sizes=\"(max-width: 600px) 100vw, 600px\" \/><\/figure>\n\n\n<div class=\"gb-container gb-container-cbc0fbb5\">\n\n<h6 class=\"wp-block-heading p-nomargin\"><strong>People Ops teams<\/strong><\/h6>\n\n<\/div>\n<\/div>\n\n<div class=\"gb-container gb-container-e2b68d08\">\n\n<figure class=\"wp-block-image size-full is-resized\"><img decoding=\"async\" width=\"600\" height=\"600\" src=\"https:\/\/www.teammeter.com\/wp-content\/uploads\/2025\/12\/Group-1321319107.png\" alt=\"\" class=\"wp-image-14025\" style=\"object-fit:cover;width:70px;height:70px\" srcset=\"https:\/\/www.teammeter.com\/wp-content\/uploads\/2025\/12\/Group-1321319107.png 600w, https:\/\/www.teammeter.com\/wp-content\/uploads\/2025\/12\/Group-1321319107-300x300.png 300w, https:\/\/www.teammeter.com\/wp-content\/uploads\/2025\/12\/Group-1321319107-150x150.png 150w, https:\/\/www.teammeter.com\/wp-content\/uploads\/2025\/12\/Group-1321319107-12x12.png 12w\" sizes=\"(max-width: 600px) 100vw, 600px\" \/><\/figure>\n\n\n<div class=\"gb-container gb-container-93644f93\">\n\n<h6 class=\"wp-block-heading p-nomargin\"><strong>Business leaders preparing for demographic change<\/strong><\/h6>\n\n<\/div>\n<\/div>\n<\/div>\n\n<div class=\"gb-container gb-container-bafe7578\"><\/div>\n\n\n<p style=\"font-size:15px\">If you believe internal development is a strategic advantage, this is your starting point.<\/p>\n\n<\/div>\n\n<div class=\"gb-container gb-container-3f516f44\">\n\n<figure class=\"wp-block-image size-large rounded-img\"><img decoding=\"async\" width=\"1024\" height=\"681\" src=\"https:\/\/www.teammeter.com\/wp-content\/uploads\/2025\/12\/les-gens-parlent-d-un-nouveau-projet-1024x681.jpg\" alt=\"\" class=\"wp-image-13951\" style=\"aspect-ratio:1;object-fit:cover\" srcset=\"https:\/\/www.teammeter.com\/wp-content\/uploads\/2025\/12\/les-gens-parlent-d-un-nouveau-projet-1024x681.jpg 1024w, https:\/\/www.teammeter.com\/wp-content\/uploads\/2025\/12\/les-gens-parlent-d-un-nouveau-projet-300x200.jpg 300w, https:\/\/www.teammeter.com\/wp-content\/uploads\/2025\/12\/les-gens-parlent-d-un-nouveau-projet-768x511.jpg 768w, https:\/\/www.teammeter.com\/wp-content\/uploads\/2025\/12\/les-gens-parlent-d-un-nouveau-projet-1536x1022.jpg 1536w, https:\/\/www.teammeter.com\/wp-content\/uploads\/2025\/12\/les-gens-parlent-d-un-nouveau-projet-2048x1363.jpg 2048w, https:\/\/www.teammeter.com\/wp-content\/uploads\/2025\/12\/les-gens-parlent-d-un-nouveau-projet-18x12.jpg 18w\" sizes=\"(max-width: 1024px) 100vw, 1024px\" \/><\/figure>\n\n<\/div>\n<\/div>\n\n<div class=\"gb-container gb-container-66b109f1 alignwide\">\n<div class=\"gb-container gb-container-87132b65\">\n\n<h5 class=\"wp-block-heading has-text-align-center\">Created by <em>Teammeter<\/em>, built for HR leaders<\/h5>\n\n\n\n<h2 class=\"wp-block-heading has-text-align-center\">We help organizations turn skills, data, and feedback into real workforce readiness<\/h2>\n\n\n\n<p class=\"has-text-align-center\" style=\"font-size:15px\">At Teammeter, we partner with HR teams across Europe to make succession, competency tracking, and people development more reliable and more human. Our platform provides the clarity organizations need to understand their talent who is ready, who can grow, and where future risks lie. This guide is part of our mission: helping HR teams move from reactive to strategic succession planning.<\/p>\n\n<\/div>\n\n<div class=\"gb-container gb-container-6f84dc09\">\n<div class=\"gb-container gb-container-768ebc1a\">\n<div class=\"gb-container gb-container-45e23540\">\n\n<figure class=\"wp-block-image size-medium is-resized\"><img decoding=\"async\" width=\"300\" height=\"300\" src=\"https:\/\/www.teammeter.com\/wp-content\/uploads\/2025\/10\/testimonial-300x300.png\" alt=\"\" class=\"wp-image-13692\" style=\"width:50px\" srcset=\"https:\/\/www.teammeter.com\/wp-content\/uploads\/2025\/10\/testimonial-300x300.png 300w, https:\/\/www.teammeter.com\/wp-content\/uploads\/2025\/10\/testimonial-150x150.png 150w, https:\/\/www.teammeter.com\/wp-content\/uploads\/2025\/10\/testimonial-12x12.png 12w, https:\/\/www.teammeter.com\/wp-content\/uploads\/2025\/10\/testimonial.png 512w\" sizes=\"(max-width: 300px) 100vw, 300px\" \/><\/figure>\n\n<\/div>\n\n<div class=\"gb-container gb-container-e2753b98\">\n\n<h4 class=\"wp-block-heading\"><em><em>We want Teammeter to remain a living, regularly used tool \u2013 because it helps us improve our structures in a truly sustainable way.<\/em><\/em><\/h4>\n\n<\/div>\n\n<div class=\"gb-container gb-container-552b6c3c alignwide\">\n\n<figure class=\"wp-block-image size-medium is-resized\"><img decoding=\"async\" width=\"300\" height=\"300\" src=\"https:\/\/www.teammeter.com\/wp-content\/uploads\/2025\/11\/Miriam-Aldinger-300x300.png\" alt=\"\" class=\"wp-image-13803\" style=\"width:30px\" srcset=\"https:\/\/www.teammeter.com\/wp-content\/uploads\/2025\/11\/Miriam-Aldinger-300x300.png 300w, https:\/\/www.teammeter.com\/wp-content\/uploads\/2025\/11\/Miriam-Aldinger-150x150.png 150w, https:\/\/www.teammeter.com\/wp-content\/uploads\/2025\/11\/Miriam-Aldinger-12x12.png 12w, https:\/\/www.teammeter.com\/wp-content\/uploads\/2025\/11\/Miriam-Aldinger.png 454w\" sizes=\"(max-width: 300px) 100vw, 300px\" \/><\/figure>\n\n\n\n<p><strong>Miriam Aldinger, <em>Team Lead People &amp; Culture at CLADE<\/em><\/strong><\/p>\n\n<\/div>\n<\/div>\n<\/div>\n\n<div class=\"gb-container gb-container-dafeec90 alignwide\">\n\n<figure class=\"wp-block-image size-large is-resized\"><img decoding=\"async\" width=\"1112\" height=\"252\" src=\"https:\/\/www.teammeter.com\/wp-content\/uploads\/2023\/05\/Horizontal-Black-TeamMeter.svg\" alt=\"\" class=\"wp-image-2753\" style=\"width:150px\"\/><\/figure>\n\n\n\n<p class=\"p-nomargin\" style=\"font-size:13px\"><em>Trusted by 300+ HR leaders across Europe<\/em><\/p>\n\n<\/div>\n\n<div class=\"gb-container gb-container-565b53ed\">\n\n<div class=\"wp-block-buttons is-layout-flex wp-block-buttons-is-layout-flex\">\n<div class=\"wp-block-button is-style-fill\"><a class=\"wp-block-button__link wp-element-button\" href=\"https:\/\/www.teammeter.com\/\">Learn more about Teammeter<\/a><\/div>\n<\/div>\n\n<\/div>\n<\/div>\n\n<div class=\"gb-container gb-container-977fe600 alignwide\">\n<div class=\"gb-container gb-container-112b3f3e\">\n\n<p class=\"has-base-color has-text-color has-link-color wp-elements-b8101decfdf371c39404f3634194398a\"><strong>100% free. No spam, ever.<\/strong><\/p>\n\n\n\n<h2 class=\"wp-block-heading has-base-color has-text-color has-link-color wp-elements-836737ad88203c9fd3921bbfaffdd830\">Get your free copy<\/h2>\n\n\n\n<h6 class=\"wp-block-heading has-base-color has-text-color has-link-color wp-elements-3f26920de9b3c4f99623042d25bb0607\" style=\"font-size:15px\">Join 700+ HR professionals receiving&nbsp;twice&nbsp;monthly newsletter on HR innovation<\/h6>\n\n\n\n<p class=\"has-base-color has-text-color has-link-color wp-elements-7b1bd72e70157e6a21cad99b60f3f654\" style=\"font-size:13px\">Don\u2019t get left behind! Enter your email to receive your free e-book and join our monthly newsletter. Two emails a month. Always relevant. Never spam.<\/p>\n\n\n\n<a href=\"#\" class=\"open-ebook-popup button\">Download the free e-book<\/a>\n\n<\/div>\n<\/div>\n\n\n<script>\ndocument.addEventListener('DOMContentLoaded', function() {\n  const openButtons = document.querySelectorAll('.open-ebook-popup');\n  const closeBtn = document.querySelector('.close-popup');\n  const popup = document.getElementById('ebook-popup');\n\n  if (openButtons.length && popup && closeBtn) {\n    openButtons.forEach(button => {\n      button.addEventListener('click', function(e) {\n        e.preventDefault();\n        popup.classList.remove('hidden');\n      });\n    });\n\n    closeBtn.addEventListener('click', function() {\n      popup.classList.add('hidden');\n    });\n  }\n});\n<\/script>\n","protected":false},"excerpt":{"rendered":"<p>E-book Planification des successions : \u00eates-vous pr\u00eat pour la mutation des talents qui s'annonce ? D\u00e9couvrez comment la transparence des comp\u00e9tences transforme la planification des successions et pourquoi les responsables des ressources humaines doivent agir maintenant. Le plus grand changement de main-d'\u0153uvre depuis des d\u00e9cennies est d\u00e9j\u00e0 en cours. 30% des employ\u00e9s prendront leur retraite dans les cinq \u00e0 dix prochaines ann\u00e9es, et les organisations qui s'appuient sur des ... <a title=\"6 questions cl\u00e9s pour une planification r\u00e9ussie des successions\" class=\"read-more\" href=\"https:\/\/www.teammeter.com\/fr\/e-book-succession-planning-6-key-questions\/\" aria-label=\"En savoir plus sur 6 questions cl\u00e9s pour une planification r\u00e9ussie des successions\">Lire plus<\/a><\/p>","protected":false},"author":21,"featured_media":0,"parent":0,"menu_order":0,"comment_status":"closed","ping_status":"closed","template":"","meta":{"inline_featured_image":false,"footnotes":""},"class_list":["post-13935","page","type-page","status-publish"],"_links":{"self":[{"href":"https:\/\/www.teammeter.com\/fr\/wp-json\/wp\/v2\/pages\/13935","targetHints":{"allow":["GET"]}}],"collection":[{"href":"https:\/\/www.teammeter.com\/fr\/wp-json\/wp\/v2\/pages"}],"about":[{"href":"https:\/\/www.teammeter.com\/fr\/wp-json\/wp\/v2\/types\/page"}],"author":[{"embeddable":true,"href":"https:\/\/www.teammeter.com\/fr\/wp-json\/wp\/v2\/users\/21"}],"replies":[{"embeddable":true,"href":"https:\/\/www.teammeter.com\/fr\/wp-json\/wp\/v2\/comments?post=13935"}],"version-history":[{"count":40,"href":"https:\/\/www.teammeter.com\/fr\/wp-json\/wp\/v2\/pages\/13935\/revisions"}],"predecessor-version":[{"id":14160,"href":"https:\/\/www.teammeter.com\/fr\/wp-json\/wp\/v2\/pages\/13935\/revisions\/14160"}],"wp:attachment":[{"href":"https:\/\/www.teammeter.com\/fr\/wp-json\/wp\/v2\/media?parent=13935"}],"curies":[{"name":"wp","href":"https:\/\/api.w.org\/{rel}","templated":true}]}}