{"id":2629,"date":"2023-05-17T13:28:52","date_gmt":"2023-05-17T13:28:52","guid":{"rendered":"https:\/\/www.teammeter.com\/?page_id=2629"},"modified":"2024-09-18T10:24:38","modified_gmt":"2024-09-18T10:24:38","slug":"confirmer-la-demo","status":"publish","type":"page","link":"https:\/\/www.teammeter.com\/fr\/confirm-demo\/","title":{"rendered":"R\u00e9servation d'une r\u00e9union de d\u00e9monstration"},"content":{"rendered":"<p><\/p>\n\n\n\n<h1 class=\"wp-block-heading has-text-align-center\">Prise de rendez-vous<\/h1>\n\n\n\n<p class=\"has-text-align-center\">Merci pour votre demande. Vous pouvez maintenant s\u00e9lectionner une date et une heure ci-dessous.<\/p>\n\n\n<p><!-- Start of Meetings Embed Script --><\/p>\n<div class=\"meetings-iframe-container\" data-src=\"https:\/\/meetings-eu1.hubspot.com\/lisa-wehking\/demo?embed=true&#038;email=\"><\/div>\n<p>    <script type=\"text\/javascript\" src=\"https:\/\/static.hsappstatic.net\/MeetingsEmbed\/ex\/MeetingsEmbedCode.js\"><\/script><br \/>\n<!-- End of Meetings Embed Script --><\/p>\n\n\n\n\n<div class=\"wp-block-columns is-layout-flex wp-container-core-columns-is-layout-9d6595d7 wp-block-columns-is-layout-flex\">\n<div class=\"wp-block-column is-layout-flow wp-block-column-is-layout-flow\"><\/div>\n<\/div>\n\n\n\n<p><\/p>","protected":false},"excerpt":{"rendered":"<p>Prise de rendez-vous Merci pour votre demande. Vous pouvez maintenant s\u00e9lectionner une date et une heure ci-dessous.<\/p>","protected":false},"author":2,"featured_media":0,"parent":0,"menu_order":0,"comment_status":"closed","ping_status":"closed","template":"","meta":{"inline_featured_image":false,"footnotes":""},"class_list":["post-2629","page","type-page","status-publish"],"_links":{"self":[{"href":"https:\/\/www.teammeter.com\/fr\/wp-json\/wp\/v2\/pages\/2629","targetHints":{"allow":["GET"]}}],"collection":[{"href":"https:\/\/www.teammeter.com\/fr\/wp-json\/wp\/v2\/pages"}],"about":[{"href":"https:\/\/www.teammeter.com\/fr\/wp-json\/wp\/v2\/types\/page"}],"author":[{"embeddable":true,"href":"https:\/\/www.teammeter.com\/fr\/wp-json\/wp\/v2\/users\/2"}],"replies":[{"embeddable":true,"href":"https:\/\/www.teammeter.com\/fr\/wp-json\/wp\/v2\/comments?post=2629"}],"version-history":[{"count":31,"href":"https:\/\/www.teammeter.com\/fr\/wp-json\/wp\/v2\/pages\/2629\/revisions"}],"predecessor-version":[{"id":13837,"href":"https:\/\/www.teammeter.com\/fr\/wp-json\/wp\/v2\/pages\/2629\/revisions\/13837"}],"wp:attachment":[{"href":"https:\/\/www.teammeter.com\/fr\/wp-json\/wp\/v2\/media?parent=2629"}],"curies":[{"name":"wp","href":"https:\/\/api.w.org\/{rel}","templated":true}]}}