{"id":4167,"date":"2023-11-29T15:50:35","date_gmt":"2023-11-29T15:50:35","guid":{"rendered":"https:\/\/www.teammeter.com\/?page_id=4167"},"modified":"2023-11-29T16:00:47","modified_gmt":"2023-11-29T16:00:47","slug":"programme-de-partenariat","status":"publish","type":"page","link":"https:\/\/www.teammeter.com\/fr\/partnership-program\/","title":{"rendered":"Programme de partenariat"},"content":{"rendered":"<h2 class=\"wp-block-heading\">Introduction<\/h2>\n\n\n\n<p>teammeter est un logiciel qui aide les organisations \u00e0 cr\u00e9er plus de transparence afin d'am\u00e9liorer continuellement l'organisation.<\/p>\n\n\n\n<p>La philosophie de teammeter est bas\u00e9e sur l'auto-organisation : les employ\u00e9s doivent d\u00e9cider eux-m\u00eames ce qu'ils veulent d\u00e9velopper et comment ils veulent le faire.<\/p>\n\n\n\n<p>Pour mieux vivre les principes agiles, les utilisateurs de teammeter ont besoin du soutien de coachs et de consultants.<\/p>\n\n\n\n<p>C'est pourquoi nous construisons un r\u00e9seau d'entreprises partenaires qui peuvent soutenir l'introduction de teammeter.<\/p>\n\n\n\n<h2 class=\"wp-block-heading\">Quels sont les avantages dont b\u00e9n\u00e9ficie votre entreprise en tant que partenaire ?<\/h2>\n\n\n\n<ul class=\"wp-block-list\">\n<li>Pour chaque vente de logiciel, nous recommandons le soutien de coachs Agile. Si le client n'a pas de coach et que vous \u00eates dans la m\u00eame r\u00e9gion, nous recommandons votre entreprise.<\/li>\n\n\n\n<li>Si vous recommandez teammeter \u00e0 votre client, vous recevrez une commission de 10% sur le prix de la licence (\u00e0 vie). Votre client b\u00e9n\u00e9ficie d'une remise de 10%, car nous savons qu'il est entre de bonnes mains.<\/li>\n\n\n\n<li>Lorsque teammeter est utilis\u00e9 dans l'organisation de votre client, vous pouvez mieux lui montrer que votre soutien a un impact, car tout changement dans la culture de l'entreprise devient mesurable.<\/li>\n<\/ul>\n\n\n\n<h2 class=\"wp-block-heading\">Comment cela fonctionne-t-il ?<\/h2>\n\n\n\n<p>Si vous avez pr\u00e9sent\u00e9 teammeter \u00e0 un client, faites-le nous savoir. Nous vous informerons tous les 3 mois du statut de ce client. S'il a command\u00e9 chez nous, vous pouvez nous facturer tous les 6 mois pour recevoir la commission.<\/p>\n\n\n\n<h2 class=\"wp-block-heading\">Nos attentes<\/h2>\n\n\n\n<ul class=\"wp-block-list\">\n<li>Nous voulons que vous recommandiez teammeter si vous pensez qu'il est bon pour votre client, et non pas parce que vous recevez une commission pour cela. Votre client doit obtenir le produit qui lui convient le mieux. Nous vous demandons d'\u00eatre transparent avec eux au sujet de notre partenariat.<\/li>\n\n\n\n<li>\"mangez votre propre nourriture pour chien\" : Vous pouvez mieux recommander un produit si vous l'avez utilis\u00e9 vous-m\u00eame. Pour nous recommander, vous devez \u00eatre un utilisateur actif. Vous pouvez utiliser notre logiciel gratuitement pour 2 \u00e9quipes.<\/li>\n\n\n\n<li>Nous voulons \u00eatre en contact r\u00e9gulier avec vous. Vous devriez avoir le temps de vous entretenir avec nous deux fois par an afin que nous puissions vous pr\u00e9senter les derni\u00e8res fonctionnalit\u00e9s de teammeter et recueillir vos commentaires.<\/li>\n<\/ul>\n\n\n\n<p>Int\u00e9ress\u00e9(e) ? Dans ce cas <a href=\"https:\/\/www.teammeter.com\/fr\/contact\/\" data-type=\"page\" data-id=\"481\">nous contacter<\/a>!<\/p>","protected":false},"excerpt":{"rendered":"<p>Introduction teammeter est un logiciel qui aide les organisations \u00e0 cr\u00e9er plus de transparence afin d'am\u00e9liorer continuellement l'organisation. La philosophie de teammeter est bas\u00e9e sur l'auto-organisation : les employ\u00e9s doivent d\u00e9cider eux-m\u00eames ce qu'ils veulent d\u00e9velopper et comment ils veulent le faire. Pour mieux vivre les principes agiles, les utilisateurs de teammeter ont besoin du soutien de coachs et de consultants. C'est pourquoi ... <a title=\"Programme de partenariat\" class=\"read-more\" href=\"https:\/\/www.teammeter.com\/fr\/partnership-program\/\" aria-label=\"En savoir plus sur Partnership Program\">Lire plus<\/a><\/p>","protected":false},"author":2,"featured_media":0,"parent":0,"menu_order":0,"comment_status":"closed","ping_status":"closed","template":"","meta":{"inline_featured_image":false,"footnotes":""},"class_list":["post-4167","page","type-page","status-publish"],"_links":{"self":[{"href":"https:\/\/www.teammeter.com\/fr\/wp-json\/wp\/v2\/pages\/4167","targetHints":{"allow":["GET"]}}],"collection":[{"href":"https:\/\/www.teammeter.com\/fr\/wp-json\/wp\/v2\/pages"}],"about":[{"href":"https:\/\/www.teammeter.com\/fr\/wp-json\/wp\/v2\/types\/page"}],"author":[{"embeddable":true,"href":"https:\/\/www.teammeter.com\/fr\/wp-json\/wp\/v2\/users\/2"}],"replies":[{"embeddable":true,"href":"https:\/\/www.teammeter.com\/fr\/wp-json\/wp\/v2\/comments?post=4167"}],"version-history":[{"count":0,"href":"https:\/\/www.teammeter.com\/fr\/wp-json\/wp\/v2\/pages\/4167\/revisions"}],"wp:attachment":[{"href":"https:\/\/www.teammeter.com\/fr\/wp-json\/wp\/v2\/media?parent=4167"}],"curies":[{"name":"wp","href":"https:\/\/api.w.org\/{rel}","templated":true}]}}