{"id":5493,"date":"2024-06-21T16:16:38","date_gmt":"2024-06-21T16:16:38","guid":{"rendered":"https:\/\/www.teammeter.com\/?page_id=5493"},"modified":"2025-05-15T13:10:23","modified_gmt":"2025-05-15T13:10:23","slug":"logiciel-okr","status":"publish","type":"page","link":"https:\/\/www.teammeter.com\/fr\/okr-software\/","title":{"rendered":"Logiciel OKR"},"content":{"rendered":"<div style=\"height:30px\" aria-hidden=\"true\" class=\"wp-block-spacer\"><\/div>\n\n\n<div class=\"gb-container gb-container-8538fca2\">\n\n<div class=\"wp-block-group\"><div class=\"wp-block-group__inner-container is-layout-constrained wp-block-group-is-layout-constrained\"><div class=\"gb-grid-wrapper gb-grid-wrapper-cf8029ef\">\n<div class=\"gb-grid-column gb-grid-column-9feaa8d1\"><div class=\"gb-container gb-container-9feaa8d1\">\n<div class=\"gb-container gb-container-a69e22f7 alignwide\">\n\n<div class=\"wp-block-columns is-layout-flex wp-container-core-columns-is-layout-9d6595d7 wp-block-columns-is-layout-flex\">\n<div class=\"wp-block-column is-layout-flow wp-block-column-is-layout-flow\" style=\"flex-basis:100%\"><div class=\"gb-container gb-container-670e2407\">\n\n<figure class=\"wp-block-image size-full shadow\"><img decoding=\"async\" width=\"1276\" height=\"839\" src=\"https:\/\/www.teammeter.com\/wp-content\/uploads\/2024\/06\/OKRs-platform4.svg\" alt=\"Tableau de bord des OKR\" class=\"wp-image-6087\" style=\"object-fit:cover\" title=\"\"\/><\/figure>\n\n<\/div><\/div>\n<\/div>\n\n<\/div>\n<\/div><\/div>\n\n<div class=\"gb-grid-column gb-grid-column-8a314c67\"><div class=\"gb-container gb-container-8a314c67\">\n\n<h1 class=\"wp-block-heading has-x-large-font-size\">Le logiciel OKR en toute simplicit\u00e9<\/h1>\n\n\n\n<p class=\"has-medium-font-size\"><strong>Alignez vos \u00e9quipes sur votre strat\u00e9gie gr\u00e2ce \u00e0 un outil que les \u00e9quipes aiment utiliser<\/strong>.<\/p>\n\n\n\n<div class=\"wp-block-buttons is-layout-flex wp-block-buttons-is-layout-flex\">\n<div class=\"wp-block-button\"><a class=\"wp-block-button__link wp-element-button\">R\u00e9servez votre d\u00e9monstration personnalis\u00e9e<\/a><\/div>\n<\/div>\n\n<\/div><\/div>\n<\/div><\/div><\/div>\n\n<\/div>\n\n<div class=\"gb-container gb-container-305257a2\">\n<div class=\"gb-grid-wrapper gb-grid-wrapper-bedd450c\">\n<div class=\"gb-grid-column gb-grid-column-761a8cdc\"><div class=\"gb-container gb-container-761a8cdc\">\n<div class=\"wp-block-image\">\n<figure class=\"aligncenter size-large is-resized\"><img decoding=\"async\" src=\"https:\/\/www.teammeter.com\/wp-content\/uploads\/2025\/01\/OKRs-85-percent.svg\" alt=\"85% pourcentage graphique\" class=\"wp-image-9033\" style=\"width:75px;height:auto\"\/><\/figure>\n<\/div>\n<\/div><\/div>\n\n<div class=\"gb-grid-column gb-grid-column-1eef0c55\"><div class=\"gb-container gb-container-1eef0c55\">\n\n<p class=\"has-contrast-color has-text-color has-link-color has-large-font-size wp-elements-c75ad853ca256ee4727123c9d7b605d6\"><strong>85% des organisations ne parviennent pas \u00e0 int\u00e9grer pleinement les OKR dans leur activit\u00e9 <\/strong><\/p>\n\n\n\n<p class=\"has-contrast-color has-text-color has-link-color has-small-font-size wp-elements-674834cc7ecea835e4f70dab22801e01\">Source : Gartner Gartner 2023<br><\/p>\n\n<\/div><\/div>\n\n<div class=\"gb-grid-column gb-grid-column-76a51686\"><div class=\"gb-container gb-container-76a51686\">\n\n<ul class=\"wp-block-list problem-list\">\n<li><strong>Manque de clart\u00e9<\/strong><\/li>\n\n\n\n<li><strong>Absence d'avantages clairs<\/strong><\/li>\n\n\n\n<li><strong>D\u00e9salignement par rapport aux objectifs de l'entreprise<\/strong><\/li>\n\n\n\n<li><strong>Manque d'engagement<\/strong><\/li>\n<\/ul>\n\n<\/div><\/div>\n<\/div>\n<\/div>\n\n<div class=\"gb-container gb-container-d33a2453\">\n<div class=\"gb-grid-wrapper gb-grid-wrapper-a27cdc77\">\n<div class=\"gb-grid-column gb-grid-column-1b9ddec8\"><div class=\"gb-container gb-container-1b9ddec8\">\n\n<figure class=\"wp-block-image size-full is-resized\"><img decoding=\"async\" width=\"1030\" height=\"480\" src=\"https:\/\/www.teammeter.com\/wp-content\/uploads\/2024\/08\/OKRs-align-team-OKRs-with-company-objectives-2-1.png\" alt=\"Une illustration des objectifs des \u00e9quipes et de l&#039;entreprise\" class=\"wp-image-6598\" style=\"width:675px;height:auto\" title=\"\" srcset=\"https:\/\/www.teammeter.com\/wp-content\/uploads\/2024\/08\/OKRs-align-team-OKRs-with-company-objectives-2-1.png 1030w, https:\/\/www.teammeter.com\/wp-content\/uploads\/2024\/08\/OKRs-align-team-OKRs-with-company-objectives-2-1-300x140.png 300w, https:\/\/www.teammeter.com\/wp-content\/uploads\/2024\/08\/OKRs-align-team-OKRs-with-company-objectives-2-1-1024x477.png 1024w, https:\/\/www.teammeter.com\/wp-content\/uploads\/2024\/08\/OKRs-align-team-OKRs-with-company-objectives-2-1-768x358.png 768w, https:\/\/www.teammeter.com\/wp-content\/uploads\/2024\/08\/OKRs-align-team-OKRs-with-company-objectives-2-1-18x8.png 18w\" sizes=\"(max-width: 1030px) 100vw, 1030px\" \/><\/figure>\n\n<\/div><\/div>\n\n<div class=\"gb-grid-column gb-grid-column-105d3092\"><div class=\"gb-container gb-container-105d3092\">\n\n<p class=\"has-contrast-2-color has-text-color has-link-color wp-elements-a0088f7d095b65d6b6f53a9002271f83\"><strong>Coordinateur OKR<\/strong><\/p>\n\n\n\n<h2 class=\"wp-block-heading\">Mieux aligner les OKR des \u00e9quipes sur les objectifs de l'entreprise<\/h2>\n\n\n\n<p>Apporter direction et transparence avec :<\/p>\n\n\n\n<ul class=\"wp-block-list\">\n<li class=\"translation-block\"><strong>Cartographie visuelle des objectifs<\/strong> entre les \u00e9quipes et les d\u00e9partements<\/li>\n\n\n\n<li class=\"translation-block\"><strong>D\u00e9pendances transparentes<\/strong> pour rep\u00e9rer rapidement les d\u00e9salignements<\/li>\n\n\n\n<li class=\"translation-block\"><strong>Des d\u00e9lais flexibles<\/strong> pour que vos \u00e9quipes puissent avancer \u00e0 leur rythme<\/li>\n<\/ul>\n\n<\/div><\/div>\n<\/div>\n<\/div>\n\n<div class=\"gb-container gb-container-9df94888\">\n<div class=\"gb-grid-wrapper gb-grid-wrapper-27970fe1\">\n<div class=\"gb-grid-column gb-grid-column-f2e964b9\"><div class=\"gb-container gb-container-f2e964b9\">\n\n<figure class=\"wp-block-image size-full is-resized\"><img decoding=\"async\" width=\"882\" height=\"332\" src=\"https:\/\/www.teammeter.com\/wp-content\/uploads\/2024\/08\/OKRs-make-excellent-okrs-2.png\" alt=\"Cr\u00e9er des OKR\" class=\"wp-image-6601\" style=\"width:675px;height:auto\" title=\"\" srcset=\"https:\/\/www.teammeter.com\/wp-content\/uploads\/2024\/08\/OKRs-make-excellent-okrs-2.png 882w, https:\/\/www.teammeter.com\/wp-content\/uploads\/2024\/08\/OKRs-make-excellent-okrs-2-300x113.png 300w, https:\/\/www.teammeter.com\/wp-content\/uploads\/2024\/08\/OKRs-make-excellent-okrs-2-768x289.png 768w, https:\/\/www.teammeter.com\/wp-content\/uploads\/2024\/08\/OKRs-make-excellent-okrs-2-18x7.png 18w\" sizes=\"(max-width: 882px) 100vw, 882px\" \/><\/figure>\n\n<\/div><\/div>\n\n<div class=\"gb-grid-column gb-grid-column-d1c60f7e\"><div class=\"gb-container gb-container-d1c60f7e\">\n\n<p class=\"has-contrast-2-color has-text-color has-link-color wp-elements-cea876a0f2069ebb91ebf59d1ffdc2e4\"><strong>OKR Studio<\/strong><\/p>\n\n\n\n<h2 class=\"wp-block-heading\">\u00c9laborer d'excellents OKR<\/h2>\n\n\n\n<p>R\u00e9diger un bon OKR est difficile. Nous vous facilitons la t\u00e2che avec :<\/p>\n\n\n\n<ul class=\"wp-block-list\">\n<li class=\"translation-block\">&lt;La r\u00e9daction d&#039;objectifs assist\u00e9e par l&#039;IA pour plus de clart\u00e9 et de pr\u00e9cision<\/li>\n\n\n\n<li class=\"translation-block\"><strong>Mod\u00e8les guid\u00e9s<\/strong> adapt\u00e9s \u00e0 la fonction de votre \u00e9quipe<\/li>\n\n\n\n<li class=\"translation-block\">Reliez vos r\u00e9sultats cl\u00e9s aux <strong>sources de donn\u00e9es<\/strong>.<\/li>\n<\/ul>\n\n<\/div><\/div>\n<\/div>\n<\/div>\n\n<div class=\"gb-container gb-container-da4e4662\">\n<div class=\"gb-grid-wrapper gb-grid-wrapper-1bb451c0\">\n<div class=\"gb-grid-column gb-grid-column-40f2baf4\"><div class=\"gb-container gb-container-40f2baf4\">\n\n<figure class=\"wp-block-image size-full is-resized\"><img decoding=\"async\" width=\"1083\" height=\"657\" src=\"https:\/\/www.teammeter.com\/wp-content\/uploads\/2024\/08\/OKRs-review-easily-OKRs-2-1.png\" alt=\"Une vue d&#039;ensemble des OKR avec un tableau de bord\" class=\"wp-image-6605\" style=\"width:640px\" title=\"\" srcset=\"https:\/\/www.teammeter.com\/wp-content\/uploads\/2024\/08\/OKRs-review-easily-OKRs-2-1.png 1083w, https:\/\/www.teammeter.com\/wp-content\/uploads\/2024\/08\/OKRs-review-easily-OKRs-2-1-300x182.png 300w, https:\/\/www.teammeter.com\/wp-content\/uploads\/2024\/08\/OKRs-review-easily-OKRs-2-1-1024x621.png 1024w, https:\/\/www.teammeter.com\/wp-content\/uploads\/2024\/08\/OKRs-review-easily-OKRs-2-1-768x466.png 768w, https:\/\/www.teammeter.com\/wp-content\/uploads\/2024\/08\/OKRs-review-easily-OKRs-2-1-18x12.png 18w\" sizes=\"(max-width: 1083px) 100vw, 1083px\" \/><\/figure>\n\n<\/div><\/div>\n\n<div class=\"gb-grid-column gb-grid-column-a48d83c2\"><div class=\"gb-container gb-container-a48d83c2\">\n\n<p class=\"has-contrast-2-color has-text-color has-link-color wp-elements-fdf0eb0b9b2baa030432e0edbc5ee6f8\"><strong>Revues des OKRs<\/strong><\/p>\n\n\n\n<h2 class=\"wp-block-heading\">Contr\u00f4ler les progr\u00e8s sans faire de micromanagement<\/h2>\n\n\n\n<p>Restez concentr\u00e9 et sur la bonne voie avec :<\/p>\n\n\n\n<ul class=\"wp-block-list\">\n<li class=\"translation-block\"><strong>Des contr\u00f4les l\u00e9gers<\/strong> qui incitent \u00e0 la r\u00e9flexion et non \u00e0 la r\u00e9daction de rapports<\/li>\n\n\n\n<li><strong>Sources de donn\u00e9es int\u00e9gr\u00e9es<\/strong> pour que le progr\u00e8s se mette \u00e0 jour<\/li>\n\n\n\n<li class=\"translation-block\"><strong>Des rappels automatis\u00e9s<\/strong> qui maintiennent l'\u00e9lan de l'\u00e9quipe<\/li>\n<\/ul>\n\n<\/div><\/div>\n<\/div>\n<\/div>\n\n<div class=\"gb-container gb-container-37cfb988\">\n<div class=\"gb-grid-wrapper gb-grid-wrapper-fdebd778\">\n<div class=\"gb-grid-column gb-grid-column-3cfbd734\"><div class=\"gb-container gb-container-3cfbd734\">\n\n<figure class=\"wp-block-image size-full is-resized\"><img decoding=\"async\" width=\"367\" height=\"191\" src=\"https:\/\/www.teammeter.com\/wp-content\/uploads\/2024\/08\/OKRs-get-supports-from-our-okr-experts-2.svg\" alt=\"Nos experts sont pr\u00eats \u00e0 discuter avec vous\" class=\"wp-image-6577\" style=\"width:675px\" title=\"\"\/><\/figure>\n\n<\/div><\/div>\n\n<div class=\"gb-grid-column gb-grid-column-296e71a2\"><div class=\"gb-container gb-container-296e71a2\">\n\n<p class=\"has-contrast-2-color has-text-color has-link-color wp-elements-3a71461ec9098222e7c89fcd39735cba\"><strong>Soutien \u00e0 l'OKR<\/strong><\/p>\n\n\n\n<h2 class=\"wp-block-heading\">B\u00e9n\u00e9ficiez du soutien de nos experts<\/h2>\n\n\n\n<p>Nos experts ont aid\u00e9 des centaines d'entreprises \u00e0 mettre en place des OKR.<\/p>\n\n\n\n<p>Ils vous aideront \u00e0 mettre en \u0153uvre avec succ\u00e8s votre strat\u00e9gie OKR dans votre entreprise.<\/p>\n\n<\/div><\/div>\n<\/div>\n<\/div>\n\n<div class=\"gb-container gb-container-f4875709\">\n<div class=\"gb-container gb-container-c3c8673e\">\n\n<h2 class=\"wp-block-heading has-text-align-center\"><strong>Int\u00e9gr\u00e9 \u00e0 vos outils pr\u00e9f\u00e9r\u00e9s<\/strong>\u200b<\/h2>\n\n\n<div class=\"gb-container gb-container-ccdae702 alignwide\">\n<div class=\"gb-container gb-container-e2d7596c\">\n\n<div class=\"wp-block-columns is-layout-flex wp-container-core-columns-is-layout-9d6595d7 wp-block-columns-is-layout-flex\">\n<div class=\"wp-block-column is-vertically-aligned-top is-layout-flow wp-block-column-is-layout-flow\">\n<h3 class=\"wp-block-heading has-text-align-center has-contrast-2-color has-text-color has-link-color wp-elements-b655008e4af20834659a2699c535edc0\">Gestion du travail<\/h3>\n\n\n<div class=\"gb-container gb-container-9fdd002e alignwide\">\n<div class=\"wp-block-image\">\n<figure class=\"aligncenter size-large is-resized\"><img decoding=\"async\" src=\"https:\/\/www.teammeter.com\/wp-content\/uploads\/2025\/01\/teams_logo.svg\" alt=\"\" class=\"wp-image-8998\" style=\"width:auto;height:50px\"\/><\/figure>\n<\/div>\n<\/div>\n\n<div class=\"gb-container gb-container-4427c40e alignwide\">\n<div class=\"wp-block-image\">\n<figure class=\"aligncenter size-large is-resized\"><img decoding=\"async\" width=\"76\" height=\"32\" src=\"https:\/\/www.teammeter.com\/wp-content\/uploads\/2025\/01\/jira_logo.svg\" alt=\"\" class=\"wp-image-8999\" style=\"width:auto;height:40px\"\/><\/figure>\n<\/div>\n<\/div><\/div>\n\n\n\n<div class=\"wp-block-column is-layout-flow wp-block-column-is-layout-flow\">\n<h3 class=\"wp-block-heading has-text-align-center has-contrast-2-color has-text-color has-link-color wp-elements-9588d50814b6da0042e94303b0c4f7ab\">CRM<\/h3>\n\n\n<div class=\"gb-container gb-container-c8b6f98d alignwide\">\n<div class=\"wp-block-image\">\n<figure class=\"aligncenter size-large is-resized\"><img decoding=\"async\" src=\"https:\/\/www.teammeter.com\/wp-content\/uploads\/2025\/01\/asana_logo.svg\" alt=\"Logo Salesforce\" class=\"wp-image-8991\" style=\"width:auto;height:60px\"\/><\/figure>\n<\/div>\n<\/div>\n\n<div class=\"gb-container gb-container-df635d70 alignwide\">\n<div class=\"wp-block-image\">\n<figure class=\"aligncenter size-large is-resized\"><img decoding=\"async\" width=\"106\" height=\"31\" src=\"https:\/\/www.teammeter.com\/wp-content\/uploads\/2025\/01\/hubspot_logo.svg\" alt=\"\" class=\"wp-image-9001\" style=\"width:auto;height:40px\"\/><\/figure>\n<\/div>\n<\/div><\/div>\n\n\n\n<div class=\"wp-block-column is-layout-flow wp-block-column-is-layout-flow\">\n<h3 class=\"wp-block-heading has-text-align-center has-contrast-2-color has-text-color has-link-color wp-elements-07ede2565d4aa2b2868ce6361e9dc12d\">Comptabilit\u00e9<\/h3>\n\n\n<div class=\"gb-container gb-container-607b0dc3 alignwide\">\n<div class=\"wp-block-image\">\n<figure class=\"aligncenter size-large is-resized\"><img decoding=\"async\" width=\"1024\" height=\"576\" src=\"https:\/\/www.teammeter.com\/wp-content\/uploads\/2025\/01\/Dynamics-365-logo-1024x576.png\" alt=\"Logo Dynamics 365\" class=\"wp-image-8993\" style=\"width:auto;height:60px\" srcset=\"https:\/\/www.teammeter.com\/wp-content\/uploads\/2025\/01\/Dynamics-365-logo-1024x576.png 1024w, https:\/\/www.teammeter.com\/wp-content\/uploads\/2025\/01\/Dynamics-365-logo-300x169.png 300w, https:\/\/www.teammeter.com\/wp-content\/uploads\/2025\/01\/Dynamics-365-logo-768x432.png 768w, https:\/\/www.teammeter.com\/wp-content\/uploads\/2025\/01\/Dynamics-365-logo-1536x864.png 1536w, https:\/\/www.teammeter.com\/wp-content\/uploads\/2025\/01\/Dynamics-365-logo-2048x1152.png 2048w, https:\/\/www.teammeter.com\/wp-content\/uploads\/2025\/01\/Dynamics-365-logo-18x10.png 18w\" sizes=\"(max-width: 1024px) 100vw, 1024px\" \/><\/figure>\n<\/div>\n<\/div>\n\n<div class=\"gb-container gb-container-5e8938e9 alignwide\">\n<div class=\"wp-block-image\">\n<figure class=\"aligncenter size-large is-resized\"><img decoding=\"async\" src=\"https:\/\/www.teammeter.com\/wp-content\/uploads\/2024\/06\/logo-sage-1.svg\" alt=\"Logo Sage\" class=\"wp-image-5740\" style=\"width:auto;height:60px\"\/><\/figure>\n<\/div>\n<\/div><\/div>\n<\/div>\n\n<\/div>\n<\/div>\n\n\n<div style=\"height:10px\" aria-hidden=\"true\" class=\"wp-block-spacer\"><\/div>\n\n<\/div>\n<\/div>\n\n<div class=\"gb-container gb-container-5cd7bad3\">\n\n<h2 class=\"wp-block-heading has-text-align-center has-large-font-size\"><strong>La s\u00e9curit\u00e9 de vos donn\u00e9es : notre priorit\u00e9<\/strong><\/h2>\n\n\n<div class=\"gb-grid-wrapper gb-grid-wrapper-4e180888\">\n<div class=\"gb-grid-column gb-grid-column-929f21e2\"><div class=\"gb-container gb-container-929f21e2\">\n<div class=\"gb-container gb-container-c433153e\">\n<div class=\"wp-block-image\">\n<figure class=\"alignright size-large is-resized\"><img decoding=\"async\" width=\"1024\" height=\"802\" src=\"https:\/\/www.teammeter.com\/wp-content\/uploads\/2024\/11\/ISO-27001-06-1024x802.png\" alt=\"Deux personnes tenant une m\u00e9daille sur laquelle est inscrit &quot;Information Security, ISO 27001 Certified&quot;.\" class=\"wp-image-8030\" style=\"width:280px\" srcset=\"https:\/\/www.teammeter.com\/wp-content\/uploads\/2024\/11\/ISO-27001-06-1024x802.png 1024w, https:\/\/www.teammeter.com\/wp-content\/uploads\/2024\/11\/ISO-27001-06-300x235.png 300w, https:\/\/www.teammeter.com\/wp-content\/uploads\/2024\/11\/ISO-27001-06-768x601.png 768w, https:\/\/www.teammeter.com\/wp-content\/uploads\/2024\/11\/ISO-27001-06-1536x1203.png 1536w, https:\/\/www.teammeter.com\/wp-content\/uploads\/2024\/11\/ISO-27001-06-2048x1603.png 2048w, https:\/\/www.teammeter.com\/wp-content\/uploads\/2024\/11\/ISO-27001-06-15x12.png 15w\" sizes=\"(max-width: 1024px) 100vw, 1024px\" \/><\/figure>\n<\/div>\n<\/div>\n<\/div><\/div>\n\n<div class=\"gb-grid-column gb-grid-column-2393160e\"><div class=\"gb-container gb-container-2393160e\">\n\n<ul class=\"wp-block-list feature-list\">\n<li class=\"has-medium-font-size\">H\u00e9bergement en Allemagne<\/li>\n\n\n\n<li class=\"has-medium-font-size\">Certifi\u00e9 selon la norme ISO 27001<\/li>\n\n\n\n<li class=\"has-medium-font-size\">Conforme au GDPR<\/li>\n<\/ul>\n\n\n<div class=\"gb-container gb-container-a44331b8\">\n\n<p><a href=\"https:\/\/www.teammeter.com\/fr\/la-securite-de-linformation\/\" data-type=\"link\" data-id=\"https:\/\/www.teammeter.com\/information-security\" target=\"_blank\" rel=\"noreferrer noopener\">En savoir plus sur la s\u00e9curit\u00e9 de l'information<\/a><\/p>\n\n<\/div>\n<\/div><\/div>\n<\/div>\n<\/div>\n\n<div class=\"gb-container gb-container-6b7acb2c\">\n<div class=\"gb-container gb-container-92a3ffd3\">\n\n<h2 class=\"wp-block-heading has-text-align-center\">Rejoignez notre programme d'adoption pr\u00e9coce<\/h2>\n\n\n\n<div class=\"wp-block-buttons alignwide is-content-justification-center is-layout-flex wp-container-core-buttons-is-layout-16018d1d wp-block-buttons-is-layout-flex\">\n<div class=\"wp-block-button\"><a class=\"wp-block-button__link has-text-align-center wp-element-button\">R\u00e9servez votre d\u00e9monstration personnalis\u00e9e<\/a><\/div>\n<\/div>\n\n<\/div>\n<\/div>\n\n\n<p><\/p>","protected":false},"excerpt":{"rendered":"<p>Int\u00e9gr\u00e9 \u00e0 vos outils pr\u00e9f\u00e9r\u00e9s Gestion du travail CRM Comptabilit\u00e9 Vos donn\u00e9es sont s\u00e9curis\u00e9es Rejoignez notre programme d'adoption anticip\u00e9e<\/p>","protected":false},"author":5,"featured_media":0,"parent":0,"menu_order":0,"comment_status":"closed","ping_status":"closed","template":"","meta":{"inline_featured_image":false,"footnotes":""},"class_list":["post-5493","page","type-page","status-publish"],"_links":{"self":[{"href":"https:\/\/www.teammeter.com\/fr\/wp-json\/wp\/v2\/pages\/5493","targetHints":{"allow":["GET"]}}],"collection":[{"href":"https:\/\/www.teammeter.com\/fr\/wp-json\/wp\/v2\/pages"}],"about":[{"href":"https:\/\/www.teammeter.com\/fr\/wp-json\/wp\/v2\/types\/page"}],"author":[{"embeddable":true,"href":"https:\/\/www.teammeter.com\/fr\/wp-json\/wp\/v2\/users\/5"}],"replies":[{"embeddable":true,"href":"https:\/\/www.teammeter.com\/fr\/wp-json\/wp\/v2\/comments?post=5493"}],"version-history":[{"count":0,"href":"https:\/\/www.teammeter.com\/fr\/wp-json\/wp\/v2\/pages\/5493\/revisions"}],"wp:attachment":[{"href":"https:\/\/www.teammeter.com\/fr\/wp-json\/wp\/v2\/media?parent=5493"}],"curies":[{"name":"wp","href":"https:\/\/api.w.org\/{rel}","templated":true}]}}