{"id":7545,"date":"2024-10-21T14:15:39","date_gmt":"2024-10-21T14:15:39","guid":{"rendered":"https:\/\/www.teammeter.com\/?page_id=7545"},"modified":"2025-05-13T09:45:38","modified_gmt":"2025-05-13T09:45:38","slug":"gerer-le-catalogue-de-competences","status":"publish","type":"page","link":"https:\/\/www.teammeter.com\/fr\/documentation\/manage-the-skill-catalog\/","title":{"rendered":"Utiliser le catalogue de comp\u00e9tences"},"content":{"rendered":"<div class=\"gb-container gb-container-a6fb9408 shadow\">\n<div class=\"gb-container gb-container-84124aac\">\n\n<h2 class=\"wp-block-heading\" style=\"font-size:16px;text-decoration:underline\"><strong>Comment utiliser le catalogue de comp\u00e9tences ?<\/strong><\/h2>\n\n\n<div class=\"gb-container gb-container-a1e8891c\">\n\n<figure class=\"wp-block-video\"><video height=\"1080\" style=\"aspect-ratio: 1920 \/ 1080;\" width=\"1920\" controls src=\"https:\/\/www.teammeter.com\/wp-content\/uploads\/2025\/05\/Skill_Catalog_20250513_final.mp4\"><\/video><\/figure>\n\n<\/div>\n\n\n<div style=\"height:100px\" aria-hidden=\"true\" class=\"wp-block-spacer\"><\/div>\n\n\n\n<h1 class=\"wp-block-heading\">\ud83d\udcd8 Utiliser le catalogue de comp\u00e9tences<\/h1>\n\n\n\n<figure class=\"gb-block-image gb-block-image-620d8dc2\"><img decoding=\"async\" width=\"2298\" height=\"1308\" class=\"gb-image gb-image-620d8dc2\" src=\"https:\/\/www.teammeter.com\/wp-content\/uploads\/2025\/01\/skill-catalog.png\" alt=\"\" title=\"catalogue de comp\u00e9tences\" srcset=\"https:\/\/www.teammeter.com\/wp-content\/uploads\/2025\/01\/skill-catalog.png 2298w, https:\/\/www.teammeter.com\/wp-content\/uploads\/2025\/01\/skill-catalog-300x171.png 300w, https:\/\/www.teammeter.com\/wp-content\/uploads\/2025\/01\/skill-catalog-1024x583.png 1024w, https:\/\/www.teammeter.com\/wp-content\/uploads\/2025\/01\/skill-catalog-768x437.png 768w, https:\/\/www.teammeter.com\/wp-content\/uploads\/2025\/01\/skill-catalog-1536x874.png 1536w, https:\/\/www.teammeter.com\/wp-content\/uploads\/2025\/01\/skill-catalog-2048x1166.png 2048w, https:\/\/www.teammeter.com\/wp-content\/uploads\/2025\/01\/skill-catalog-18x10.png 18w\" sizes=\"(max-width: 2298px) 100vw, 2298px\" \/><\/figure>\n\n\n\n<p>Le <strong>Catalogue de comp\u00e9tences<\/strong> est un outil puissante de Teammeter qui vous aide \u00e0 organiser, g\u00e9rer et aligner les comp\u00e9tences avec la structure et les fonctions de votre organisation. Ce guide vous pr\u00e9sente tout ce que vous devez savoir, y compris les fonctions aliment\u00e9es par l'IA qui automatisent une grande partie du processus.<\/p>\n\n\n\n<div style=\"height:50px\" aria-hidden=\"true\" class=\"wp-block-spacer\"><\/div>\n\n\n\n<h2 class=\"wp-block-heading\">\ud83e\udde9 Qu'est-ce que le catalogue de comp\u00e9tences ?<\/h2>\n\n\n\n<p>Le <strong>Catalogue de comp\u00e9tences<\/strong> repr\u00e9sente l'ensemble des comp\u00e9tences au sein de votre organisation. Il \u00e9volue en m\u00eame temps que vos r\u00f4les, vos \u00e9quipes et vos fonctions, offrant un moyen clair et centralis\u00e9 de d\u00e9finir et de suivre les capacit\u00e9s de votre personnel.<\/p>\n\n\n\n<div style=\"height:50px\" aria-hidden=\"true\" class=\"wp-block-spacer\"><\/div>\n\n\n\n<h2 class=\"wp-block-heading\">\ud83d\ude80 Pour commencer : Cr\u00e9er d'abord des r\u00f4les<\/h2>\n\n\n\n<p>Pour commencer \u00e0 construire votre catalogue de comp\u00e9tences, nous vous recommandons de commencer par les <strong>r\u00f4les<\/strong> qui correspondent aux descriptions de poste de votre organisation. D\u00e9finir les r\u00f4les en premier lieu vous aide \u00e0:<\/p>\n\n\n\n<ul class=\"wp-block-list\">\n<li>Structurer votre catalogue de mani\u00e8re logique<\/li>\n\n\n\n<li>Identifier les comp\u00e9tences pertinentes par fonction<\/li>\n\n\n\n<li>Aligner le suivi des comp\u00e9tences sur les besoins de l'organisation<\/li>\n<\/ul>\n\n\n\n<h3 class=\"wp-block-heading\">\u2795 Comment ajouter un r\u00f4le<\/h3>\n\n\n\n<ol class=\"wp-block-list\">\n<li>Cliquez sur le bouton <strong>Ajouter<\/strong> .<\/li>\n\n\n\n<li>Saisir le <strong>nom du r\u00f4le<\/strong>.<\/li>\n\n\n\n<li>L'IA de Teammeter sugg\u00e9rera des comp\u00e9tences pertinentes par le biais de l'autocompl\u00e9tion.<\/li>\n\n\n\n<li>Les comp\u00e9tences propos\u00e9es sont automatiquement class\u00e9es dans les cat\u00e9gories appropri\u00e9es.<\/li>\n<\/ol>\n\n\n\n<figure class=\"gb-block-image gb-block-image-f5ff90b5\"><img decoding=\"async\" width=\"1000\" height=\"483\" class=\"gb-image gb-image-f5ff90b5\" src=\"https:\/\/www.teammeter.com\/wp-content\/uploads\/2025\/05\/Capture-decran-2025-05-13-a-11.32.33.png\" alt=\"\" title=\"Capture d&#039;\u00e9cran 2025-05-13 \u00e0 11.32.33\" srcset=\"https:\/\/www.teammeter.com\/wp-content\/uploads\/2025\/05\/Capture-decran-2025-05-13-a-11.32.33.png 1000w, https:\/\/www.teammeter.com\/wp-content\/uploads\/2025\/05\/Capture-decran-2025-05-13-a-11.32.33-300x145.png 300w, https:\/\/www.teammeter.com\/wp-content\/uploads\/2025\/05\/Capture-decran-2025-05-13-a-11.32.33-768x371.png 768w, https:\/\/www.teammeter.com\/wp-content\/uploads\/2025\/05\/Capture-decran-2025-05-13-a-11.32.33-18x9.png 18w\" sizes=\"(max-width: 1000px) 100vw, 1000px\" \/><\/figure>\n\n\n\n<p>Vous pouvez \u00e9galement <strong>ajouter manuellement des comp\u00e9tences personnalis\u00e9es<\/strong> \u00e0 tout moment.<\/p>\n\n\n\n<div style=\"height:50px\" aria-hidden=\"true\" class=\"wp-block-spacer\"><\/div>\n\n\n\n<h2 class=\"wp-block-heading\">\ud83d\udee0 Gestion des comp\u00e9tences dans le catalogue<\/h2>\n\n\n\n<p>Vous avez un contr\u00f4le total sur la fa\u00e7on dont les comp\u00e9tences sont ajout\u00e9es, modifi\u00e9es et organis\u00e9es.<\/p>\n\n\n\n<h3 class=\"wp-block-heading\">\u270f\ufe0f Ajouter ou modifier des comp\u00e9tences<\/h3>\n\n\n\n<ul class=\"wp-block-list\">\n<li>Cliquez sur <strong>\"Ajouter une comp\u00e9tence<\/strong> pour en cr\u00e9er un nouveau.<\/li>\n\n\n\n<li>S\u00e9lectionnez une comp\u00e9tence existante pour <strong>\u00e9diter<\/strong> ses d\u00e9tails.<\/li>\n<\/ul>\n\n\n\n<figure class=\"gb-block-image gb-block-image-d9a8a47b\"><img decoding=\"async\" width=\"1076\" height=\"625\" class=\"gb-image gb-image-d9a8a47b\" src=\"https:\/\/www.teammeter.com\/wp-content\/uploads\/2025\/01\/skill-catalog-skill-1.png\" alt=\"\u00c9cran du catalogue de comp\u00e9tences\" title=\"catalogue de comp\u00e9tences - comp\u00e9tences\" srcset=\"https:\/\/www.teammeter.com\/wp-content\/uploads\/2025\/01\/skill-catalog-skill-1.png 1076w, https:\/\/www.teammeter.com\/wp-content\/uploads\/2025\/01\/skill-catalog-skill-1-300x174.png 300w, https:\/\/www.teammeter.com\/wp-content\/uploads\/2025\/01\/skill-catalog-skill-1-1024x595.png 1024w, https:\/\/www.teammeter.com\/wp-content\/uploads\/2025\/01\/skill-catalog-skill-1-768x446.png 768w, https:\/\/www.teammeter.com\/wp-content\/uploads\/2025\/01\/skill-catalog-skill-1-18x10.png 18w\" sizes=\"(max-width: 1076px) 100vw, 1076px\" \/><\/figure>\n\n\n\n<h3 class=\"wp-block-heading\">\ud83d\udd04 Organisez vos comp\u00e9tences<\/h3>\n\n\n\n<ul class=\"wp-block-list\">\n<li><strong>D\u00e9placer, fusionner ou supprimer<\/strong> une comp\u00e9tence en utilisant le menu en bas de l'\u00e9cran apr\u00e8s l'avoir s\u00e9lectionn\u00e9e.<\/li>\n\n\n\n<li>Regrouper les comp\u00e9tences en <strong>cat\u00e9gories personnalis\u00e9es<\/strong> en fonction de la structure de votre entreprise ou de votre secteur d'activit\u00e9.<\/li>\n<\/ul>\n\n\n\n<div style=\"height:50px\" aria-hidden=\"true\" class=\"wp-block-spacer\"><\/div>\n\n\n\n<h2 class=\"wp-block-heading\">\ud83c\udf10 Prise en charge multilingue<\/h2>\n\n\n\n<p>Le catalogue de comp\u00e9tences prend en charge plusieurs langues. Lors de la cr\u00e9ation ou de la modification d'une comp\u00e9tence, vous pouvez :<\/p>\n\n\n\n<ul class=\"wp-block-list\">\n<li>Choisir une <strong>langue<\/strong> (anglais, fran\u00e7ais ou allemand)<\/li>\n\n\n\n<li>Fournir des noms de comp\u00e9tences en plusieurs langues<\/li>\n<\/ul>\n\n\n\n<p>Cela garantit l'accessibilit\u00e9 \u00e0 tous les membres de l'\u00e9quipe dans toutes les r\u00e9gions.<\/p>\n\n\n\n<div style=\"height:50px\" aria-hidden=\"true\" class=\"wp-block-spacer\"><\/div>\n\n\n\n<h2 class=\"wp-block-heading\">\ud83e\udd16 L'automatisation par l'IA<\/h2>\n\n\n\n<p>L'IA de Teammeter simplifie la gestion du catalogue par :<\/p>\n\n\n\n<ul class=\"wp-block-list\">\n<li>L'autocompl\u00e9tion des noms de comp\u00e9tences<\/li>\n\n\n\n<li>La traduction des noms de comp\u00e9tences<\/li>\n\n\n\n<li>Le remplissage automatique des descriptions<\/li>\n\n\n\n<li>L'affectation de chaque comp\u00e9tence \u00e0 la bonne cat\u00e9gorie<\/li>\n<\/ul>\n\n\n\n<p>Cela permet de garantir une <strong>coh\u00e9rence<\/strong>et permet de gagner du temps et de r\u00e9duire le travail manuel.<\/p>\n\n\n\n<div style=\"height:50px\" aria-hidden=\"true\" class=\"wp-block-spacer\"><\/div>\n\n\n\n<h2 class=\"wp-block-heading\">\ud83d\udccf \u00c9chelles d'\u00e9valuation personnalis\u00e9es<\/h2>\n\n\n\n<p>Vous pouvez d\u00e9finir votre propre <strong>\u00e9chelles d'\u00e9valuation des comp\u00e9tences<\/strong> en fonction de votre cas d'utilisation :<\/p>\n\n\n\n<ul class=\"wp-block-list\">\n<li>Diff\u00e9rentes \u00e9chelles pour <strong>comp\u00e9tences relationnelles<\/strong>, <strong>comp\u00e9tences techniques,<\/strong>, ou <strong>language<\/strong><\/li>\n\n\n\n<li>Prise en charge d'\u00e9chelles \u00e0 5 points ou de cadres enti\u00e8rement personnalis\u00e9s<\/li>\n<\/ul>\n\n\n\n<p>Cela pour permet d'adapter les m\u00e9thodes d'\u00e9valuation \u00e0 vos normes d'\u00e9valuation internes.<\/p>\n\n\n\n<div style=\"height:50px\" aria-hidden=\"true\" class=\"wp-block-spacer\"><\/div>\n\n\n\n<h2 class=\"wp-block-heading\">\u2705 R\u00e9sum\u00e9<\/h2>\n\n\n\n<p>Le <strong>Catalogue de comp\u00e9tences<\/strong> est votre solution centralis\u00e9e pour la gestion des comp\u00e9tences au sein de votre organisation. Elle s'adapte \u00e0 la croissance de votre entreprise et, gr\u00e2ce \u00e0 l'IA, elle automatise les t\u00e2ches les plus lourdes, garantissant que votre catalogue reste structur\u00e9, \u00e0 jour et facile \u00e0 g\u00e9rer.<\/p>\n\n<\/div>\n<\/div>","protected":false},"excerpt":{"rendered":"<p>How to use the skill catalog? \ud83d\udcd8 Manage the Skill Catalog The Skill Catalog is a powerful feature in Teammeter that helps you organize, manage, and align skills with your organization\u2019s structure and functions. This guide walks you through everything you need to know, including the AI-powered features that automate much of the process. \ud83e\udde9 &#8230; <a title=\"Utiliser le catalogue de comp\u00e9tences\" class=\"read-more\" href=\"https:\/\/www.teammeter.com\/fr\/documentation\/manage-the-skill-catalog\/\" aria-label=\"En savoir plus sur Manage the skill catalog\">Lire plus<\/a><\/p>","protected":false},"author":5,"featured_media":0,"parent":1221,"menu_order":0,"comment_status":"closed","ping_status":"closed","template":"","meta":{"inline_featured_image":false,"footnotes":""},"class_list":["post-7545","page","type-page","status-publish"],"_links":{"self":[{"href":"https:\/\/www.teammeter.com\/fr\/wp-json\/wp\/v2\/pages\/7545","targetHints":{"allow":["GET"]}}],"collection":[{"href":"https:\/\/www.teammeter.com\/fr\/wp-json\/wp\/v2\/pages"}],"about":[{"href":"https:\/\/www.teammeter.com\/fr\/wp-json\/wp\/v2\/types\/page"}],"author":[{"embeddable":true,"href":"https:\/\/www.teammeter.com\/fr\/wp-json\/wp\/v2\/users\/5"}],"replies":[{"embeddable":true,"href":"https:\/\/www.teammeter.com\/fr\/wp-json\/wp\/v2\/comments?post=7545"}],"version-history":[{"count":19,"href":"https:\/\/www.teammeter.com\/fr\/wp-json\/wp\/v2\/pages\/7545\/revisions"}],"predecessor-version":[{"id":10755,"href":"https:\/\/www.teammeter.com\/fr\/wp-json\/wp\/v2\/pages\/7545\/revisions\/10755"}],"up":[{"embeddable":true,"href":"https:\/\/www.teammeter.com\/fr\/wp-json\/wp\/v2\/pages\/1221"}],"wp:attachment":[{"href":"https:\/\/www.teammeter.com\/fr\/wp-json\/wp\/v2\/media?parent=7545"}],"curies":[{"name":"wp","href":"https:\/\/api.w.org\/{rel}","templated":true}]}}