{"id":7676,"date":"2024-10-30T15:57:58","date_gmt":"2024-10-30T15:57:58","guid":{"rendered":"https:\/\/www.teammeter.com\/?page_id=7676"},"modified":"2024-10-30T16:00:35","modified_gmt":"2024-10-30T16:00:35","slug":"recevoir-des-notifications-de-formation","status":"publish","type":"page","link":"https:\/\/www.teammeter.com\/fr\/documentation\/receive-training-notifications\/","title":{"rendered":"Recevoir des notifications de formation"},"content":{"rendered":"<div class=\"gb-container gb-container-a6fb9408 shadow\">\n<div class=\"gb-container gb-container-84124aac\">\n\n<h4 class=\"wp-block-heading\" style=\"font-size:16px\">Recevoir des notifications de formation<\/h4>\n\n<\/div>\n\n\n<p style=\"font-size:16px\" class=\"translation-block\">Si votre plan de d\u00e9veloppement comporte une formation planifi\u00e9e ou en cours de r\u00e9alisation, vous devez respecter une date limite d'ach\u00e8vement. Si vous ne terminez pas votre formation \u00e0 temps, vous recevrez un rappel par courrier \u00e9lectronique le <strong>jour suivant la date limite<\/strong>.<\/p>\n\n\n\n<h3 class=\"wp-block-heading\" style=\"font-size:16px\">Notifications pour les renouvellements de formation<\/h3>\n\n\n\n<p style=\"font-size:16px\">Vous voulez savoir quand votre formation doit \u00eatre renouvel\u00e9e ? Que vous ayez ajout\u00e9 un certificat ou non, nous vous enverrons un rappel pour que vous ne manquiez pas le renouvellement.<\/p>\n\n\n\n<h4 class=\"wp-block-heading\" style=\"font-size:16px\">Comment cela fonctionne-t-il ?<\/h4>\n\n\n\n<ul class=\"wp-block-list\">\n<li style=\"font-size:16px\" class=\"translation-block\"><strong>Si vous avez ajout\u00e9 un certificat<\/strong> : d\u00e9finissez la date d'expiration et nous vous avertirons 6 semaines avant l'expiration.<\/li>\n\n\n\n<li style=\"font-size:16px\" class=\"translation-block\">&lt;Si vous n&#039;avez pas ajout\u00e9 de certificat<\/strong> : Tant que votre formation est obligatoire et que vous avez fix\u00e9 une date de renouvellement, nous vous informerons <strong>6 semaines<\/strong> avant que le renouvellement ne soit n\u00e9cessaire.<\/li>\n<\/ul>\n\n\n\n<p style=\"font-size:16px\">C'est tout !<\/p>\n\n<\/div>","protected":false},"excerpt":{"rendered":"<p>Recevoir des notifications de formation Si vous avez une formation planifi\u00e9e ou en cours dans votre plan de d\u00e9veloppement, il y a une date limite d'ach\u00e8vement. Si vous ne terminez pas votre formation \u00e0 temps, vous recevrez un rappel par courrier \u00e9lectronique le jour suivant la date limite. Notifications pour les renouvellements de formation Besoin de savoir quand vos besoins de formation ... <a title=\"Recevoir des notifications de formation\" class=\"read-more\" href=\"https:\/\/www.teammeter.com\/fr\/documentation\/receive-training-notifications\/\" aria-label=\"En savoir plus sur Receive Training Notifications\">Lire plus<\/a><\/p>","protected":false},"author":5,"featured_media":0,"parent":1221,"menu_order":0,"comment_status":"closed","ping_status":"closed","template":"","meta":{"inline_featured_image":false,"footnotes":""},"class_list":["post-7676","page","type-page","status-publish"],"_links":{"self":[{"href":"https:\/\/www.teammeter.com\/fr\/wp-json\/wp\/v2\/pages\/7676","targetHints":{"allow":["GET"]}}],"collection":[{"href":"https:\/\/www.teammeter.com\/fr\/wp-json\/wp\/v2\/pages"}],"about":[{"href":"https:\/\/www.teammeter.com\/fr\/wp-json\/wp\/v2\/types\/page"}],"author":[{"embeddable":true,"href":"https:\/\/www.teammeter.com\/fr\/wp-json\/wp\/v2\/users\/5"}],"replies":[{"embeddable":true,"href":"https:\/\/www.teammeter.com\/fr\/wp-json\/wp\/v2\/comments?post=7676"}],"version-history":[{"count":8,"href":"https:\/\/www.teammeter.com\/fr\/wp-json\/wp\/v2\/pages\/7676\/revisions"}],"predecessor-version":[{"id":7688,"href":"https:\/\/www.teammeter.com\/fr\/wp-json\/wp\/v2\/pages\/7676\/revisions\/7688"}],"up":[{"embeddable":true,"href":"https:\/\/www.teammeter.com\/fr\/wp-json\/wp\/v2\/pages\/1221"}],"wp:attachment":[{"href":"https:\/\/www.teammeter.com\/fr\/wp-json\/wp\/v2\/media?parent=7676"}],"curies":[{"name":"wp","href":"https:\/\/api.w.org\/{rel}","templated":true}]}}