{"id":7703,"date":"2024-10-31T08:49:10","date_gmt":"2024-10-31T08:49:10","guid":{"rendered":"https:\/\/www.teammeter.com\/?page_id=7703"},"modified":"2024-11-04T14:04:27","modified_gmt":"2024-11-04T14:04:27","slug":"acces-aux-informations-des-collegues","status":"publish","type":"page","link":"https:\/\/www.teammeter.com\/fr\/documentation\/access-colleagues-information\/","title":{"rendered":"Acc\u00e9der aux informations des coll\u00e8gues"},"content":{"rendered":"<div class=\"gb-container gb-container-a6fb9408 shadow\">\n<div class=\"gb-container gb-container-84124aac\">\n\n<p style=\"font-size:16px\" class=\"translation-block\">Dans la <strong>matrice de comp\u00e9tences<\/strong>, les membres de l'\u00e9quipe peuvent voir vos comp\u00e9tences, y compris les niveaux actuels et les niveaux cibles.<\/p>\n\n\n\n<p style=\"font-size:16px\" class=\"translation-block\">Ils peuvent \u00e9galement voir si vous avez un plan de d\u00e9veloppement ou si vous \u00eates titulaire d'un certificat, mais ils ne peuvent pas cliquer pour voir le contenu.<\/p>\n\n\n\n<p style=\"font-size:16px\" class=\"translation-block\">\ud83c\udf93 <strong>Plan de d\u00e9veloppement<\/strong> : Le coll\u00e8gue peut consulter le nom de la formation, les comp\u00e9tences associ\u00e9es, la description et le statut.<\/p>\n\n\n\n<p style=\"font-size:16px\" class=\"translation-block\">\ud83c\udfc5 <strong>Certificat<\/strong> : les membres de l'\u00e9quipe peuvent voir le nom du certificat, le nom de l'organisme et l'\u00e9tat.<\/p>\n\n\n\n<div style=\"height:20px\" aria-hidden=\"true\" class=\"wp-block-spacer\"><\/div>\n\n\n\n<p style=\"font-size:16px\" class=\"translation-block\">&lt;Seuls les responsables ont un acc\u00e8s d\u00e9taill\u00e9 aux plans de d\u00e9veloppement et aux certificats<\/strong>. Cela permet de garantir la confidentialit\u00e9 des informations sensibles contenues dans les certificats, telles que la date de naissance ou l'adresse.<\/p>\n\n\n\n<figure class=\"gb-block-image gb-block-image-fc552817\"><img decoding=\"async\" width=\"2496\" height=\"1470\" class=\"gb-image gb-image-fc552817\" src=\"https:\/\/www.teammeter.com\/wp-content\/uploads\/2024\/11\/Capture-decran-2024-11-04-a-14.53.18.png\" alt=\"\" title=\"Capture-decran-2024-11-04-a-14.53.18\" srcset=\"https:\/\/www.teammeter.com\/wp-content\/uploads\/2024\/11\/Capture-decran-2024-11-04-a-14.53.18.png 2496w, https:\/\/www.teammeter.com\/wp-content\/uploads\/2024\/11\/Capture-decran-2024-11-04-a-14.53.18-300x177.png 300w, https:\/\/www.teammeter.com\/wp-content\/uploads\/2024\/11\/Capture-decran-2024-11-04-a-14.53.18-1024x603.png 1024w, https:\/\/www.teammeter.com\/wp-content\/uploads\/2024\/11\/Capture-decran-2024-11-04-a-14.53.18-768x452.png 768w, https:\/\/www.teammeter.com\/wp-content\/uploads\/2024\/11\/Capture-decran-2024-11-04-a-14.53.18-1536x905.png 1536w, https:\/\/www.teammeter.com\/wp-content\/uploads\/2024\/11\/Capture-decran-2024-11-04-a-14.53.18-2048x1206.png 2048w, https:\/\/www.teammeter.com\/wp-content\/uploads\/2024\/11\/Capture-decran-2024-11-04-a-14.53.18-18x12.png 18w\" sizes=\"(max-width: 2496px) 100vw, 2496px\" \/><\/figure>\n\n<\/div>\n<\/div>","protected":false},"excerpt":{"rendered":"<p>Dans la matrice des comp\u00e9tences, les membres de l'\u00e9quipe peuvent voir vos comp\u00e9tences, y compris les niveaux actuels et les niveaux cibles. Ils peuvent \u00e9galement voir si vous avez un plan de d\u00e9veloppement ou si vous d\u00e9tenez un certificat, mais ils ne peuvent pas cliquer pour afficher le contenu. \ud83c\udf93 Plan de d\u00e9veloppement : Le coll\u00e8gue peut consulter le nom de la formation, les comp\u00e9tences associ\u00e9es, la description et le statut. \ud83c\udfc5 ... <a title=\"Acc\u00e9der aux informations des coll\u00e8gues\" class=\"read-more\" href=\"https:\/\/www.teammeter.com\/fr\/documentation\/access-colleagues-information\/\" aria-label=\"En savoir plus sur Access colleagues&#8217; information\">Lire plus<\/a><\/p>","protected":false},"author":5,"featured_media":0,"parent":1221,"menu_order":0,"comment_status":"closed","ping_status":"closed","template":"","meta":{"inline_featured_image":false,"footnotes":""},"class_list":["post-7703","page","type-page","status-publish"],"_links":{"self":[{"href":"https:\/\/www.teammeter.com\/fr\/wp-json\/wp\/v2\/pages\/7703","targetHints":{"allow":["GET"]}}],"collection":[{"href":"https:\/\/www.teammeter.com\/fr\/wp-json\/wp\/v2\/pages"}],"about":[{"href":"https:\/\/www.teammeter.com\/fr\/wp-json\/wp\/v2\/types\/page"}],"author":[{"embeddable":true,"href":"https:\/\/www.teammeter.com\/fr\/wp-json\/wp\/v2\/users\/5"}],"replies":[{"embeddable":true,"href":"https:\/\/www.teammeter.com\/fr\/wp-json\/wp\/v2\/comments?post=7703"}],"version-history":[{"count":18,"href":"https:\/\/www.teammeter.com\/fr\/wp-json\/wp\/v2\/pages\/7703\/revisions"}],"predecessor-version":[{"id":7769,"href":"https:\/\/www.teammeter.com\/fr\/wp-json\/wp\/v2\/pages\/7703\/revisions\/7769"}],"up":[{"embeddable":true,"href":"https:\/\/www.teammeter.com\/fr\/wp-json\/wp\/v2\/pages\/1221"}],"wp:attachment":[{"href":"https:\/\/www.teammeter.com\/fr\/wp-json\/wp\/v2\/media?parent=7703"}],"curies":[{"name":"wp","href":"https:\/\/api.w.org\/{rel}","templated":true}]}}