{"id":7720,"date":"2024-10-31T16:08:56","date_gmt":"2024-10-31T16:08:56","guid":{"rendered":"https:\/\/www.teammeter.com\/?page_id=7720"},"modified":"2024-10-31T16:13:19","modified_gmt":"2024-10-31T16:13:19","slug":"donner-un-retour-dinformation-aux-employes-ou-aux-collegues","status":"publish","type":"page","link":"https:\/\/www.teammeter.com\/fr\/documentation\/give-feedback-to-employees-or-colleagues\/","title":{"rendered":"Donner un retour d'information aux employ\u00e9s"},"content":{"rendered":"<div class=\"gb-container gb-container-a6fb9408 shadow\">\n<div class=\"gb-container gb-container-84124aac\">\n\n<h3 class=\"wp-block-heading\" style=\"font-size:16px\">Comment donner un retour d'information aux employ\u00e9s ?<\/h3>\n\n\n\n<p style=\"font-size:16px\" class=\"translation-block\"><strong>1. Acc\u00e9dez \u00e0 la section Feedback<\/strong><br>Pour commencer, naviguez vers le profil du coll\u00e8gue que vous souhaitez \u00e9valuer. Dans la section Feedback, cliquez sur \"Cr\u00e9er une fiche de feedback\". Cette action ouvre un espace d\u00e9di\u00e9 affichant ses comp\u00e9tences cl\u00e9s ainsi que son auto-\u00e9valuation.<\/p>\n\n\n\n<figure class=\"gb-block-image gb-block-image-fc552817\"><img decoding=\"async\" width=\"2342\" height=\"1470\" class=\"gb-image gb-image-fc552817\" src=\"https:\/\/www.teammeter.com\/wp-content\/uploads\/2024\/10\/Capture-decran-2024-10-31-a-16.58.14.png\" alt=\"\" title=\"Capture-decran-2024-10-31-a-16.58.14\" srcset=\"https:\/\/www.teammeter.com\/wp-content\/uploads\/2024\/10\/Capture-decran-2024-10-31-a-16.58.14.png 2342w, https:\/\/www.teammeter.com\/wp-content\/uploads\/2024\/10\/Capture-decran-2024-10-31-a-16.58.14-300x188.png 300w, https:\/\/www.teammeter.com\/wp-content\/uploads\/2024\/10\/Capture-decran-2024-10-31-a-16.58.14-1024x643.png 1024w, https:\/\/www.teammeter.com\/wp-content\/uploads\/2024\/10\/Capture-decran-2024-10-31-a-16.58.14-768x482.png 768w, https:\/\/www.teammeter.com\/wp-content\/uploads\/2024\/10\/Capture-decran-2024-10-31-a-16.58.14-1536x964.png 1536w, https:\/\/www.teammeter.com\/wp-content\/uploads\/2024\/10\/Capture-decran-2024-10-31-a-16.58.14-2048x1285.png 2048w, https:\/\/www.teammeter.com\/wp-content\/uploads\/2024\/10\/Capture-decran-2024-10-31-a-16.58.14-18x12.png 18w\" sizes=\"(max-width: 2342px) 100vw, 2342px\" \/><\/figure>\n\n\n\n<p style=\"font-size:16px\" class=\"translation-block\"><strong>2. \u00e9valuez leurs comp\u00e9tences<\/strong><br>Une fois que vous \u00eates dans la feuille de commentaires, vous pouvez attribuer une note \u00e0 chaque comp\u00e9tence sur la base de vos observations. Qu'il s'agisse de collaborer \u00e0 des projets ou de participer \u00e0 des r\u00e9unions, cette \u00e9valuation aide votre coll\u00e8gue \u00e0 comprendre comment ses comp\u00e9tences sont per\u00e7ues par les autres.<\/p>\n\n\n\n<p style=\"font-size:16px\" class=\"translation-block\"><strong>3. fournir des observations d\u00e9taill\u00e9es<\/strong><br>Dans la section des commentaires, vous pouvez faire part d'un retour d'information plus d\u00e9taill\u00e9, y compris des \u00e9loges sur les points forts ou des suggestions constructives en vue d'une am\u00e9lioration. Ces commentaires \u00e9crits fournissent des orientations claires, permettant \u00e0 votre coll\u00e8gue de se concentrer sur des domaines sp\u00e9cifiques de d\u00e9veloppement.<\/p>\n\n\n\n<figure class=\"gb-block-image gb-block-image-d4f8eec3\"><img decoding=\"async\" width=\"1786\" height=\"1012\" class=\"gb-image gb-image-d4f8eec3\" src=\"https:\/\/www.teammeter.com\/wp-content\/uploads\/2024\/10\/Capture-decran-2024-10-31-a-17.03.56.png\" alt=\"\" title=\"Capture-decran-2024-10-31-a-17.03.56\" srcset=\"https:\/\/www.teammeter.com\/wp-content\/uploads\/2024\/10\/Capture-decran-2024-10-31-a-17.03.56.png 1786w, https:\/\/www.teammeter.com\/wp-content\/uploads\/2024\/10\/Capture-decran-2024-10-31-a-17.03.56-300x170.png 300w, https:\/\/www.teammeter.com\/wp-content\/uploads\/2024\/10\/Capture-decran-2024-10-31-a-17.03.56-1024x580.png 1024w, https:\/\/www.teammeter.com\/wp-content\/uploads\/2024\/10\/Capture-decran-2024-10-31-a-17.03.56-768x435.png 768w, https:\/\/www.teammeter.com\/wp-content\/uploads\/2024\/10\/Capture-decran-2024-10-31-a-17.03.56-1536x870.png 1536w, https:\/\/www.teammeter.com\/wp-content\/uploads\/2024\/10\/Capture-decran-2024-10-31-a-17.03.56-18x10.png 18w\" sizes=\"(max-width: 1786px) 100vw, 1786px\" \/><\/figure>\n\n\n\n<h3 class=\"wp-block-heading\" style=\"font-size:16px\">Comment recevoir un retour d'information de la part de ses coll\u00e8gues<\/h3>\n\n\n\n<p style=\"font-size:16px\" class=\"translation-block\"><strong>4. Voir le r\u00e9sum\u00e9 de votre feedback<\/strong><br>Sur votre propre profil, vous pouvez consulter un tableau r\u00e9capitulatif de tous les feedbacks laiss\u00e9s par vos coll\u00e8gues et votre sup\u00e9rieur. Ce r\u00e9sum\u00e9 offre une vue d'ensemble compl\u00e8te et permet de voir facilement les \u00e9valuations et les commentaires concernant vos comp\u00e9tences, ce qui peut contribuer \u00e0 votre plan de d\u00e9veloppement personnel.<\/p>\n\n\n\n<figure class=\"gb-block-image gb-block-image-b8cfc598\"><img decoding=\"async\" width=\"2346\" height=\"754\" class=\"gb-image gb-image-b8cfc598\" src=\"https:\/\/www.teammeter.com\/wp-content\/uploads\/2024\/10\/Capture-decran-2024-10-31-a-17.07.17.png\" alt=\"\" title=\"Capture-decran-2024-10-31-a-17.07.17\" srcset=\"https:\/\/www.teammeter.com\/wp-content\/uploads\/2024\/10\/Capture-decran-2024-10-31-a-17.07.17.png 2346w, https:\/\/www.teammeter.com\/wp-content\/uploads\/2024\/10\/Capture-decran-2024-10-31-a-17.07.17-300x96.png 300w, https:\/\/www.teammeter.com\/wp-content\/uploads\/2024\/10\/Capture-decran-2024-10-31-a-17.07.17-1024x329.png 1024w, https:\/\/www.teammeter.com\/wp-content\/uploads\/2024\/10\/Capture-decran-2024-10-31-a-17.07.17-768x247.png 768w, https:\/\/www.teammeter.com\/wp-content\/uploads\/2024\/10\/Capture-decran-2024-10-31-a-17.07.17-1536x494.png 1536w, https:\/\/www.teammeter.com\/wp-content\/uploads\/2024\/10\/Capture-decran-2024-10-31-a-17.07.17-2048x658.png 2048w, https:\/\/www.teammeter.com\/wp-content\/uploads\/2024\/10\/Capture-decran-2024-10-31-a-17.07.17-18x6.png 18w\" sizes=\"(max-width: 2346px) 100vw, 2346px\" \/><\/figure>\n\n\n\n<h3 class=\"wp-block-heading\" style=\"font-size:16px\">Conclusion<\/h3>\n\n\n\n<p style=\"font-size:16px\">La feuille de feedback Teammeter transforme la fa\u00e7on dont les \u00e9quipes abordent le feedback en rendant le processus collaboratif et simple. Gr\u00e2ce \u00e0 l'apport en temps r\u00e9el des pairs et des responsables, le partage d'informations pr\u00e9cieuses devient plus facile, ce qui permet \u00e0 chacun d'identifier les domaines cl\u00e9s \u00e0 am\u00e9liorer et de travailler \u00e0 la r\u00e9ussite collective.<\/p>\n\n<\/div>\n<\/div>","protected":false},"excerpt":{"rendered":"<p>Comment donner un retour d'information aux employ\u00e9s ? 1. Acc\u00e9dez \u00e0 la section FeedbackPour commencer, acc\u00e9dez au profil du coll\u00e8gue que vous souhaitez \u00e9valuer. Dans la section Feedback, cliquez sur \"Cr\u00e9er une fiche de feedback\". Cette action ouvre un espace d\u00e9di\u00e9 affichant ses comp\u00e9tences cl\u00e9s ainsi que son auto-\u00e9valuation. 2. \u00c9valuer ses comp\u00e9tencesUne fois que vous \u00eates dans l'espace ... <a title=\"Donner un retour d&#039;information aux employ\u00e9s\" class=\"read-more\" href=\"https:\/\/www.teammeter.com\/fr\/documentation\/give-feedback-to-employees-or-colleagues\/\" aria-label=\"En savoir plus sur Give feedback to employees\">Lire plus<\/a><\/p>","protected":false},"author":5,"featured_media":0,"parent":1221,"menu_order":0,"comment_status":"closed","ping_status":"closed","template":"","meta":{"inline_featured_image":false,"footnotes":""},"class_list":["post-7720","page","type-page","status-publish"],"_links":{"self":[{"href":"https:\/\/www.teammeter.com\/fr\/wp-json\/wp\/v2\/pages\/7720","targetHints":{"allow":["GET"]}}],"collection":[{"href":"https:\/\/www.teammeter.com\/fr\/wp-json\/wp\/v2\/pages"}],"about":[{"href":"https:\/\/www.teammeter.com\/fr\/wp-json\/wp\/v2\/types\/page"}],"author":[{"embeddable":true,"href":"https:\/\/www.teammeter.com\/fr\/wp-json\/wp\/v2\/users\/5"}],"replies":[{"embeddable":true,"href":"https:\/\/www.teammeter.com\/fr\/wp-json\/wp\/v2\/comments?post=7720"}],"version-history":[{"count":6,"href":"https:\/\/www.teammeter.com\/fr\/wp-json\/wp\/v2\/pages\/7720\/revisions"}],"predecessor-version":[{"id":7734,"href":"https:\/\/www.teammeter.com\/fr\/wp-json\/wp\/v2\/pages\/7720\/revisions\/7734"}],"up":[{"embeddable":true,"href":"https:\/\/www.teammeter.com\/fr\/wp-json\/wp\/v2\/pages\/1221"}],"wp:attachment":[{"href":"https:\/\/www.teammeter.com\/fr\/wp-json\/wp\/v2\/media?parent=7720"}],"curies":[{"name":"wp","href":"https:\/\/api.w.org\/{rel}","templated":true}]}}