{"id":8043,"date":"2024-12-02T16:18:06","date_gmt":"2024-12-02T16:18:06","guid":{"rendered":"https:\/\/www.teammeter.com\/?page_id=8043"},"modified":"2025-01-31T10:06:09","modified_gmt":"2025-01-31T10:06:09","slug":"comment-inviter-des-employes-dans-une-equipe","status":"publish","type":"page","link":"https:\/\/www.teammeter.com\/fr\/documentation\/how-to-invite-employees-to-a-team\/","title":{"rendered":"Comment inviter les employ\u00e9s \u00e0 Teammeter"},"content":{"rendered":"<div class=\"gb-container gb-container-a6fb9408 shadow\">\n\n<p style=\"font-size:16px\"><strong>Vous souhaitez inviter des employ\u00e9s sur Teammeter ?<\/strong> Vous \u00eates au bon endroit !<\/p>\n\n\n\n<p style=\"font-size:16px\"><strong>Il existe plusieurs fa\u00e7ons d'ajouter des employ\u00e9s sur Teammeter, adapt\u00e9s \u00e0 leur r\u00f4le et \u00e0 leurs fonctions au sein de votre entreprise.<\/strong>. Pour simplifier les choses, nous avons r\u00e9sum\u00e9 les diff\u00e9rentes options ci-dessous afin de vous guider facilement:<\/p>\n\n\n\n<p style=\"font-size:16px\">Suivez ces \u00e9tapes pour inviter de nouveaux utilisateurs d\u00e8s maintenant !<\/p>\n\n\n<div class=\"gb-container gb-container-5d0299d8 shadow\">\n<div class=\"gb-container gb-container-6e5d7ac4\">\n\n<details class=\"wp-block-details is-layout-flow wp-block-details-is-layout-flow\" style=\"font-size:22px\"><summary>Inviter les employ\u00e9s \u00e0 une r\u00e9union d'\u00e9quipe \ud83d\udc81\u200d\u2640\ufe0f<\/summary><div class=\"gb-container gb-container-02702729\">\n<div class=\"gb-container gb-container-c8fdbc2e\">\n\n<h4 class=\"wp-block-heading\" id=\"invite-employee-to-a-team\" style=\"font-size:16px\">Invitez les employ\u00e9s \u00e0 faire partie d'une \u00e9quipe :<\/h4>\n\n\n\n<p style=\"font-size:16px\">Ajouter un collaborateur \u00e0 une \u00e9quipe lui permet d'acc\u00e9der \u00e0 la section d\u00e9di\u00e9e, incluant le tableau de bord de l'\u00e9quipe et toutes les m\u00e9triques associ\u00e9es. Selon les fonctionnalit\u00e9s activ\u00e9es par votre entreprise, les membres de l'\u00e9quipe peuvent \u00e9galement b\u00e9n\u00e9ficier d'outils comme la matrice des comp\u00e9tences (si autoris\u00e9e), la matrice de formation, le suivi de sant\u00e9, les r\u00e9trospectives et les plans d'action. Cet espace partag\u00e9 favorise la collaboration, renforce le travail d'\u00e9quipe et soutient le d\u00e9veloppement des comp\u00e9tences de chacun.<\/p>\n\n\n\n<p style=\"font-size:16px\">Comment ajouter de nouveaux membres \u00e0 votre \u00e9quipe ? Il vous suffit de suivre les \u00e9tapes suivantes :<\/p>\n\n<\/div>\n\n<div class=\"gb-container gb-container-6506a45b\">\n\n<p style=\"font-size:16px\">1 - Ouvrez la page Membres de votre \u00e9quipe dans votre barre de navigation.<\/p>\n\n\n\n<figure class=\"gb-block-image gb-block-image-fc552817\"><img decoding=\"async\" width=\"2992\" height=\"1488\" class=\"gb-image gb-image-fc552817\" src=\"https:\/\/www.teammeter.com\/wp-content\/uploads\/2024\/12\/Capture-decran-2024-12-02-a-16.51.27.png\" alt=\"Un \u00e9cran affichant la page des membres d&#039;une \u00e9quipe\" title=\"Capture-decran-2024-12-02-a-16.51.27\" srcset=\"https:\/\/www.teammeter.com\/wp-content\/uploads\/2024\/12\/Capture-decran-2024-12-02-a-16.51.27.png 2992w, https:\/\/www.teammeter.com\/wp-content\/uploads\/2024\/12\/Capture-decran-2024-12-02-a-16.51.27-300x149.png 300w, https:\/\/www.teammeter.com\/wp-content\/uploads\/2024\/12\/Capture-decran-2024-12-02-a-16.51.27-1024x509.png 1024w, https:\/\/www.teammeter.com\/wp-content\/uploads\/2024\/12\/Capture-decran-2024-12-02-a-16.51.27-768x382.png 768w, https:\/\/www.teammeter.com\/wp-content\/uploads\/2024\/12\/Capture-decran-2024-12-02-a-16.51.27-1536x764.png 1536w, https:\/\/www.teammeter.com\/wp-content\/uploads\/2024\/12\/Capture-decran-2024-12-02-a-16.51.27-2048x1019.png 2048w, https:\/\/www.teammeter.com\/wp-content\/uploads\/2024\/12\/Capture-decran-2024-12-02-a-16.51.27-18x9.png 18w\" sizes=\"(max-width: 2992px) 100vw, 2992px\" \/><\/figure>\n\n<\/div>\n\n<div class=\"gb-container gb-container-2f625086\">\n\n<p style=\"font-size:16px\">2 - Cliquez sur \"+ Membre\" pour lancer le processus d'invitation.<\/p>\n\n\n\n<figure class=\"gb-block-image gb-block-image-9d5686e8\"><img decoding=\"async\" width=\"3006\" height=\"1488\" class=\"gb-image gb-image-9d5686e8\" src=\"https:\/\/www.teammeter.com\/wp-content\/uploads\/2024\/12\/Capture-decran-2024-12-02-a-16.50.02.png\" alt=\"\" title=\"Capture-decran-2024-12-02-a-16.50.02\" srcset=\"https:\/\/www.teammeter.com\/wp-content\/uploads\/2024\/12\/Capture-decran-2024-12-02-a-16.50.02.png 3006w, https:\/\/www.teammeter.com\/wp-content\/uploads\/2024\/12\/Capture-decran-2024-12-02-a-16.50.02-300x149.png 300w, https:\/\/www.teammeter.com\/wp-content\/uploads\/2024\/12\/Capture-decran-2024-12-02-a-16.50.02-1024x507.png 1024w, https:\/\/www.teammeter.com\/wp-content\/uploads\/2024\/12\/Capture-decran-2024-12-02-a-16.50.02-768x380.png 768w, https:\/\/www.teammeter.com\/wp-content\/uploads\/2024\/12\/Capture-decran-2024-12-02-a-16.50.02-1536x760.png 1536w, https:\/\/www.teammeter.com\/wp-content\/uploads\/2024\/12\/Capture-decran-2024-12-02-a-16.50.02-2048x1014.png 2048w, https:\/\/www.teammeter.com\/wp-content\/uploads\/2024\/12\/Capture-decran-2024-12-02-a-16.50.02-18x9.png 18w\" sizes=\"(max-width: 3006px) 100vw, 3006px\" \/><\/figure>\n\n<\/div>\n\n<div class=\"gb-container gb-container-3c137908\">\n\n<p style=\"font-size:16px\">3 - S\u00e9lectionnez des employ\u00e9s existants ou invitez-en de nouveaux en saisissant leur adresse \u00e9lectronique.<\/p>\n\n\n\n<figure class=\"gb-block-image gb-block-image-5cb62486\"><img decoding=\"async\" width=\"3002\" height=\"1478\" class=\"gb-image gb-image-5cb62486\" src=\"https:\/\/www.teammeter.com\/wp-content\/uploads\/2024\/12\/Capture-decran-2024-12-02-a-16.50.37.png\" alt=\"\" title=\"Capture-decran-2024-12-02-a-16.50.37\" srcset=\"https:\/\/www.teammeter.com\/wp-content\/uploads\/2024\/12\/Capture-decran-2024-12-02-a-16.50.37.png 3002w, https:\/\/www.teammeter.com\/wp-content\/uploads\/2024\/12\/Capture-decran-2024-12-02-a-16.50.37-300x148.png 300w, https:\/\/www.teammeter.com\/wp-content\/uploads\/2024\/12\/Capture-decran-2024-12-02-a-16.50.37-1024x504.png 1024w, https:\/\/www.teammeter.com\/wp-content\/uploads\/2024\/12\/Capture-decran-2024-12-02-a-16.50.37-768x378.png 768w, https:\/\/www.teammeter.com\/wp-content\/uploads\/2024\/12\/Capture-decran-2024-12-02-a-16.50.37-1536x756.png 1536w, https:\/\/www.teammeter.com\/wp-content\/uploads\/2024\/12\/Capture-decran-2024-12-02-a-16.50.37-2048x1008.png 2048w, https:\/\/www.teammeter.com\/wp-content\/uploads\/2024\/12\/Capture-decran-2024-12-02-a-16.50.37-18x9.png 18w\" sizes=\"(max-width: 3002px) 100vw, 3002px\" \/><\/figure>\n\n<\/div>\n\n<div class=\"gb-container gb-container-6f95dc1a\">\n\n<p style=\"font-size:16px\">4 - Attribuez-leur des permissions (coach, membre, spectateur), en fonction de leurs responsabilit\u00e9s.<\/p>\n\n\n\n<p style=\"font-size:16px\"><a href=\"https:\/\/www.teammeter.com\/fr\/roles-dans-le-teammeter\/\" target=\"_blank\" data-type=\"link\" data-id=\"https:\/\/www.teammeter.com\/roles-in-teammeter\" rel=\"noreferrer noopener\">Vous voulez en savoir plus sur les permissions dans Teammeter ?<\/a><\/p>\n\n\n\n<figure class=\"gb-block-image gb-block-image-91020975\"><img decoding=\"async\" width=\"3010\" height=\"1486\" class=\"gb-image gb-image-91020975\" src=\"https:\/\/www.teammeter.com\/wp-content\/uploads\/2024\/12\/Capture-decran-2024-12-02-a-16.50.48.png\" alt=\"\" title=\"Capture-decran-2024-12-02-a-16.50.48\" srcset=\"https:\/\/www.teammeter.com\/wp-content\/uploads\/2024\/12\/Capture-decran-2024-12-02-a-16.50.48.png 3010w, https:\/\/www.teammeter.com\/wp-content\/uploads\/2024\/12\/Capture-decran-2024-12-02-a-16.50.48-300x148.png 300w, https:\/\/www.teammeter.com\/wp-content\/uploads\/2024\/12\/Capture-decran-2024-12-02-a-16.50.48-1024x506.png 1024w, https:\/\/www.teammeter.com\/wp-content\/uploads\/2024\/12\/Capture-decran-2024-12-02-a-16.50.48-768x379.png 768w, https:\/\/www.teammeter.com\/wp-content\/uploads\/2024\/12\/Capture-decran-2024-12-02-a-16.50.48-1536x758.png 1536w, https:\/\/www.teammeter.com\/wp-content\/uploads\/2024\/12\/Capture-decran-2024-12-02-a-16.50.48-2048x1011.png 2048w, https:\/\/www.teammeter.com\/wp-content\/uploads\/2024\/12\/Capture-decran-2024-12-02-a-16.50.48-18x9.png 18w\" sizes=\"(max-width: 3010px) 100vw, 3010px\" \/><\/figure>\n\n<\/div>\n\n<div class=\"gb-container gb-container-bec8a076\">\n\n<p style=\"font-size:16px\">5 - Une fois valid\u00e9, l'employ\u00e9 recevra une invitation par courrier \u00e9lectronique \u00e0 rejoindre votre \u00e9quipe.<\/p>\n\n\n\n<figure class=\"gb-block-image gb-block-image-7b4de482\"><img decoding=\"async\" width=\"2992\" height=\"1488\" class=\"gb-image gb-image-7b4de482\" src=\"https:\/\/www.teammeter.com\/wp-content\/uploads\/2024\/12\/Capture-decran-2024-12-02-a-16.51.27.png\" alt=\"\" title=\"Capture-decran-2024-12-02-a-16.51.27\" srcset=\"https:\/\/www.teammeter.com\/wp-content\/uploads\/2024\/12\/Capture-decran-2024-12-02-a-16.51.27.png 2992w, https:\/\/www.teammeter.com\/wp-content\/uploads\/2024\/12\/Capture-decran-2024-12-02-a-16.51.27-300x149.png 300w, https:\/\/www.teammeter.com\/wp-content\/uploads\/2024\/12\/Capture-decran-2024-12-02-a-16.51.27-1024x509.png 1024w, https:\/\/www.teammeter.com\/wp-content\/uploads\/2024\/12\/Capture-decran-2024-12-02-a-16.51.27-768x382.png 768w, https:\/\/www.teammeter.com\/wp-content\/uploads\/2024\/12\/Capture-decran-2024-12-02-a-16.51.27-1536x764.png 1536w, https:\/\/www.teammeter.com\/wp-content\/uploads\/2024\/12\/Capture-decran-2024-12-02-a-16.51.27-2048x1019.png 2048w, https:\/\/www.teammeter.com\/wp-content\/uploads\/2024\/12\/Capture-decran-2024-12-02-a-16.51.27-18x9.png 18w\" sizes=\"(max-width: 2992px) 100vw, 2992px\" \/><\/figure>\n\n<\/div>\n\n\n<p style=\"font-size:16px\">Et le tour est jou\u00e9 ! Les membres de votre \u00e9quipe seront op\u00e9rationnels en un rien de temps. \ud83d\ude0a<\/p>\n\n<\/div><\/details>\n\n<\/div>\n<\/div>\n\n<div class=\"gb-container gb-container-555e04cb shadow\">\n<div class=\"gb-container gb-container-cc389206\">\n\n<details class=\"wp-block-details is-layout-flow wp-block-details-is-layout-flow\" style=\"font-size:22px\"><summary>Inviter les salari\u00e9s dans l'espace Entreprise \ud83c\udfe2<\/summary><div class=\"gb-container gb-container-d515ef2e\">\n<div class=\"gb-container gb-container-311c7cc1\">\n\n<h4 class=\"wp-block-heading\" style=\"font-size:16px\">Inviter les salari\u00e9s dans l'espace Entreprise :<\/h4>\n\n\n\n<p style=\"font-size:16px\">Comment ajouter de nouveaux membres \u00e0 l'espace Entreprise ? <a href=\"#invite-employee-to-a-team\" data-type=\"internal\" data-id=\"#invite-employee-to-a-team\" target=\"_blank\" rel=\"noreferrer noopener\">Il suffit de suivre la m\u00eame proc\u00e9dure pour inviter un employ\u00e9 dans une \u00e9quipe.<\/a> \ud83d\ude0e<\/p>\n\n\n\n<p style=\"font-size:16px\">1 - L'invitation d'un employ\u00e9 dans une entreprise lui donne acc\u00e8s \u00e0 la section de l'entreprise.<\/p>\n\n\n\n<p style=\"font-size:16px\">2 - \ud83d\udca1 <strong>Gardez \u00e0 l'esprit que l'ajout d'un membre \u00e0 l'entreprise ne l'ajoute pas \u00e0 une \u00e9quipe. <\/strong>\ud83d\udca1<\/p>\n\n\n\n<p style=\"font-size:16px\">3 - Inviter un utilisateur dans cette section lui donne acc\u00e8s \u00e0 des vues et des actions sp\u00e9cifiques, telles que l'\u00e9dition du catalogue de comp\u00e9tences, la gestion des formations, des r\u00f4les et des mod\u00e8les. \ud83d\udd0e En tant que membre d'une \u00e9quipe ou d'une unit\u00e9, vous aurez acc\u00e8s au tableau de bord de l'entreprise et verrez la progression du d\u00e9veloppement de l'organisation.<\/p>\n\n\n<div class=\"gb-container gb-container-23b1d6d5\">\n\n<figure class=\"gb-block-image gb-block-image-174a2211\"><img decoding=\"async\" width=\"2882\" height=\"1480\" class=\"gb-image gb-image-174a2211\" src=\"https:\/\/www.teammeter.com\/wp-content\/uploads\/2024\/12\/Capture-decran-2024-12-10-a-16.02.34.png\" alt=\"\" title=\"Capture-decran-2024-12-10-a-16.02.34\" srcset=\"https:\/\/www.teammeter.com\/wp-content\/uploads\/2024\/12\/Capture-decran-2024-12-10-a-16.02.34.png 2882w, https:\/\/www.teammeter.com\/wp-content\/uploads\/2024\/12\/Capture-decran-2024-12-10-a-16.02.34-300x154.png 300w, https:\/\/www.teammeter.com\/wp-content\/uploads\/2024\/12\/Capture-decran-2024-12-10-a-16.02.34-1024x526.png 1024w, https:\/\/www.teammeter.com\/wp-content\/uploads\/2024\/12\/Capture-decran-2024-12-10-a-16.02.34-768x394.png 768w, https:\/\/www.teammeter.com\/wp-content\/uploads\/2024\/12\/Capture-decran-2024-12-10-a-16.02.34-1536x789.png 1536w, https:\/\/www.teammeter.com\/wp-content\/uploads\/2024\/12\/Capture-decran-2024-12-10-a-16.02.34-2048x1052.png 2048w, https:\/\/www.teammeter.com\/wp-content\/uploads\/2024\/12\/Capture-decran-2024-12-10-a-16.02.34-18x9.png 18w\" sizes=\"(max-width: 2882px) 100vw, 2882px\" \/><\/figure>\n\n\n\n<figure class=\"gb-block-image gb-block-image-db0c9018\"><img decoding=\"async\" width=\"2882\" height=\"1480\" class=\"gb-image gb-image-db0c9018\" src=\"https:\/\/www.teammeter.com\/wp-content\/uploads\/2024\/12\/Capture-decran-2024-12-10-a-16.02.45.png\" alt=\"\" title=\"Capture-decran-2024-12-10-a-16.02.45\" srcset=\"https:\/\/www.teammeter.com\/wp-content\/uploads\/2024\/12\/Capture-decran-2024-12-10-a-16.02.45.png 2882w, https:\/\/www.teammeter.com\/wp-content\/uploads\/2024\/12\/Capture-decran-2024-12-10-a-16.02.45-300x154.png 300w, https:\/\/www.teammeter.com\/wp-content\/uploads\/2024\/12\/Capture-decran-2024-12-10-a-16.02.45-1024x526.png 1024w, https:\/\/www.teammeter.com\/wp-content\/uploads\/2024\/12\/Capture-decran-2024-12-10-a-16.02.45-768x394.png 768w, https:\/\/www.teammeter.com\/wp-content\/uploads\/2024\/12\/Capture-decran-2024-12-10-a-16.02.45-1536x789.png 1536w, https:\/\/www.teammeter.com\/wp-content\/uploads\/2024\/12\/Capture-decran-2024-12-10-a-16.02.45-2048x1052.png 2048w, https:\/\/www.teammeter.com\/wp-content\/uploads\/2024\/12\/Capture-decran-2024-12-10-a-16.02.45-18x9.png 18w\" sizes=\"(max-width: 2882px) 100vw, 2882px\" \/><\/figure>\n\n<\/div>\n<\/div>\n<\/div><\/details>\n\n<\/div>\n<\/div>\n\n<div class=\"gb-container gb-container-db2401ad shadow\">\n<div class=\"gb-container gb-container-b4e132f8\">\n\n<details class=\"wp-block-details is-layout-flow wp-block-details-is-layout-flow\" style=\"font-size:22px\"><summary>Inviter les employ\u00e9s \u00e0 une unit\u00e9 \ud83d\udd0e<\/summary><div class=\"gb-container gb-container-5085b7de\">\n<div class=\"gb-container gb-container-75659bdf\">\n\n<h4 class=\"wp-block-heading\" style=\"font-size:16px\">Inviter les employ\u00e9s \u00e0 une unit\u00e9 :<\/h4>\n\n\n\n<p style=\"font-size:16px\">Comment ajouter de nouveaux membres \u00e0 l'unit\u00e9 ? <a href=\"#invite-employee-to-a-team\" data-type=\"internal\" data-id=\"#invite-employee-to-a-team\" target=\"_blank\" rel=\"noreferrer noopener\">Il suffit de suivre la m\u00eame proc\u00e9dure pour inviter un employ\u00e9 dans une \u00e9quipe.<\/a> \ud83d\ude0e<\/p>\n\n\n\n<p style=\"font-size:16px\">L'invitation d'un employ\u00e9 dans une unit\u00e9 lui donne acc\u00e8s \u00e0 la section de l'unit\u00e9, offrant une structure claire et organis\u00e9e. Les membres ont acc\u00e8s \u00e0 des rapports cl\u00e9s, tels que les m\u00e9triques de comp\u00e9tences, qui indiquent le nombre de personnes disponibles ou manquantes \u00e0 chaque niveau de comp\u00e9tence. De plus, ils peuvent cr\u00e9er des mod\u00e8les de \"health check\" au sein de l\u2019unit\u00e9.<\/p>\n\n<\/div>\n<\/div><\/details>\n\n<\/div>\n<\/div>\n\n<div class=\"gb-container gb-container-1e19d4c5 shadow\">\n<div class=\"gb-container gb-container-477b36f4\">\n\n<details class=\"wp-block-details is-layout-flow wp-block-details-is-layout-flow\" style=\"font-size:22px\"><summary>Inviter des utilisateurs en tant qu'administrateur \ud83d\udc65<\/summary><div class=\"gb-container gb-container-d7e45785\">\n<div class=\"gb-container gb-container-1a771311\">\n\n<h4 class=\"wp-block-heading\" style=\"font-size:16px\">Inviter des utilisateurs en tant qu'administrateur :<\/h4>\n\n\n\n<p style=\"font-size:16px\">En tant qu'administrateur, vous pouvez consulter la liste de tous les utilisateurs de votre entreprise. Vous pouvez inviter des personnes, leur attribuer des autorisations sp\u00e9cifiques (administrateur, employ\u00e9, responsable RH, administrateur du catalogue de comp\u00e9tences) et les ajouter \u00e0 une \u00e9quipe ou \u00e0 une unit\u00e9. <\/p>\n\n\n\n<p style=\"font-size:16px\"><a href=\"https:\/\/www.teammeter.com\/fr\/roles-dans-le-teammeter\/\" target=\"_blank\" data-type=\"link\" data-id=\"https:\/\/www.teammeter.com\/roles-in-teammeter\" rel=\"noreferrer noopener\">Vous voulez en savoir plus sur les permissions dans Teammeter ?<\/a><\/p>\n\n\n\n<p style=\"font-size:16px\">Comment ajouter un nouvel utilisateur ? Allez sur la page de l'utilisateur, cliquez sur le bouton \"+ Inviter\", puis entrez le nom et l'adresse \u00e9lectronique de l'utilisateur.<\/p>\n\n\n<div class=\"gb-container gb-container-b761d5b0\">\n\n<figure class=\"gb-block-image gb-block-image-d53d3b4f\"><img decoding=\"async\" width=\"3107\" height=\"1548\" class=\"gb-image gb-image-d53d3b4f\" src=\"https:\/\/www.teammeter.com\/wp-content\/uploads\/2024\/12\/users.png\" alt=\"\" title=\"utilisateurs\" srcset=\"https:\/\/www.teammeter.com\/wp-content\/uploads\/2024\/12\/users.png 3107w, https:\/\/www.teammeter.com\/wp-content\/uploads\/2024\/12\/users-300x149.png 300w, https:\/\/www.teammeter.com\/wp-content\/uploads\/2024\/12\/users-1024x510.png 1024w, https:\/\/www.teammeter.com\/wp-content\/uploads\/2024\/12\/users-768x383.png 768w, https:\/\/www.teammeter.com\/wp-content\/uploads\/2024\/12\/users-1536x765.png 1536w, https:\/\/www.teammeter.com\/wp-content\/uploads\/2024\/12\/users-2048x1020.png 2048w, https:\/\/www.teammeter.com\/wp-content\/uploads\/2024\/12\/users-18x9.png 18w\" sizes=\"(max-width: 3107px) 100vw, 3107px\" \/><\/figure>\n\n\n\n<figure class=\"gb-block-image gb-block-image-a6090695\"><img decoding=\"async\" width=\"2510\" height=\"1260\" class=\"gb-image gb-image-a6090695\" src=\"https:\/\/www.teammeter.com\/wp-content\/uploads\/2024\/12\/Capture-decran-2024-12-10-a-10.30.52.png\" alt=\"\" title=\"Capture-decran-2024-12-10-a-10.30.52\" srcset=\"https:\/\/www.teammeter.com\/wp-content\/uploads\/2024\/12\/Capture-decran-2024-12-10-a-10.30.52.png 2510w, https:\/\/www.teammeter.com\/wp-content\/uploads\/2024\/12\/Capture-decran-2024-12-10-a-10.30.52-300x151.png 300w, https:\/\/www.teammeter.com\/wp-content\/uploads\/2024\/12\/Capture-decran-2024-12-10-a-10.30.52-1024x514.png 1024w, https:\/\/www.teammeter.com\/wp-content\/uploads\/2024\/12\/Capture-decran-2024-12-10-a-10.30.52-768x386.png 768w, https:\/\/www.teammeter.com\/wp-content\/uploads\/2024\/12\/Capture-decran-2024-12-10-a-10.30.52-1536x771.png 1536w, https:\/\/www.teammeter.com\/wp-content\/uploads\/2024\/12\/Capture-decran-2024-12-10-a-10.30.52-2048x1028.png 2048w, https:\/\/www.teammeter.com\/wp-content\/uploads\/2024\/12\/Capture-decran-2024-12-10-a-10.30.52-18x9.png 18w\" sizes=\"(max-width: 2510px) 100vw, 2510px\" \/><\/figure>\n\n<\/div>\n<\/div>\n<\/div><\/details>\n\n<\/div>\n<\/div>\n\n\n<div style=\"height:15px\" aria-hidden=\"true\" class=\"wp-block-spacer\"><\/div>\n\n<\/div>","protected":false},"excerpt":{"rendered":"<p>Vous souhaitez inviter des employ\u00e9s \u00e0 Teammeter ? Vous \u00eates au bon endroit ! Il y a plusieurs fa\u00e7ons d'ajouter des employ\u00e9s au Teammeter, en fonction de leur r\u00f4le et de leur fonction au sein de votre entreprise. Pour simplifier le processus, nous avons d\u00e9crit les options ci-dessous pour vous aider \u00e0 comprendre clairement les diff\u00e9rences : Voici comment commencer !<\/p>","protected":false},"author":5,"featured_media":0,"parent":1221,"menu_order":0,"comment_status":"closed","ping_status":"closed","template":"","meta":{"inline_featured_image":false,"footnotes":""},"class_list":["post-8043","page","type-page","status-publish"],"_links":{"self":[{"href":"https:\/\/www.teammeter.com\/fr\/wp-json\/wp\/v2\/pages\/8043","targetHints":{"allow":["GET"]}}],"collection":[{"href":"https:\/\/www.teammeter.com\/fr\/wp-json\/wp\/v2\/pages"}],"about":[{"href":"https:\/\/www.teammeter.com\/fr\/wp-json\/wp\/v2\/types\/page"}],"author":[{"embeddable":true,"href":"https:\/\/www.teammeter.com\/fr\/wp-json\/wp\/v2\/users\/5"}],"replies":[{"embeddable":true,"href":"https:\/\/www.teammeter.com\/fr\/wp-json\/wp\/v2\/comments?post=8043"}],"version-history":[{"count":63,"href":"https:\/\/www.teammeter.com\/fr\/wp-json\/wp\/v2\/pages\/8043\/revisions"}],"predecessor-version":[{"id":9042,"href":"https:\/\/www.teammeter.com\/fr\/wp-json\/wp\/v2\/pages\/8043\/revisions\/9042"}],"up":[{"embeddable":true,"href":"https:\/\/www.teammeter.com\/fr\/wp-json\/wp\/v2\/pages\/1221"}],"wp:attachment":[{"href":"https:\/\/www.teammeter.com\/fr\/wp-json\/wp\/v2\/media?parent=8043"}],"curies":[{"name":"wp","href":"https:\/\/api.w.org\/{rel}","templated":true}]}}